{"id":19,"date":"2025-09-21T16:56:23","date_gmt":"2025-09-21T16:56:23","guid":{"rendered":"https:\/\/onevintagewholesale.com\/?page_id=19"},"modified":"2025-10-15T09:40:00","modified_gmt":"2025-10-15T09:40:00","slug":"home","status":"publish","type":"page","link":"https:\/\/onevintagewholesale.com\/de\/","title":{"rendered":"Startseite"},"content":{"rendered":"","protected":false},"excerpt":{"rendered":"","protected":false},"author":1,"featured_media":0,"parent":0,"menu_order":0,"comment_status":"closed","ping_status":"closed","template":"","meta":{"inline_featured_image":false,"footnotes":""},"class_list":["post-19","page","type-page","status-publish","hentry"],"yoast_head":"<!-- This site is optimized with the Yoast SEO plugin v26.9 - https:\/\/yoast.com\/product\/yoast-seo-wordpress\/ -->\n<title>Home - Onevintage Wholesale<\/title>\n<meta name=\"description\" content=\"Op zoek naar een vintage en tweedehands kleding groothandel waar je kleding voor jouw winkel kan inkopen? Dan ben je bij ons aan het goede adres. ONEvintagewholesale is de groothandel voor high-end vintage en 2de hands merkkleding.\" \/>\n<meta name=\"robots\" content=\"index, follow, max-snippet:-1, max-image-preview:large, max-video-preview:-1\" \/>\n<link rel=\"canonical\" href=\"https:\/\/onevintagewholesale.com\/de\/\" \/>\n<meta property=\"og:locale\" content=\"de_DE\" \/>\n<meta property=\"og:type\" content=\"article\" \/>\n<meta property=\"og:title\" content=\"Home - Onevintage Wholesale\" \/>\n<meta property=\"og:description\" content=\"Op zoek naar een vintage en tweedehands kleding groothandel waar je kleding voor jouw winkel kan inkopen? Dan ben je bij ons aan het goede adres. ONEvintagewholesale is de groothandel voor high-end vintage en 2de hands merkkleding.\" \/>\n<meta property=\"og:url\" content=\"https:\/\/onevintagewholesale.com\/de\/\" \/>\n<meta property=\"og:site_name\" content=\"Onevintage Wholesale\" \/>\n<meta property=\"article:modified_time\" content=\"2025-10-15T09:40:00+00:00\" \/>\n<meta name=\"twitter:card\" content=\"summary_large_image\" \/>\n<script type=\"application\/ld+json\" class=\"yoast-schema-graph\">{\"@context\":\"https:\/\/schema.org\",\"@graph\":[{\"@type\":\"WebPage\",\"@id\":\"https:\/\/onevintagewholesale.com\/\",\"url\":\"https:\/\/onevintagewholesale.com\/\",\"name\":\"Home - Onevintage Wholesale\",\"isPartOf\":{\"@id\":\"https:\/\/onevintagewholesale.com\/#website\"},\"datePublished\":\"2025-09-21T16:56:23+00:00\",\"dateModified\":\"2025-10-15T09:40:00+00:00\",\"description\":\"Op zoek naar een vintage en tweedehands kleding groothandel waar je kleding voor jouw winkel kan inkopen? Dan ben je bij ons aan het goede adres. ONEvintagewholesale is de groothandel voor high-end vintage en 2de hands merkkleding.\",\"breadcrumb\":{\"@id\":\"https:\/\/onevintagewholesale.com\/#breadcrumb\"},\"inLanguage\":\"de\",\"potentialAction\":[{\"@type\":\"ReadAction\",\"target\":[\"https:\/\/onevintagewholesale.com\/\"]}]},{\"@type\":\"BreadcrumbList\",\"@id\":\"https:\/\/onevintagewholesale.com\/#breadcrumb\",\"itemListElement\":[{\"@type\":\"ListItem\",\"position\":1,\"name\":\"Home\",\"item\":\"https:\/\/onevintagewholesale.com\/\"},{\"@type\":\"ListItem\",\"position\":2,\"name\":\"Home\"}]},{\"@type\":\"WebSite\",\"@id\":\"https:\/\/onevintagewholesale.com\/#website\",\"url\":\"https:\/\/onevintagewholesale.com\/\",\"name\":\"Onevintage Wholesale\",\"description\":\"Een vintage en tweedehands kleding groothandel.\",\"potentialAction\":[{\"@type\":\"SearchAction\",\"target\":{\"@type\":\"EntryPoint\",\"urlTemplate\":\"https:\/\/onevintagewholesale.com\/?s={search_term_string}\"},\"query-input\":{\"@type\":\"PropertyValueSpecification\",\"valueRequired\":true,\"valueName\":\"search_term_string\"}}],\"inLanguage\":\"de\"}]}<\/script>\n<!-- \/ Yoast SEO plugin. -->","yoast_head_json":{"title":"Startseite - Onevintage Gro\u00dfhandel","description":"Sie suchen einen Gro\u00dfh\u00e4ndler f\u00fcr Vintage- und Secondhand-Kleidung, bei dem Sie Kleidung f\u00fcr Ihr Gesch\u00e4ft beziehen k\u00f6nnen? Dann sind Sie bei uns genau richtig. ONEvintagewholesale ist der Gro\u00dfh\u00e4ndler f\u00fcr hochwertige Vintage- und 2nd-Hand-Markenkleidung.","robots":{"index":"index","follow":"follow","max-snippet":"max-snippet:-1","max-image-preview":"max-image-preview:large","max-video-preview":"max-video-preview:-1"},"canonical":"https:\/\/onevintagewholesale.com\/de\/","og_locale":"de_DE","og_type":"article","og_title":"Home - Onevintage Wholesale","og_description":"Op zoek naar een vintage en tweedehands kleding groothandel waar je kleding voor jouw winkel kan inkopen? Dan ben je bij ons aan het goede adres. ONEvintagewholesale is de groothandel voor high-end vintage en 2de hands merkkleding.","og_url":"https:\/\/onevintagewholesale.com\/de\/","og_site_name":"Onevintage Wholesale","article_modified_time":"2025-10-15T09:40:00+00:00","twitter_card":"summary_large_image","schema":{"@context":"https:\/\/schema.org","@graph":[{"@type":"WebPage","@id":"https:\/\/onevintagewholesale.com\/","url":"https:\/\/onevintagewholesale.com\/","name":"Startseite - Onevintage Gro\u00dfhandel","isPartOf":{"@id":"https:\/\/onevintagewholesale.com\/#website"},"datePublished":"2025-09-21T16:56:23+00:00","dateModified":"2025-10-15T09:40:00+00:00","description":"Sie suchen einen Gro\u00dfh\u00e4ndler f\u00fcr Vintage- und Secondhand-Kleidung, bei dem Sie Kleidung f\u00fcr Ihr Gesch\u00e4ft beziehen k\u00f6nnen? Dann sind Sie bei uns genau richtig. ONEvintagewholesale ist der Gro\u00dfh\u00e4ndler f\u00fcr hochwertige Vintage- und 2nd-Hand-Markenkleidung.","breadcrumb":{"@id":"https:\/\/onevintagewholesale.com\/#breadcrumb"},"inLanguage":"de","potentialAction":[{"@type":"ReadAction","target":["https:\/\/onevintagewholesale.com\/"]}]},{"@type":"BreadcrumbList","@id":"https:\/\/onevintagewholesale.com\/#breadcrumb","itemListElement":[{"@type":"ListItem","position":1,"name":"Home","item":"https:\/\/onevintagewholesale.com\/"},{"@type":"ListItem","position":2,"name":"Home"}]},{"@type":"WebSite","@id":"https:\/\/onevintagewholesale.com\/#website","url":"https:\/\/onevintagewholesale.com\/","name":"Onevintage-Gro\u00dfhandel","description":"Ein Gro\u00dfh\u00e4ndler f\u00fcr Vintage- und Secondhand-Kleidung.","potentialAction":[{"@type":"SearchAction","target":{"@type":"EntryPoint","urlTemplate":"https:\/\/onevintagewholesale.com\/?s={search_term_string}"},"query-input":{"@type":"PropertyValueSpecification","valueRequired":true,"valueName":"search_term_string"}}],"inLanguage":"de"}]}},"jetpack_sharing_enabled":true,"_links":{"self":[{"href":"https:\/\/onevintagewholesale.com\/de\/wp-json\/wp\/v2\/pages\/19","targetHints":{"allow":["GET"]}}],"collection":[{"href":"https:\/\/onevintagewholesale.com\/de\/wp-json\/wp\/v2\/pages"}],"about":[{"href":"https:\/\/onevintagewholesale.com\/de\/wp-json\/wp\/v2\/types\/page"}],"author":[{"embeddable":true,"href":"https:\/\/onevintagewholesale.com\/de\/wp-json\/wp\/v2\/users\/1"}],"replies":[{"embeddable":true,"href":"https:\/\/onevintagewholesale.com\/de\/wp-json\/wp\/v2\/comments?post=19"}],"version-history":[{"count":1,"href":"https:\/\/onevintagewholesale.com\/de\/wp-json\/wp\/v2\/pages\/19\/revisions"}],"predecessor-version":[{"id":20,"href":"https:\/\/onevintagewholesale.com\/de\/wp-json\/wp\/v2\/pages\/19\/revisions\/20"}],"wp:attachment":[{"href":"https:\/\/onevintagewholesale.com\/de\/wp-json\/wp\/v2\/media?parent=19"}],"curies":[{"name":"wp","href":"https:\/\/api.w.org\/{rel}","templated":true}]}}