{"id":446,"date":"2025-11-05T08:07:03","date_gmt":"2025-11-05T08:07:03","guid":{"rendered":"https:\/\/onevintagewholesale.com\/?page_id=446"},"modified":"2025-11-05T08:07:04","modified_gmt":"2025-11-05T08:07:04","slug":"seller-boxen","status":"publish","type":"page","link":"https:\/\/onevintagewholesale.com\/de\/seller-boxen\/","title":{"rendered":"Verk\u00e4ufer-Boxen"},"content":{"rendered":"","protected":false},"excerpt":{"rendered":"","protected":false},"author":1,"featured_media":0,"parent":0,"menu_order":0,"comment_status":"closed","ping_status":"closed","template":"","meta":{"inline_featured_image":false,"footnotes":""},"class_list":["post-446","page","type-page","status-publish","hentry"],"yoast_head":"<!-- This site is optimized with the Yoast SEO plugin v26.9 - https:\/\/yoast.com\/product\/yoast-seo-wordpress\/ -->\n<title>Seller boxen - Onevintage Wholesale<\/title>\n<meta name=\"robots\" content=\"index, follow, max-snippet:-1, max-image-preview:large, max-video-preview:-1\" \/>\n<link rel=\"canonical\" href=\"https:\/\/onevintagewholesale.com\/de\/seller-boxen\/\" \/>\n<meta property=\"og:locale\" content=\"de_DE\" \/>\n<meta property=\"og:type\" content=\"article\" \/>\n<meta property=\"og:title\" content=\"Seller boxen - Onevintage Wholesale\" \/>\n<meta property=\"og:url\" content=\"https:\/\/onevintagewholesale.com\/de\/seller-boxen\/\" \/>\n<meta property=\"og:site_name\" content=\"Onevintage Wholesale\" \/>\n<meta property=\"article:modified_time\" content=\"2025-11-05T08:07:04+00:00\" \/>\n<meta name=\"twitter:card\" content=\"summary_large_image\" \/>\n<script type=\"application\/ld+json\" class=\"yoast-schema-graph\">{\"@context\":\"https:\/\/schema.org\",\"@graph\":[{\"@type\":\"WebPage\",\"@id\":\"https:\/\/onevintagewholesale.com\/seller-boxen\/\",\"url\":\"https:\/\/onevintagewholesale.com\/seller-boxen\/\",\"name\":\"Seller boxen - Onevintage Wholesale\",\"isPartOf\":{\"@id\":\"https:\/\/onevintagewholesale.com\/#website\"},\"datePublished\":\"2025-11-05T08:07:03+00:00\",\"dateModified\":\"2025-11-05T08:07:04+00:00\",\"breadcrumb\":{\"@id\":\"https:\/\/onevintagewholesale.com\/seller-boxen\/#breadcrumb\"},\"inLanguage\":\"de\",\"potentialAction\":[{\"@type\":\"ReadAction\",\"target\":[\"https:\/\/onevintagewholesale.com\/seller-boxen\/\"]}]},{\"@type\":\"BreadcrumbList\",\"@id\":\"https:\/\/onevintagewholesale.com\/seller-boxen\/#breadcrumb\",\"itemListElement\":[{\"@type\":\"ListItem\",\"position\":1,\"name\":\"Home\",\"item\":\"https:\/\/onevintagewholesale.com\/\"},{\"@type\":\"ListItem\",\"position\":2,\"name\":\"Seller boxen\"}]},{\"@type\":\"WebSite\",\"@id\":\"https:\/\/onevintagewholesale.com\/#website\",\"url\":\"https:\/\/onevintagewholesale.com\/\",\"name\":\"Onevintage Wholesale\",\"description\":\"Een vintage en tweedehands kleding groothandel.\",\"potentialAction\":[{\"@type\":\"SearchAction\",\"target\":{\"@type\":\"EntryPoint\",\"urlTemplate\":\"https:\/\/onevintagewholesale.com\/?s={search_term_string}\"},\"query-input\":{\"@type\":\"PropertyValueSpecification\",\"valueRequired\":true,\"valueName\":\"search_term_string\"}}],\"inLanguage\":\"de\"}]}<\/script>\n<!-- \/ Yoast SEO plugin. -->","yoast_head_json":{"title":"Verk\u00e4uferboxen - Onevintage Gro\u00dfhandel","robots":{"index":"index","follow":"follow","max-snippet":"max-snippet:-1","max-image-preview":"max-image-preview:large","max-video-preview":"max-video-preview:-1"},"canonical":"https:\/\/onevintagewholesale.com\/de\/seller-boxen\/","og_locale":"de_DE","og_type":"article","og_title":"Seller boxen - Onevintage Wholesale","og_url":"https:\/\/onevintagewholesale.com\/de\/seller-boxen\/","og_site_name":"Onevintage Wholesale","article_modified_time":"2025-11-05T08:07:04+00:00","twitter_card":"summary_large_image","schema":{"@context":"https:\/\/schema.org","@graph":[{"@type":"WebPage","@id":"https:\/\/onevintagewholesale.com\/seller-boxen\/","url":"https:\/\/onevintagewholesale.com\/seller-boxen\/","name":"Verk\u00e4uferboxen - Onevintage Gro\u00dfhandel","isPartOf":{"@id":"https:\/\/onevintagewholesale.com\/#website"},"datePublished":"2025-11-05T08:07:03+00:00","dateModified":"2025-11-05T08:07:04+00:00","breadcrumb":{"@id":"https:\/\/onevintagewholesale.com\/seller-boxen\/#breadcrumb"},"inLanguage":"de","potentialAction":[{"@type":"ReadAction","target":["https:\/\/onevintagewholesale.com\/seller-boxen\/"]}]},{"@type":"BreadcrumbList","@id":"https:\/\/onevintagewholesale.com\/seller-boxen\/#breadcrumb","itemListElement":[{"@type":"ListItem","position":1,"name":"Home","item":"https:\/\/onevintagewholesale.com\/"},{"@type":"ListItem","position":2,"name":"Seller boxen"}]},{"@type":"WebSite","@id":"https:\/\/onevintagewholesale.com\/#website","url":"https:\/\/onevintagewholesale.com\/","name":"Onevintage-Gro\u00dfhandel","description":"Ein Gro\u00dfh\u00e4ndler f\u00fcr Vintage- und Secondhand-Kleidung.","potentialAction":[{"@type":"SearchAction","target":{"@type":"EntryPoint","urlTemplate":"https:\/\/onevintagewholesale.com\/?s={search_term_string}"},"query-input":{"@type":"PropertyValueSpecification","valueRequired":true,"valueName":"search_term_string"}}],"inLanguage":"de"}]}},"jetpack_sharing_enabled":true,"_links":{"self":[{"href":"https:\/\/onevintagewholesale.com\/de\/wp-json\/wp\/v2\/pages\/446","targetHints":{"allow":["GET"]}}],"collection":[{"href":"https:\/\/onevintagewholesale.com\/de\/wp-json\/wp\/v2\/pages"}],"about":[{"href":"https:\/\/onevintagewholesale.com\/de\/wp-json\/wp\/v2\/types\/page"}],"author":[{"embeddable":true,"href":"https:\/\/onevintagewholesale.com\/de\/wp-json\/wp\/v2\/users\/1"}],"replies":[{"embeddable":true,"href":"https:\/\/onevintagewholesale.com\/de\/wp-json\/wp\/v2\/comments?post=446"}],"version-history":[{"count":1,"href":"https:\/\/onevintagewholesale.com\/de\/wp-json\/wp\/v2\/pages\/446\/revisions"}],"predecessor-version":[{"id":447,"href":"https:\/\/onevintagewholesale.com\/de\/wp-json\/wp\/v2\/pages\/446\/revisions\/447"}],"wp:attachment":[{"href":"https:\/\/onevintagewholesale.com\/de\/wp-json\/wp\/v2\/media?parent=446"}],"curies":[{"name":"wp","href":"https:\/\/api.w.org\/{rel}","templated":true}]}}