{"id":102,"date":"2025-09-22T08:53:07","date_gmt":"2025-09-22T08:53:07","guid":{"rendered":"https:\/\/onevintagewholesale.com\/?post_type=product&#038;p=102"},"modified":"2026-03-30T09:33:29","modified_gmt":"2026-03-30T09:33:29","slug":"branded-mix-kilobox","status":"publish","type":"product","link":"https:\/\/onevintagewholesale.com\/de\/produkt\/branded-mix-kilobox\/","title":{"rendered":"20 Kilo Vintage- und 2nd-Hand-Kleidungsmix"},"content":{"rendered":"<p><strong>Kiste mit 20 Kilo Vintage- und Secondhand-Kleidung von verschiedenen Marken.<\/strong><\/p>\n<p>Diese Kiste enth\u00e4lt 20 kg Kleidungsst\u00fccke von verschiedenen Marken. Denken Sie an Marken wie: Ralph Lauren, Tommy Hilfiger, Lacoste, Nike, Adidas, The North Face, und viele mehr.<\/p>\n<p>In der Box k\u00f6nnen Sie folgende Artikel finden: T-Shirts, lang\u00e4rmelige Hemden, Polos, Pullover, Hemden, Blusen, Jeans und Jacken. Sie finden in der Box sowohl M\u00e4nner- als auch Frauenkleidung. Wir sorgen immer daf\u00fcr, dass Ihre Bestellung eine einzigartige Mischung ist und +- 50 verschiedene Kleidungsst\u00fccke aus unserer Kollektion enth\u00e4lt.<\/p>\n<p>Die Gr\u00f6\u00dfen liegen haupts\u00e4chlich zwischen XS und XL. Sie k\u00f6nnen jedoch auch einige gr\u00f6\u00dfere oder kleinere Artikel erhalten.<\/p>\n<p>Die Fotos sind nur eine Demonstration der Artikel, die Sie erhalten k\u00f6nnen, Sie werden \u00e4hnliche Artikel aus unserem Sortiment erhalten. Aus den Fotos k\u00f6nnen keine Rechte abgeleitet werden.<\/p>\n<p>Die Kleidungsst\u00fccke haben im Allgemeinen keine M\u00e4ngel (G\u00fcteklasse A). Bitte beachten Sie jedoch 15-20% Grade B Prozentsatz Elemente (Elemente mit M\u00e4ngeln) in diesem B\u00fcndel aufgrund von menschlichen Fehlern bei der \u00dcberpr\u00fcfung und Sortierung der Kleidung in unserem Bekleidungsgro\u00dfh\u00e4ndler.<\/p>","protected":false},"excerpt":{"rendered":"<p>Diese 20-Kilo-Kleiderkiste enth\u00e4lt eine sorgf\u00e4ltig ausgew\u00e4hlte Mischung aus Vintage- und Second-Hand-Markenkleidung.<\/p>\n<p>Sie erhalten eine Vielzahl von T-Shirts, Pullovern, Hemden, Polos, Jeans und Jacken von Marken wie Ralph Lauren, Nike, Levi's und Tommy Hilfiger. Ideal f\u00fcr Wiederverk\u00e4ufer und Vintage-L\u00e4den, die in gro\u00dfen Mengen einkaufen m\u00f6chten.<\/p>","protected":false},"featured_media":337,"comment_status":"open","ping_status":"closed","template":"","meta":{"inline_featured_image":false},"product_brand":[],"product_cat":[48],"product_tag":[],"class_list":{"0":"post-102","1":"product","2":"type-product","3":"status-publish","4":"has-post-thumbnail","6":"product_cat-boxen","8":"first","9":"outofstock","10":"shipping-taxable","11":"purchasable","12":"product-type-simple"},"yoast_head":"<!-- This site is optimized with the Yoast SEO plugin v26.9 - https:\/\/yoast.com\/product\/yoast-seo-wordpress\/ -->\n<title>20 Kilo Vintage &amp; 2dehands kledingmix - Onevintage Wholesale<\/title>\n<meta name=\"description\" content=\"Ontvang 20 kilo vintage en tweedehands merkkleding van topmerken zoals Nike, Levi\u2019s en Tommy Hilfiger. Unieke mix, perfect voor resellers en shops!\" \/>\n<meta name=\"robots\" content=\"index, follow, max-snippet:-1, max-image-preview:large, max-video-preview:-1\" \/>\n<link rel=\"canonical\" href=\"https:\/\/onevintagewholesale.com\/de\/produkt\/branded-mix-kilobox\/\" \/>\n<meta property=\"og:locale\" content=\"de_DE\" \/>\n<meta property=\"og:type\" content=\"article\" \/>\n<meta property=\"og:title\" content=\"20 Kilo Vintage &amp; 2dehands kledingmix - Onevintage Wholesale\" \/>\n<meta property=\"og:description\" content=\"Ontvang 20 kilo vintage en tweedehands merkkleding van topmerken zoals Nike, Levi\u2019s en Tommy Hilfiger. Unieke mix, perfect voor resellers en shops!\" \/>\n<meta property=\"og:url\" content=\"https:\/\/onevintagewholesale.com\/de\/produkt\/branded-mix-kilobox\/\" \/>\n<meta property=\"og:site_name\" content=\"Onevintage Wholesale\" \/>\n<meta property=\"article:modified_time\" content=\"2026-03-30T09:33:29+00:00\" \/>\n<meta property=\"og:image\" content=\"https:\/\/onevintagewholesale.com\/wp-content\/uploads\/2025\/09\/doosbrandedmix.2.png\" \/>\n\t<meta property=\"og:image:width\" content=\"1000\" \/>\n\t<meta property=\"og:image:height\" content=\"900\" \/>\n\t<meta property=\"og:image:type\" content=\"image\/png\" \/>\n<meta name=\"twitter:card\" content=\"summary_large_image\" \/>\n<meta name=\"twitter:label1\" content=\"Gesch\u00e4tzte Lesezeit\" \/>\n\t<meta name=\"twitter:data1\" content=\"2\u00a0Minuten\" \/>\n<script type=\"application\/ld+json\" class=\"yoast-schema-graph\">{\"@context\":\"https:\/\/schema.org\",\"@graph\":[{\"@type\":\"WebPage\",\"@id\":\"https:\/\/onevintagewholesale.com\/product\/branded-mix-kilobox\/\",\"url\":\"https:\/\/onevintagewholesale.com\/product\/branded-mix-kilobox\/\",\"name\":\"20 Kilo Vintage & 2dehands kledingmix - Onevintage Wholesale\",\"isPartOf\":{\"@id\":\"https:\/\/onevintagewholesale.com\/#website\"},\"primaryImageOfPage\":{\"@id\":\"https:\/\/onevintagewholesale.com\/product\/branded-mix-kilobox\/#primaryimage\"},\"image\":{\"@id\":\"https:\/\/onevintagewholesale.com\/product\/branded-mix-kilobox\/#primaryimage\"},\"thumbnailUrl\":\"https:\/\/onevintagewholesale.com\/wp-content\/uploads\/2025\/09\/doosbrandedmix.2.png\",\"datePublished\":\"2025-09-22T08:53:07+00:00\",\"dateModified\":\"2026-03-30T09:33:29+00:00\",\"description\":\"Ontvang 20 kilo vintage en tweedehands merkkleding van topmerken zoals Nike, Levi\u2019s en Tommy Hilfiger. Unieke mix, perfect voor resellers en shops!\",\"breadcrumb\":{\"@id\":\"https:\/\/onevintagewholesale.com\/product\/branded-mix-kilobox\/#breadcrumb\"},\"inLanguage\":\"de\",\"potentialAction\":[{\"@type\":\"ReadAction\",\"target\":[\"https:\/\/onevintagewholesale.com\/product\/branded-mix-kilobox\/\"]}]},{\"@type\":\"ImageObject\",\"inLanguage\":\"de\",\"@id\":\"https:\/\/onevintagewholesale.com\/product\/branded-mix-kilobox\/#primaryimage\",\"url\":\"https:\/\/onevintagewholesale.com\/wp-content\/uploads\/2025\/09\/doosbrandedmix.2.png\",\"contentUrl\":\"https:\/\/onevintagewholesale.com\/wp-content\/uploads\/2025\/09\/doosbrandedmix.2.png\",\"width\":1000,\"height\":900,\"caption\":\"branded mix\"},{\"@type\":\"BreadcrumbList\",\"@id\":\"https:\/\/onevintagewholesale.com\/product\/branded-mix-kilobox\/#breadcrumb\",\"itemListElement\":[{\"@type\":\"ListItem\",\"position\":1,\"name\":\"Home\",\"item\":\"https:\/\/onevintagewholesale.com\/\"},{\"@type\":\"ListItem\",\"position\":2,\"name\":\"Bundels\",\"item\":\"https:\/\/onevintagewholesale.com\/bundels\/\"},{\"@type\":\"ListItem\",\"position\":3,\"name\":\"20 Kilo Vintage &#038; 2dehands kledingmix\"}]},{\"@type\":\"WebSite\",\"@id\":\"https:\/\/onevintagewholesale.com\/#website\",\"url\":\"https:\/\/onevintagewholesale.com\/\",\"name\":\"Onevintage Wholesale\",\"description\":\"Een vintage en tweedehands kleding groothandel.\",\"potentialAction\":[{\"@type\":\"SearchAction\",\"target\":{\"@type\":\"EntryPoint\",\"urlTemplate\":\"https:\/\/onevintagewholesale.com\/?s={search_term_string}\"},\"query-input\":{\"@type\":\"PropertyValueSpecification\",\"valueRequired\":true,\"valueName\":\"search_term_string\"}}],\"inLanguage\":\"de\"}]}<\/script>\n<!-- \/ Yoast SEO plugin. -->","yoast_head_json":{"title":"20 Kilo Vintage & 2dehands kledingmix - Onevintage Wholesale","description":"Ontvang 20 kilo vintage en tweedehands merkkleding van topmerken zoals Nike, Levi\u2019s en Tommy Hilfiger. Unieke mix, perfect voor resellers en shops!","robots":{"index":"index","follow":"follow","max-snippet":"max-snippet:-1","max-image-preview":"max-image-preview:large","max-video-preview":"max-video-preview:-1"},"canonical":"https:\/\/onevintagewholesale.com\/de\/produkt\/branded-mix-kilobox\/","og_locale":"de_DE","og_type":"article","og_title":"20 Kilo Vintage & 2dehands kledingmix - Onevintage Wholesale","og_description":"Ontvang 20 kilo vintage en tweedehands merkkleding van topmerken zoals Nike, Levi\u2019s en Tommy Hilfiger. Unieke mix, perfect voor resellers en shops!","og_url":"https:\/\/onevintagewholesale.com\/de\/produkt\/branded-mix-kilobox\/","og_site_name":"Onevintage Wholesale","article_modified_time":"2026-03-30T09:33:29+00:00","og_image":[{"width":1000,"height":900,"url":"https:\/\/onevintagewholesale.com\/wp-content\/uploads\/2025\/09\/doosbrandedmix.2.png","type":"image\/png"}],"twitter_card":"summary_large_image","twitter_misc":{"Gesch\u00e4tzte Lesezeit":"2\u00a0Minuten"},"schema":{"@context":"https:\/\/schema.org","@graph":[{"@type":"WebPage","@id":"https:\/\/onevintagewholesale.com\/product\/branded-mix-kilobox\/","url":"https:\/\/onevintagewholesale.com\/product\/branded-mix-kilobox\/","name":"20 Kilo Vintage & 2dehands kledingmix - Onevintage Wholesale","isPartOf":{"@id":"https:\/\/onevintagewholesale.com\/#website"},"primaryImageOfPage":{"@id":"https:\/\/onevintagewholesale.com\/product\/branded-mix-kilobox\/#primaryimage"},"image":{"@id":"https:\/\/onevintagewholesale.com\/product\/branded-mix-kilobox\/#primaryimage"},"thumbnailUrl":"https:\/\/onevintagewholesale.com\/wp-content\/uploads\/2025\/09\/doosbrandedmix.2.png","datePublished":"2025-09-22T08:53:07+00:00","dateModified":"2026-03-30T09:33:29+00:00","description":"Ontvang 20 kilo vintage en tweedehands merkkleding van topmerken zoals Nike, Levi\u2019s en Tommy Hilfiger. Unieke mix, perfect voor resellers en shops!","breadcrumb":{"@id":"https:\/\/onevintagewholesale.com\/product\/branded-mix-kilobox\/#breadcrumb"},"inLanguage":"de","potentialAction":[{"@type":"ReadAction","target":["https:\/\/onevintagewholesale.com\/product\/branded-mix-kilobox\/"]}]},{"@type":"ImageObject","inLanguage":"de","@id":"https:\/\/onevintagewholesale.com\/product\/branded-mix-kilobox\/#primaryimage","url":"https:\/\/onevintagewholesale.com\/wp-content\/uploads\/2025\/09\/doosbrandedmix.2.png","contentUrl":"https:\/\/onevintagewholesale.com\/wp-content\/uploads\/2025\/09\/doosbrandedmix.2.png","width":1000,"height":900,"caption":"branded mix"},{"@type":"BreadcrumbList","@id":"https:\/\/onevintagewholesale.com\/product\/branded-mix-kilobox\/#breadcrumb","itemListElement":[{"@type":"ListItem","position":1,"name":"Home","item":"https:\/\/onevintagewholesale.com\/"},{"@type":"ListItem","position":2,"name":"Bundels","item":"https:\/\/onevintagewholesale.com\/bundels\/"},{"@type":"ListItem","position":3,"name":"20 Kilo Vintage &#038; 2dehands kledingmix"}]},{"@type":"WebSite","@id":"https:\/\/onevintagewholesale.com\/#website","url":"https:\/\/onevintagewholesale.com\/","name":"Onevintage-Gro\u00dfhandel","description":"Ein Gro\u00dfh\u00e4ndler f\u00fcr Vintage- und Secondhand-Kleidung.","potentialAction":[{"@type":"SearchAction","target":{"@type":"EntryPoint","urlTemplate":"https:\/\/onevintagewholesale.com\/?s={search_term_string}"},"query-input":{"@type":"PropertyValueSpecification","valueRequired":true,"valueName":"search_term_string"}}],"inLanguage":"de"}]}},"jetpack_sharing_enabled":true,"_links":{"self":[{"href":"https:\/\/onevintagewholesale.com\/de\/wp-json\/wp\/v2\/product\/102","targetHints":{"allow":["GET"]}}],"collection":[{"href":"https:\/\/onevintagewholesale.com\/de\/wp-json\/wp\/v2\/product"}],"about":[{"href":"https:\/\/onevintagewholesale.com\/de\/wp-json\/wp\/v2\/types\/product"}],"replies":[{"embeddable":true,"href":"https:\/\/onevintagewholesale.com\/de\/wp-json\/wp\/v2\/comments?post=102"}],"wp:featuredmedia":[{"embeddable":true,"href":"https:\/\/onevintagewholesale.com\/de\/wp-json\/wp\/v2\/media\/337"}],"wp:attachment":[{"href":"https:\/\/onevintagewholesale.com\/de\/wp-json\/wp\/v2\/media?parent=102"}],"wp:term":[{"taxonomy":"product_brand","embeddable":true,"href":"https:\/\/onevintagewholesale.com\/de\/wp-json\/wp\/v2\/product_brand?post=102"},{"taxonomy":"product_cat","embeddable":true,"href":"https:\/\/onevintagewholesale.com\/de\/wp-json\/wp\/v2\/product_cat?post=102"},{"taxonomy":"product_tag","embeddable":true,"href":"https:\/\/onevintagewholesale.com\/de\/wp-json\/wp\/v2\/product_tag?post=102"}],"curies":[{"name":"wp","href":"https:\/\/api.w.org\/{rel}","templated":true}]}}