{"id":108,"date":"2025-09-22T08:56:01","date_gmt":"2025-09-22T08:56:01","guid":{"rendered":"https:\/\/onevintagewholesale.com\/?post_type=product&#038;p=108"},"modified":"2025-12-12T15:40:25","modified_gmt":"2025-12-12T15:40:25","slug":"the-north-face-fleeces","status":"publish","type":"product","link":"https:\/\/onevintagewholesale.com\/de\/produkt\/the-north-face-fleeces\/","title":{"rendered":"The North Face Fleece-Jacken"},"content":{"rendered":"<p><strong>Alte und gebrauchte The North Face Fleecejacken<\/strong><\/p>\n<p>Dieses Bundle enth\u00e4lt eine Mischung aus alten und gebrauchten Fleecejacken von The North Face. Jede Box wird von Hand zusammengestellt, sodass Sie immer eine einzigartige Auswahl an verschiedenen Modellen, Farben und Stilen erhalten.<\/p>\n<p>Die Gr\u00f6\u00dfen liegen haupts\u00e4chlich zwischen M und XXL, aber auch kleinere oder gr\u00f6\u00dfere Gr\u00f6\u00dfen k\u00f6nnen dazwischen liegen.<\/p>\n<p>Die Fotos dienen als Vorschau auf die Art der Vliese, die Sie erhalten k\u00f6nnen. Sie erhalten \u00e4hnliche Artikel aus unserem Bestand; aus den Bildern k\u00f6nnen keine Rechte abgeleitet werden.<\/p>\n<p>Die Fleecejacken sind im Allgemeinen von ausgezeichneter Qualit\u00e4t (G\u00fcteklasse A). Bitte rechnen Sie mit einem kleinen Prozentsatz an Grad-B-Artikeln (leichte M\u00e4ngel), die aufgrund menschlicher Fehler bei der Kontrolle und Sortierung in unserem Bekleidungsgro\u00dfhandel auftreten k\u00f6nnen.<\/p>","protected":false},"excerpt":{"rendered":"<p>Dieses Paket enth\u00e4lt eine einzigartige Mischung aus alten und gebrauchten Fleecejacken von The North Face. Die Auswahl variiert in Farbe, Modell und Stil. Die Gr\u00f6\u00dfen liegen haupts\u00e4chlich zwischen M und XXL, gelegentlich gibt es auch kleinere oder gr\u00f6\u00dfere Gr\u00f6\u00dfen. Die Fotos sind Beispielbilder; Sie erhalten \u00e4hnliche Artikel. Die Qualit\u00e4t ist gr\u00f6\u00dftenteils Klasse A, mit einem kleinen Anteil an Klasse B aufgrund der Sortierspannen.<\/p>","protected":false},"featured_media":435,"comment_status":"open","ping_status":"closed","template":"","meta":{"inline_featured_image":false},"product_brand":[46],"product_cat":[47],"product_tag":[],"class_list":{"0":"post-108","1":"product","2":"type-product","3":"status-publish","4":"has-post-thumbnail","6":"product_brand-the-north-face","7":"product_cat-bundels","9":"first","10":"instock","11":"shipping-taxable","12":"purchasable","13":"product-type-variable"},"yoast_head":"<!-- This site is optimized with the Yoast SEO plugin v26.9 - https:\/\/yoast.com\/product\/yoast-seo-wordpress\/ -->\n<title>The North Face Fleece jackets - Onevintage Wholesale<\/title>\n<meta name=\"description\" content=\"Mix van vintage en tweedehands The North Face fleece jassen. Diverse modellen en maten van M t\/m XXL. Perfect voor resellers en vintage winkels.\" \/>\n<meta name=\"robots\" content=\"index, follow, max-snippet:-1, max-image-preview:large, max-video-preview:-1\" \/>\n<link rel=\"canonical\" href=\"https:\/\/onevintagewholesale.com\/de\/produkt\/the-north-face-fleeces\/\" \/>\n<meta property=\"og:locale\" content=\"de_DE\" \/>\n<meta property=\"og:type\" content=\"article\" \/>\n<meta property=\"og:title\" content=\"The North Face Fleece jackets - Onevintage Wholesale\" \/>\n<meta property=\"og:description\" content=\"Mix van vintage en tweedehands The North Face fleece jassen. Diverse modellen en maten van M t\/m XXL. Perfect voor resellers en vintage winkels.\" \/>\n<meta property=\"og:url\" content=\"https:\/\/onevintagewholesale.com\/de\/produkt\/the-north-face-fleeces\/\" \/>\n<meta property=\"og:site_name\" content=\"Onevintage Wholesale\" \/>\n<meta property=\"article:modified_time\" content=\"2025-12-12T15:40:25+00:00\" \/>\n<meta property=\"og:image\" content=\"https:\/\/onevintagewholesale.com\/wp-content\/uploads\/2025\/11\/WhatsApp-Image-2025-11-03-at-16.48.01-2.jpg\" \/>\n\t<meta property=\"og:image:width\" content=\"2000\" \/>\n\t<meta property=\"og:image:height\" content=\"2000\" \/>\n\t<meta property=\"og:image:type\" content=\"image\/jpeg\" \/>\n<meta name=\"twitter:card\" content=\"summary_large_image\" \/>\n<meta name=\"twitter:label1\" content=\"Gesch\u00e4tzte Lesezeit\" \/>\n\t<meta name=\"twitter:data1\" content=\"1\u00a0Minute\" \/>\n<script type=\"application\/ld+json\" class=\"yoast-schema-graph\">{\"@context\":\"https:\/\/schema.org\",\"@graph\":[{\"@type\":\"WebPage\",\"@id\":\"https:\/\/onevintagewholesale.com\/product\/the-north-face-fleeces\/\",\"url\":\"https:\/\/onevintagewholesale.com\/product\/the-north-face-fleeces\/\",\"name\":\"The North Face Fleece jackets - Onevintage Wholesale\",\"isPartOf\":{\"@id\":\"https:\/\/onevintagewholesale.com\/#website\"},\"primaryImageOfPage\":{\"@id\":\"https:\/\/onevintagewholesale.com\/product\/the-north-face-fleeces\/#primaryimage\"},\"image\":{\"@id\":\"https:\/\/onevintagewholesale.com\/product\/the-north-face-fleeces\/#primaryimage\"},\"thumbnailUrl\":\"https:\/\/onevintagewholesale.com\/wp-content\/uploads\/2025\/11\/WhatsApp-Image-2025-11-03-at-16.48.01-2.jpg\",\"datePublished\":\"2025-09-22T08:56:01+00:00\",\"dateModified\":\"2025-12-12T15:40:25+00:00\",\"description\":\"Mix van vintage en tweedehands The North Face fleece jassen. Diverse modellen en maten van M t\/m XXL. Perfect voor resellers en vintage winkels.\",\"breadcrumb\":{\"@id\":\"https:\/\/onevintagewholesale.com\/product\/the-north-face-fleeces\/#breadcrumb\"},\"inLanguage\":\"de\",\"potentialAction\":[{\"@type\":\"ReadAction\",\"target\":[\"https:\/\/onevintagewholesale.com\/product\/the-north-face-fleeces\/\"]}]},{\"@type\":\"ImageObject\",\"inLanguage\":\"de\",\"@id\":\"https:\/\/onevintagewholesale.com\/product\/the-north-face-fleeces\/#primaryimage\",\"url\":\"https:\/\/onevintagewholesale.com\/wp-content\/uploads\/2025\/11\/WhatsApp-Image-2025-11-03-at-16.48.01-2.jpg\",\"contentUrl\":\"https:\/\/onevintagewholesale.com\/wp-content\/uploads\/2025\/11\/WhatsApp-Image-2025-11-03-at-16.48.01-2.jpg\",\"width\":2000,\"height\":2000,\"caption\":\"The North Face Fleeces\"},{\"@type\":\"BreadcrumbList\",\"@id\":\"https:\/\/onevintagewholesale.com\/product\/the-north-face-fleeces\/#breadcrumb\",\"itemListElement\":[{\"@type\":\"ListItem\",\"position\":1,\"name\":\"Home\",\"item\":\"https:\/\/onevintagewholesale.com\/\"},{\"@type\":\"ListItem\",\"position\":2,\"name\":\"Bundels\",\"item\":\"https:\/\/onevintagewholesale.com\/bundels\/\"},{\"@type\":\"ListItem\",\"position\":3,\"name\":\"The North Face Fleece jackets\"}]},{\"@type\":\"WebSite\",\"@id\":\"https:\/\/onevintagewholesale.com\/#website\",\"url\":\"https:\/\/onevintagewholesale.com\/\",\"name\":\"Onevintage Wholesale\",\"description\":\"Een vintage en tweedehands kleding groothandel.\",\"potentialAction\":[{\"@type\":\"SearchAction\",\"target\":{\"@type\":\"EntryPoint\",\"urlTemplate\":\"https:\/\/onevintagewholesale.com\/?s={search_term_string}\"},\"query-input\":{\"@type\":\"PropertyValueSpecification\",\"valueRequired\":true,\"valueName\":\"search_term_string\"}}],\"inLanguage\":\"de\"}]}<\/script>\n<!-- \/ Yoast SEO plugin. -->","yoast_head_json":{"title":"The North Face Fleece jackets - Onevintage Wholesale","description":"Mix van vintage en tweedehands The North Face fleece jassen. Diverse modellen en maten van M t\/m XXL. Perfect voor resellers en vintage winkels.","robots":{"index":"index","follow":"follow","max-snippet":"max-snippet:-1","max-image-preview":"max-image-preview:large","max-video-preview":"max-video-preview:-1"},"canonical":"https:\/\/onevintagewholesale.com\/de\/produkt\/the-north-face-fleeces\/","og_locale":"de_DE","og_type":"article","og_title":"The North Face Fleece jackets - Onevintage Wholesale","og_description":"Mix van vintage en tweedehands The North Face fleece jassen. Diverse modellen en maten van M t\/m XXL. Perfect voor resellers en vintage winkels.","og_url":"https:\/\/onevintagewholesale.com\/de\/produkt\/the-north-face-fleeces\/","og_site_name":"Onevintage Wholesale","article_modified_time":"2025-12-12T15:40:25+00:00","og_image":[{"width":2000,"height":2000,"url":"https:\/\/onevintagewholesale.com\/wp-content\/uploads\/2025\/11\/WhatsApp-Image-2025-11-03-at-16.48.01-2.jpg","type":"image\/jpeg"}],"twitter_card":"summary_large_image","twitter_misc":{"Gesch\u00e4tzte Lesezeit":"1\u00a0Minute"},"schema":{"@context":"https:\/\/schema.org","@graph":[{"@type":"WebPage","@id":"https:\/\/onevintagewholesale.com\/product\/the-north-face-fleeces\/","url":"https:\/\/onevintagewholesale.com\/product\/the-north-face-fleeces\/","name":"The North Face Fleece jackets - Onevintage Wholesale","isPartOf":{"@id":"https:\/\/onevintagewholesale.com\/#website"},"primaryImageOfPage":{"@id":"https:\/\/onevintagewholesale.com\/product\/the-north-face-fleeces\/#primaryimage"},"image":{"@id":"https:\/\/onevintagewholesale.com\/product\/the-north-face-fleeces\/#primaryimage"},"thumbnailUrl":"https:\/\/onevintagewholesale.com\/wp-content\/uploads\/2025\/11\/WhatsApp-Image-2025-11-03-at-16.48.01-2.jpg","datePublished":"2025-09-22T08:56:01+00:00","dateModified":"2025-12-12T15:40:25+00:00","description":"Mix van vintage en tweedehands The North Face fleece jassen. Diverse modellen en maten van M t\/m XXL. Perfect voor resellers en vintage winkels.","breadcrumb":{"@id":"https:\/\/onevintagewholesale.com\/product\/the-north-face-fleeces\/#breadcrumb"},"inLanguage":"de","potentialAction":[{"@type":"ReadAction","target":["https:\/\/onevintagewholesale.com\/product\/the-north-face-fleeces\/"]}]},{"@type":"ImageObject","inLanguage":"de","@id":"https:\/\/onevintagewholesale.com\/product\/the-north-face-fleeces\/#primaryimage","url":"https:\/\/onevintagewholesale.com\/wp-content\/uploads\/2025\/11\/WhatsApp-Image-2025-11-03-at-16.48.01-2.jpg","contentUrl":"https:\/\/onevintagewholesale.com\/wp-content\/uploads\/2025\/11\/WhatsApp-Image-2025-11-03-at-16.48.01-2.jpg","width":2000,"height":2000,"caption":"The North Face Fleeces"},{"@type":"BreadcrumbList","@id":"https:\/\/onevintagewholesale.com\/product\/the-north-face-fleeces\/#breadcrumb","itemListElement":[{"@type":"ListItem","position":1,"name":"Home","item":"https:\/\/onevintagewholesale.com\/"},{"@type":"ListItem","position":2,"name":"Bundels","item":"https:\/\/onevintagewholesale.com\/bundels\/"},{"@type":"ListItem","position":3,"name":"The North Face Fleece jackets"}]},{"@type":"WebSite","@id":"https:\/\/onevintagewholesale.com\/#website","url":"https:\/\/onevintagewholesale.com\/","name":"Onevintage-Gro\u00dfhandel","description":"Ein Gro\u00dfh\u00e4ndler f\u00fcr Vintage- und Secondhand-Kleidung.","potentialAction":[{"@type":"SearchAction","target":{"@type":"EntryPoint","urlTemplate":"https:\/\/onevintagewholesale.com\/?s={search_term_string}"},"query-input":{"@type":"PropertyValueSpecification","valueRequired":true,"valueName":"search_term_string"}}],"inLanguage":"de"}]}},"jetpack_sharing_enabled":true,"_links":{"self":[{"href":"https:\/\/onevintagewholesale.com\/de\/wp-json\/wp\/v2\/product\/108","targetHints":{"allow":["GET"]}}],"collection":[{"href":"https:\/\/onevintagewholesale.com\/de\/wp-json\/wp\/v2\/product"}],"about":[{"href":"https:\/\/onevintagewholesale.com\/de\/wp-json\/wp\/v2\/types\/product"}],"replies":[{"embeddable":true,"href":"https:\/\/onevintagewholesale.com\/de\/wp-json\/wp\/v2\/comments?post=108"}],"wp:featuredmedia":[{"embeddable":true,"href":"https:\/\/onevintagewholesale.com\/de\/wp-json\/wp\/v2\/media\/435"}],"wp:attachment":[{"href":"https:\/\/onevintagewholesale.com\/de\/wp-json\/wp\/v2\/media?parent=108"}],"wp:term":[{"taxonomy":"product_brand","embeddable":true,"href":"https:\/\/onevintagewholesale.com\/de\/wp-json\/wp\/v2\/product_brand?post=108"},{"taxonomy":"product_cat","embeddable":true,"href":"https:\/\/onevintagewholesale.com\/de\/wp-json\/wp\/v2\/product_cat?post=108"},{"taxonomy":"product_tag","embeddable":true,"href":"https:\/\/onevintagewholesale.com\/de\/wp-json\/wp\/v2\/product_tag?post=108"}],"curies":[{"name":"wp","href":"https:\/\/api.w.org\/{rel}","templated":true}]}}