{"id":110,"date":"2025-09-22T08:56:29","date_gmt":"2025-09-22T08:56:29","guid":{"rendered":"https:\/\/onevintagewholesale.com\/?post_type=product&#038;p=110"},"modified":"2026-02-20T18:58:49","modified_gmt":"2026-02-20T18:58:49","slug":"jerseys","status":"publish","type":"product","link":"https:\/\/onevintagewholesale.com\/de\/produkt\/jerseys\/","title":{"rendered":"USA Profi-Sport Trikots NBA NFL NHL"},"content":{"rendered":"<h3>Vintage und gebrauchte Trikots NBA, NFL und NHL Mix<\/h3>\n<p>Diese Box enth\u00e4lt einzigartige alte und gebrauchte Kleidungsst\u00fccke von einer Mischung beliebter Marken. Vintage und gebrauchte NBA, NFL &amp; NHL Trikots.<\/p>\n<p>Dieses Bundle enth\u00e4lt alte und gebrauchte Trikots aus der NBA, NFL und NHL. Jede Box wird von Hand zusammengestellt. So erhalten Sie immer eine einzigartige Mischung aus verschiedenen Teams, Farben und Stilen aus unserer Kollektion.<\/p>\n<p>Die Gr\u00f6\u00dfen reichen haupts\u00e4chlich von XS bis XXL, aber es ist m\u00f6glich, dass es gelegentlich auch gr\u00f6\u00dfere oder kleinere Gr\u00f6\u00dfen dazwischen gibt.<\/p>\n<p>Bitte beachten Sie, dass die Bilder als Vorschau auf die Artikel dienen, die Sie erhalten k\u00f6nnen. Sie erhalten \u00e4hnliche Artikel aus unserem Bestand; aus den Bildern k\u00f6nnen keine Rechte abgeleitet werden.<\/p>\n<p>Die Trikots sind im Allgemeinen von hoher Qualit\u00e4t (G\u00fcteklasse A). Ber\u00fccksichtigen Sie einen kleinen Prozentsatz an Grad-B-Artikeln (leichte M\u00e4ngel). Die aufgrund menschlicher Fehler beim Sortieren und Pr\u00fcfen in unserem Bekleidungsgro\u00dfh\u00e4ndler auftreten k\u00f6nnen.<\/p>","protected":false},"excerpt":{"rendered":"<p>Dieses Bundle enth\u00e4lt alte und gebrauchte Trikots aus der NBA, NFL und NHL. Jede Box ist einzigartig kuratiert mit verschiedenen Teams, Stilen und Gr\u00f6\u00dfen von XS bis XXL. Die Fotos dienen als Beispiele; Sie werden \u00e4hnliche Artikel erhalten. Die Qualit\u00e4t ist haupts\u00e4chlich Grade-A, mit einem kleinen Anteil an Grade-B. Perfekt f\u00fcr Wiederverk\u00e4ufer und Vintage-L\u00e4den.<\/p>","protected":false},"featured_media":330,"comment_status":"open","ping_status":"closed","template":"","meta":{"inline_featured_image":false},"product_brand":[],"product_cat":[47],"product_tag":[],"class_list":{"0":"post-110","1":"product","2":"type-product","3":"status-publish","4":"has-post-thumbnail","6":"product_cat-bundels","8":"first","9":"instock","10":"shipping-taxable","11":"purchasable","12":"product-type-variable"},"yoast_head":"<!-- This site is optimized with the Yoast SEO plugin v26.9 - https:\/\/yoast.com\/product\/yoast-seo-wordpress\/ -->\n<title>USA pro sports Jerseys NBA NFL NHL - Onevintage Wholesale<\/title>\n<meta name=\"description\" content=\"Ontvang een mix van vintage en tweedehands NBA, NFL en NHL jerseys. Unieke selectie in diverse maten en teams. Ideaal voor resellers en vintage winkels.\" \/>\n<meta name=\"robots\" content=\"index, follow, max-snippet:-1, max-image-preview:large, max-video-preview:-1\" \/>\n<link rel=\"canonical\" href=\"https:\/\/onevintagewholesale.com\/de\/produkt\/jerseys\/\" \/>\n<meta property=\"og:locale\" content=\"de_DE\" \/>\n<meta property=\"og:type\" content=\"article\" \/>\n<meta property=\"og:title\" content=\"USA pro sports Jerseys NBA NFL NHL - Onevintage Wholesale\" \/>\n<meta property=\"og:description\" content=\"Ontvang een mix van vintage en tweedehands NBA, NFL en NHL jerseys. Unieke selectie in diverse maten en teams. Ideaal voor resellers en vintage winkels.\" \/>\n<meta property=\"og:url\" content=\"https:\/\/onevintagewholesale.com\/de\/produkt\/jerseys\/\" \/>\n<meta property=\"og:site_name\" content=\"Onevintage Wholesale\" \/>\n<meta property=\"article:modified_time\" content=\"2026-02-20T18:58:49+00:00\" \/>\n<meta name=\"twitter:card\" content=\"summary_large_image\" \/>\n<meta name=\"twitter:label1\" content=\"Gesch\u00e4tzte Lesezeit\" \/>\n\t<meta name=\"twitter:data1\" content=\"1\u00a0Minute\" \/>\n<script type=\"application\/ld+json\" class=\"yoast-schema-graph\">{\"@context\":\"https:\/\/schema.org\",\"@graph\":[{\"@type\":\"WebPage\",\"@id\":\"https:\/\/onevintagewholesale.com\/product\/jerseys\/\",\"url\":\"https:\/\/onevintagewholesale.com\/product\/jerseys\/\",\"name\":\"USA pro sports Jerseys NBA NFL NHL - Onevintage Wholesale\",\"isPartOf\":{\"@id\":\"https:\/\/onevintagewholesale.com\/#website\"},\"primaryImageOfPage\":{\"@id\":\"https:\/\/onevintagewholesale.com\/product\/jerseys\/#primaryimage\"},\"image\":{\"@id\":\"https:\/\/onevintagewholesale.com\/product\/jerseys\/#primaryimage\"},\"thumbnailUrl\":\"https:\/\/onevintagewholesale.com\/wp-content\/uploads\/2025\/09\/usasportsjerseys.jpg\",\"datePublished\":\"2025-09-22T08:56:29+00:00\",\"dateModified\":\"2026-02-20T18:58:49+00:00\",\"description\":\"Ontvang een mix van vintage en tweedehands NBA, NFL en NHL jerseys. Unieke selectie in diverse maten en teams. Ideaal voor resellers en vintage winkels.\",\"breadcrumb\":{\"@id\":\"https:\/\/onevintagewholesale.com\/product\/jerseys\/#breadcrumb\"},\"inLanguage\":\"de\",\"potentialAction\":[{\"@type\":\"ReadAction\",\"target\":[\"https:\/\/onevintagewholesale.com\/product\/jerseys\/\"]}]},{\"@type\":\"ImageObject\",\"inLanguage\":\"de\",\"@id\":\"https:\/\/onevintagewholesale.com\/product\/jerseys\/#primaryimage\",\"url\":\"https:\/\/onevintagewholesale.com\/wp-content\/uploads\/2025\/09\/usasportsjerseys.jpg\",\"contentUrl\":\"https:\/\/onevintagewholesale.com\/wp-content\/uploads\/2025\/09\/usasportsjerseys.jpg\",\"width\":1440,\"height\":1440,\"caption\":\"usa sports jerseys\"},{\"@type\":\"BreadcrumbList\",\"@id\":\"https:\/\/onevintagewholesale.com\/product\/jerseys\/#breadcrumb\",\"itemListElement\":[{\"@type\":\"ListItem\",\"position\":1,\"name\":\"Home\",\"item\":\"https:\/\/onevintagewholesale.com\/\"},{\"@type\":\"ListItem\",\"position\":2,\"name\":\"Bundels\",\"item\":\"https:\/\/onevintagewholesale.com\/bundels\/\"},{\"@type\":\"ListItem\",\"position\":3,\"name\":\"USA pro sports Jerseys NBA NFL NHL\"}]},{\"@type\":\"WebSite\",\"@id\":\"https:\/\/onevintagewholesale.com\/#website\",\"url\":\"https:\/\/onevintagewholesale.com\/\",\"name\":\"Onevintage Wholesale\",\"description\":\"Een vintage en tweedehands kleding groothandel.\",\"potentialAction\":[{\"@type\":\"SearchAction\",\"target\":{\"@type\":\"EntryPoint\",\"urlTemplate\":\"https:\/\/onevintagewholesale.com\/?s={search_term_string}\"},\"query-input\":{\"@type\":\"PropertyValueSpecification\",\"valueRequired\":true,\"valueName\":\"search_term_string\"}}],\"inLanguage\":\"de\"}]}<\/script>\n<!-- \/ Yoast SEO plugin. -->","yoast_head_json":{"title":"USA pro sports Jerseys NBA NFL NHL - Onevintage Wholesale","description":"Ontvang een mix van vintage en tweedehands NBA, NFL en NHL jerseys. Unieke selectie in diverse maten en teams. Ideaal voor resellers en vintage winkels.","robots":{"index":"index","follow":"follow","max-snippet":"max-snippet:-1","max-image-preview":"max-image-preview:large","max-video-preview":"max-video-preview:-1"},"canonical":"https:\/\/onevintagewholesale.com\/de\/produkt\/jerseys\/","og_locale":"de_DE","og_type":"article","og_title":"USA pro sports Jerseys NBA NFL NHL - Onevintage Wholesale","og_description":"Ontvang een mix van vintage en tweedehands NBA, NFL en NHL jerseys. Unieke selectie in diverse maten en teams. Ideaal voor resellers en vintage winkels.","og_url":"https:\/\/onevintagewholesale.com\/de\/produkt\/jerseys\/","og_site_name":"Onevintage Wholesale","article_modified_time":"2026-02-20T18:58:49+00:00","twitter_card":"summary_large_image","twitter_misc":{"Gesch\u00e4tzte Lesezeit":"1\u00a0Minute"},"schema":{"@context":"https:\/\/schema.org","@graph":[{"@type":"WebPage","@id":"https:\/\/onevintagewholesale.com\/product\/jerseys\/","url":"https:\/\/onevintagewholesale.com\/product\/jerseys\/","name":"USA pro sports Jerseys NBA NFL NHL - Onevintage Wholesale","isPartOf":{"@id":"https:\/\/onevintagewholesale.com\/#website"},"primaryImageOfPage":{"@id":"https:\/\/onevintagewholesale.com\/product\/jerseys\/#primaryimage"},"image":{"@id":"https:\/\/onevintagewholesale.com\/product\/jerseys\/#primaryimage"},"thumbnailUrl":"https:\/\/onevintagewholesale.com\/wp-content\/uploads\/2025\/09\/usasportsjerseys.jpg","datePublished":"2025-09-22T08:56:29+00:00","dateModified":"2026-02-20T18:58:49+00:00","description":"Ontvang een mix van vintage en tweedehands NBA, NFL en NHL jerseys. Unieke selectie in diverse maten en teams. Ideaal voor resellers en vintage winkels.","breadcrumb":{"@id":"https:\/\/onevintagewholesale.com\/product\/jerseys\/#breadcrumb"},"inLanguage":"de","potentialAction":[{"@type":"ReadAction","target":["https:\/\/onevintagewholesale.com\/product\/jerseys\/"]}]},{"@type":"ImageObject","inLanguage":"de","@id":"https:\/\/onevintagewholesale.com\/product\/jerseys\/#primaryimage","url":"https:\/\/onevintagewholesale.com\/wp-content\/uploads\/2025\/09\/usasportsjerseys.jpg","contentUrl":"https:\/\/onevintagewholesale.com\/wp-content\/uploads\/2025\/09\/usasportsjerseys.jpg","width":1440,"height":1440,"caption":"usa sports jerseys"},{"@type":"BreadcrumbList","@id":"https:\/\/onevintagewholesale.com\/product\/jerseys\/#breadcrumb","itemListElement":[{"@type":"ListItem","position":1,"name":"Home","item":"https:\/\/onevintagewholesale.com\/"},{"@type":"ListItem","position":2,"name":"Bundels","item":"https:\/\/onevintagewholesale.com\/bundels\/"},{"@type":"ListItem","position":3,"name":"USA pro sports Jerseys NBA NFL NHL"}]},{"@type":"WebSite","@id":"https:\/\/onevintagewholesale.com\/#website","url":"https:\/\/onevintagewholesale.com\/","name":"Onevintage-Gro\u00dfhandel","description":"Ein Gro\u00dfh\u00e4ndler f\u00fcr Vintage- und Secondhand-Kleidung.","potentialAction":[{"@type":"SearchAction","target":{"@type":"EntryPoint","urlTemplate":"https:\/\/onevintagewholesale.com\/?s={search_term_string}"},"query-input":{"@type":"PropertyValueSpecification","valueRequired":true,"valueName":"search_term_string"}}],"inLanguage":"de"}]}},"jetpack_sharing_enabled":true,"_links":{"self":[{"href":"https:\/\/onevintagewholesale.com\/de\/wp-json\/wp\/v2\/product\/110","targetHints":{"allow":["GET"]}}],"collection":[{"href":"https:\/\/onevintagewholesale.com\/de\/wp-json\/wp\/v2\/product"}],"about":[{"href":"https:\/\/onevintagewholesale.com\/de\/wp-json\/wp\/v2\/types\/product"}],"replies":[{"embeddable":true,"href":"https:\/\/onevintagewholesale.com\/de\/wp-json\/wp\/v2\/comments?post=110"}],"wp:featuredmedia":[{"embeddable":true,"href":"https:\/\/onevintagewholesale.com\/de\/wp-json\/wp\/v2\/media\/330"}],"wp:attachment":[{"href":"https:\/\/onevintagewholesale.com\/de\/wp-json\/wp\/v2\/media?parent=110"}],"wp:term":[{"taxonomy":"product_brand","embeddable":true,"href":"https:\/\/onevintagewholesale.com\/de\/wp-json\/wp\/v2\/product_brand?post=110"},{"taxonomy":"product_cat","embeddable":true,"href":"https:\/\/onevintagewholesale.com\/de\/wp-json\/wp\/v2\/product_cat?post=110"},{"taxonomy":"product_tag","embeddable":true,"href":"https:\/\/onevintagewholesale.com\/de\/wp-json\/wp\/v2\/product_tag?post=110"}],"curies":[{"name":"wp","href":"https:\/\/api.w.org\/{rel}","templated":true}]}}