{"id":116,"date":"2025-09-22T09:01:28","date_gmt":"2025-09-22T09:01:28","guid":{"rendered":"https:\/\/onevintagewholesale.com\/?post_type=product&#038;p=116"},"modified":"2026-02-20T18:10:30","modified_gmt":"2026-02-20T18:10:30","slug":"carhartt-mix","status":"publish","type":"product","link":"https:\/\/onevintagewholesale.com\/de\/produkt\/carhartt-mix\/","title":{"rendered":"Carhartt Vintage- und Second-Hand-Mix"},"content":{"rendered":"<h4>Alte und gebrauchte Carhartt-Mischung<\/h4>\n<p>Sie suchen einen Gro\u00dfh\u00e4ndler f\u00fcr Vintage-Kleidung, der Ihre Vintage- und Secondhand-Kleidung in gro\u00dfen Mengen aufkauft? Dann ist diese Box genau das Richtige f\u00fcr Sie. Diese Box enth\u00e4lt Kleidungsst\u00fccke von Carhartt, zum Beispiel die folgenden Artikel: -Hemden, Pullover, Shirts, Hosen und Jacken.<\/p>\n<p>Die Gr\u00f6\u00dfen liegen haupts\u00e4chlich zwischen L-XXL. Sie k\u00f6nnen jedoch auch einige gr\u00f6\u00dfere oder kleinere Artikel erhalten.<\/p>\n<p>Die Fotos sind nur eine Demonstration der Artikel, die Sie erhalten k\u00f6nnen, Sie werden \u00e4hnliche Artikel aus unserem Sortiment erhalten. Aus den Fotos k\u00f6nnen keine Rechte abgeleitet werden.<\/p>\n<p>Die Kleidungsst\u00fccke haben im Allgemeinen keine M\u00e4ngel (G\u00fcteklasse A). Aufgrund menschlicher Fehler bei der \u00dcberpr\u00fcfung und Sortierung der Kleidungsst\u00fccke in unserem Bekleidungslager kann es in diesem Paket zu einem kleinen Prozentsatz an Artikeln der G\u00fcteklasse B (Artikel mit M\u00e4ngeln) kommen.<\/p>","protected":false},"excerpt":{"rendered":"<p>Vintage-Kleidung von Carhartt bietet eine einzigartige Mischung aus authentischer Arbeitskleidung und zeitloser Streetwear. Sie finden hier Artikel in verschiedenen Stilen und Gr\u00f6\u00dfen, von Jacken und Hosen bis hin zu Pullovern und Hemden. Jedes St\u00fcck wird sorgf\u00e4ltig nach Qualit\u00e4t und Tragbarkeit ausgew\u00e4hlt. Ideal f\u00fcr Wiederverk\u00e4ufer und Vintage-L\u00e4den, die in gro\u00dfen Mengen einkaufen m\u00f6chten. F\u00fcgen Sie m\u00fchelos starke Carhartt-Artikel zu Ihrem Shop-Sortiment hinzu.<\/p>","protected":false},"featured_media":484,"comment_status":"open","ping_status":"closed","template":"","meta":{"inline_featured_image":false},"product_brand":[41],"product_cat":[47],"product_tag":[],"class_list":{"0":"post-116","1":"product","2":"type-product","3":"status-publish","4":"has-post-thumbnail","6":"product_brand-carhartt","7":"product_cat-bundels","9":"first","10":"instock","11":"shipping-taxable","12":"purchasable","13":"product-type-variable"},"yoast_head":"<!-- This site is optimized with the Yoast SEO plugin v26.9 - https:\/\/yoast.com\/product\/yoast-seo-wordpress\/ -->\n<title>Carhartt vintage en tweedehands mix - Onevintage Wholesale<\/title>\n<meta name=\"description\" content=\"Ontvang vintage Carhartt kledingitems in diverse stijlen en maten. Perfect voor resellers, vintage shops en kledinggroothandel in bulk!\" \/>\n<meta name=\"robots\" content=\"index, follow, max-snippet:-1, max-image-preview:large, max-video-preview:-1\" \/>\n<link rel=\"canonical\" href=\"https:\/\/onevintagewholesale.com\/de\/produkt\/carhartt-mix\/\" \/>\n<meta property=\"og:locale\" content=\"de_DE\" \/>\n<meta property=\"og:type\" content=\"article\" \/>\n<meta property=\"og:title\" content=\"Carhartt vintage en tweedehands mix - Onevintage Wholesale\" \/>\n<meta property=\"og:description\" content=\"Ontvang vintage Carhartt kledingitems in diverse stijlen en maten. Perfect voor resellers, vintage shops en kledinggroothandel in bulk!\" \/>\n<meta property=\"og:url\" content=\"https:\/\/onevintagewholesale.com\/de\/produkt\/carhartt-mix\/\" \/>\n<meta property=\"og:site_name\" content=\"Onevintage Wholesale\" \/>\n<meta property=\"article:modified_time\" content=\"2026-02-20T18:10:30+00:00\" \/>\n<meta property=\"og:image\" content=\"https:\/\/onevintagewholesale.com\/wp-content\/uploads\/2025\/09\/carharttsweatshirts.jpg\" \/>\n\t<meta property=\"og:image:width\" content=\"2000\" \/>\n\t<meta property=\"og:image:height\" content=\"2000\" \/>\n\t<meta property=\"og:image:type\" content=\"image\/jpeg\" \/>\n<meta name=\"twitter:card\" content=\"summary_large_image\" \/>\n<meta name=\"twitter:label1\" content=\"Gesch\u00e4tzte Lesezeit\" \/>\n\t<meta name=\"twitter:data1\" content=\"1\u00a0Minute\" \/>\n<script type=\"application\/ld+json\" class=\"yoast-schema-graph\">{\"@context\":\"https:\/\/schema.org\",\"@graph\":[{\"@type\":\"WebPage\",\"@id\":\"https:\/\/onevintagewholesale.com\/product\/carhartt-mix\/\",\"url\":\"https:\/\/onevintagewholesale.com\/product\/carhartt-mix\/\",\"name\":\"Carhartt vintage en tweedehands mix - Onevintage Wholesale\",\"isPartOf\":{\"@id\":\"https:\/\/onevintagewholesale.com\/#website\"},\"primaryImageOfPage\":{\"@id\":\"https:\/\/onevintagewholesale.com\/product\/carhartt-mix\/#primaryimage\"},\"image\":{\"@id\":\"https:\/\/onevintagewholesale.com\/product\/carhartt-mix\/#primaryimage\"},\"thumbnailUrl\":\"https:\/\/onevintagewholesale.com\/wp-content\/uploads\/2025\/09\/carharttsweatshirts.jpg\",\"datePublished\":\"2025-09-22T09:01:28+00:00\",\"dateModified\":\"2026-02-20T18:10:30+00:00\",\"description\":\"Ontvang vintage Carhartt kledingitems in diverse stijlen en maten. Perfect voor resellers, vintage shops en kledinggroothandel in bulk!\",\"breadcrumb\":{\"@id\":\"https:\/\/onevintagewholesale.com\/product\/carhartt-mix\/#breadcrumb\"},\"inLanguage\":\"de\",\"potentialAction\":[{\"@type\":\"ReadAction\",\"target\":[\"https:\/\/onevintagewholesale.com\/product\/carhartt-mix\/\"]}]},{\"@type\":\"ImageObject\",\"inLanguage\":\"de\",\"@id\":\"https:\/\/onevintagewholesale.com\/product\/carhartt-mix\/#primaryimage\",\"url\":\"https:\/\/onevintagewholesale.com\/wp-content\/uploads\/2025\/09\/carharttsweatshirts.jpg\",\"contentUrl\":\"https:\/\/onevintagewholesale.com\/wp-content\/uploads\/2025\/09\/carharttsweatshirts.jpg\",\"width\":2000,\"height\":2000,\"caption\":\"carhartt sweaters and hoodies\"},{\"@type\":\"BreadcrumbList\",\"@id\":\"https:\/\/onevintagewholesale.com\/product\/carhartt-mix\/#breadcrumb\",\"itemListElement\":[{\"@type\":\"ListItem\",\"position\":1,\"name\":\"Home\",\"item\":\"https:\/\/onevintagewholesale.com\/\"},{\"@type\":\"ListItem\",\"position\":2,\"name\":\"Bundels\",\"item\":\"https:\/\/onevintagewholesale.com\/bundels\/\"},{\"@type\":\"ListItem\",\"position\":3,\"name\":\"Carhartt vintage en tweedehands mix\"}]},{\"@type\":\"WebSite\",\"@id\":\"https:\/\/onevintagewholesale.com\/#website\",\"url\":\"https:\/\/onevintagewholesale.com\/\",\"name\":\"Onevintage Wholesale\",\"description\":\"Een vintage en tweedehands kleding groothandel.\",\"potentialAction\":[{\"@type\":\"SearchAction\",\"target\":{\"@type\":\"EntryPoint\",\"urlTemplate\":\"https:\/\/onevintagewholesale.com\/?s={search_term_string}\"},\"query-input\":{\"@type\":\"PropertyValueSpecification\",\"valueRequired\":true,\"valueName\":\"search_term_string\"}}],\"inLanguage\":\"de\"}]}<\/script>\n<!-- \/ Yoast SEO plugin. -->","yoast_head_json":{"title":"Carhartt vintage en tweedehands mix - Onevintage Wholesale","description":"Ontvang vintage Carhartt kledingitems in diverse stijlen en maten. Perfect voor resellers, vintage shops en kledinggroothandel in bulk!","robots":{"index":"index","follow":"follow","max-snippet":"max-snippet:-1","max-image-preview":"max-image-preview:large","max-video-preview":"max-video-preview:-1"},"canonical":"https:\/\/onevintagewholesale.com\/de\/produkt\/carhartt-mix\/","og_locale":"de_DE","og_type":"article","og_title":"Carhartt vintage en tweedehands mix - Onevintage Wholesale","og_description":"Ontvang vintage Carhartt kledingitems in diverse stijlen en maten. Perfect voor resellers, vintage shops en kledinggroothandel in bulk!","og_url":"https:\/\/onevintagewholesale.com\/de\/produkt\/carhartt-mix\/","og_site_name":"Onevintage Wholesale","article_modified_time":"2026-02-20T18:10:30+00:00","og_image":[{"width":2000,"height":2000,"url":"https:\/\/onevintagewholesale.com\/wp-content\/uploads\/2025\/09\/carharttsweatshirts.jpg","type":"image\/jpeg"}],"twitter_card":"summary_large_image","twitter_misc":{"Gesch\u00e4tzte Lesezeit":"1\u00a0Minute"},"schema":{"@context":"https:\/\/schema.org","@graph":[{"@type":"WebPage","@id":"https:\/\/onevintagewholesale.com\/product\/carhartt-mix\/","url":"https:\/\/onevintagewholesale.com\/product\/carhartt-mix\/","name":"Carhartt vintage en tweedehands mix - Onevintage Wholesale","isPartOf":{"@id":"https:\/\/onevintagewholesale.com\/#website"},"primaryImageOfPage":{"@id":"https:\/\/onevintagewholesale.com\/product\/carhartt-mix\/#primaryimage"},"image":{"@id":"https:\/\/onevintagewholesale.com\/product\/carhartt-mix\/#primaryimage"},"thumbnailUrl":"https:\/\/onevintagewholesale.com\/wp-content\/uploads\/2025\/09\/carharttsweatshirts.jpg","datePublished":"2025-09-22T09:01:28+00:00","dateModified":"2026-02-20T18:10:30+00:00","description":"Ontvang vintage Carhartt kledingitems in diverse stijlen en maten. Perfect voor resellers, vintage shops en kledinggroothandel in bulk!","breadcrumb":{"@id":"https:\/\/onevintagewholesale.com\/product\/carhartt-mix\/#breadcrumb"},"inLanguage":"de","potentialAction":[{"@type":"ReadAction","target":["https:\/\/onevintagewholesale.com\/product\/carhartt-mix\/"]}]},{"@type":"ImageObject","inLanguage":"de","@id":"https:\/\/onevintagewholesale.com\/product\/carhartt-mix\/#primaryimage","url":"https:\/\/onevintagewholesale.com\/wp-content\/uploads\/2025\/09\/carharttsweatshirts.jpg","contentUrl":"https:\/\/onevintagewholesale.com\/wp-content\/uploads\/2025\/09\/carharttsweatshirts.jpg","width":2000,"height":2000,"caption":"carhartt sweaters and hoodies"},{"@type":"BreadcrumbList","@id":"https:\/\/onevintagewholesale.com\/product\/carhartt-mix\/#breadcrumb","itemListElement":[{"@type":"ListItem","position":1,"name":"Home","item":"https:\/\/onevintagewholesale.com\/"},{"@type":"ListItem","position":2,"name":"Bundels","item":"https:\/\/onevintagewholesale.com\/bundels\/"},{"@type":"ListItem","position":3,"name":"Carhartt vintage en tweedehands mix"}]},{"@type":"WebSite","@id":"https:\/\/onevintagewholesale.com\/#website","url":"https:\/\/onevintagewholesale.com\/","name":"Onevintage-Gro\u00dfhandel","description":"Ein Gro\u00dfh\u00e4ndler f\u00fcr Vintage- und Secondhand-Kleidung.","potentialAction":[{"@type":"SearchAction","target":{"@type":"EntryPoint","urlTemplate":"https:\/\/onevintagewholesale.com\/?s={search_term_string}"},"query-input":{"@type":"PropertyValueSpecification","valueRequired":true,"valueName":"search_term_string"}}],"inLanguage":"de"}]}},"jetpack_sharing_enabled":true,"_links":{"self":[{"href":"https:\/\/onevintagewholesale.com\/de\/wp-json\/wp\/v2\/product\/116","targetHints":{"allow":["GET"]}}],"collection":[{"href":"https:\/\/onevintagewholesale.com\/de\/wp-json\/wp\/v2\/product"}],"about":[{"href":"https:\/\/onevintagewholesale.com\/de\/wp-json\/wp\/v2\/types\/product"}],"replies":[{"embeddable":true,"href":"https:\/\/onevintagewholesale.com\/de\/wp-json\/wp\/v2\/comments?post=116"}],"wp:featuredmedia":[{"embeddable":true,"href":"https:\/\/onevintagewholesale.com\/de\/wp-json\/wp\/v2\/media\/484"}],"wp:attachment":[{"href":"https:\/\/onevintagewholesale.com\/de\/wp-json\/wp\/v2\/media?parent=116"}],"wp:term":[{"taxonomy":"product_brand","embeddable":true,"href":"https:\/\/onevintagewholesale.com\/de\/wp-json\/wp\/v2\/product_brand?post=116"},{"taxonomy":"product_cat","embeddable":true,"href":"https:\/\/onevintagewholesale.com\/de\/wp-json\/wp\/v2\/product_cat?post=116"},{"taxonomy":"product_tag","embeddable":true,"href":"https:\/\/onevintagewholesale.com\/de\/wp-json\/wp\/v2\/product_tag?post=116"}],"curies":[{"name":"wp","href":"https:\/\/api.w.org\/{rel}","templated":true}]}}