{"id":118,"date":"2025-09-22T09:02:33","date_gmt":"2025-09-22T09:02:33","guid":{"rendered":"https:\/\/onevintagewholesale.com\/?post_type=product&#038;p=118"},"modified":"2026-02-02T03:44:35","modified_gmt":"2026-02-02T03:44:35","slug":"merk-kleding-mix","status":"publish","type":"product","link":"https:\/\/onevintagewholesale.com\/de\/produkt\/merk-kleding-mix\/","title":{"rendered":"Markenkleidung Mix Vintage und 2nd Hand"},"content":{"rendered":"<p><strong>Eine Mischung aus Vintage- und Second-Hand-Kleidung verschiedener Marken.<\/strong><\/p>\n<p>Diese Box enth\u00e4lt Kleidungsst\u00fccke von verschiedenen Marken. Denken Sie an Marken wie: Ralph Lauren, Tommy Hilfiger, Nike, Adidas, Levi's, Nautica, Puma, Reebok, Diesel, Wrangler, Lee, Armani, Calvin Klein, Lacoste, Carhartt, Dickies, NFL und viele mehr.<\/p>\n<p>In der Box k\u00f6nnen Sie folgende Artikel finden: T-Shirts, lang\u00e4rmelige Hemden, Polos, Pullover, Hemden, Blusen, Jeans und Jacken. In der Box finden Sie sowohl Herren- als auch Damenkleidung. Wir sorgen immer daf\u00fcr, dass Ihre Bestellung eine einzigartige Mischung ist und verschiedene Kleidungsst\u00fccke aus unserer Kollektion enth\u00e4lt.<\/p>\n<p>Die Gr\u00f6\u00dfen liegen haupts\u00e4chlich zwischen XS und XL. Sie k\u00f6nnen jedoch auch einige gr\u00f6\u00dfere oder kleinere Artikel erhalten.<\/p>\n<p>Die Fotos sind nur eine Demonstration der Artikel, die Sie erhalten k\u00f6nnen, Sie werden \u00e4hnliche Artikel aus unserem Sortiment erhalten. Aus den Fotos k\u00f6nnen keine Rechte abgeleitet werden.<\/p>\n<p>Die Kleidungsst\u00fccke haben im Allgemeinen keine M\u00e4ngel (G\u00fcteklasse A). Aufgrund menschlicher Fehler bei der \u00dcberpr\u00fcfung und Sortierung der Kleidungsst\u00fccke in unserem Bekleidungslager kann es in diesem Paket zu einem kleinen Prozentsatz an Artikeln der G\u00fcteklasse B (Artikel mit M\u00e4ngeln) kommen.<\/p>","protected":false},"excerpt":{"rendered":"<p>Diese Box enth\u00e4lt einzigartige Vintage- und Secondhand-Kleidungsst\u00fccke von einer Mischung aus beliebten Marken.<\/p>","protected":false},"featured_media":494,"comment_status":"open","ping_status":"closed","template":"","meta":{"inline_featured_image":false},"product_brand":[],"product_cat":[47],"product_tag":[],"class_list":{"0":"post-118","1":"product","2":"type-product","3":"status-publish","4":"has-post-thumbnail","6":"product_cat-bundels","8":"first","9":"outofstock","10":"shipping-taxable","11":"purchasable","12":"product-type-variable"},"yoast_head":"<!-- This site is optimized with the Yoast SEO plugin v26.9 - https:\/\/yoast.com\/product\/yoast-seo-wordpress\/ -->\n<title>Merkkleding mix vintage en 2de hands - Onevintage Wholesale<\/title>\n<meta name=\"description\" content=\"50 stuks vintage en tweedehands merkkleding in \u00e9\u00e9n box. Mix van topmerken en diverse items van XS t\/m XL. Ideaal voor resellers en vintage stores.\" \/>\n<meta name=\"robots\" content=\"index, follow, max-snippet:-1, max-image-preview:large, max-video-preview:-1\" \/>\n<link rel=\"canonical\" href=\"https:\/\/onevintagewholesale.com\/de\/produkt\/merk-kleding-mix\/\" \/>\n<meta property=\"og:locale\" content=\"de_DE\" \/>\n<meta property=\"og:type\" content=\"article\" \/>\n<meta property=\"og:title\" content=\"Merkkleding mix vintage en 2de hands - Onevintage Wholesale\" \/>\n<meta property=\"og:description\" content=\"50 stuks vintage en tweedehands merkkleding in \u00e9\u00e9n box. Mix van topmerken en diverse items van XS t\/m XL. Ideaal voor resellers en vintage stores.\" \/>\n<meta property=\"og:url\" content=\"https:\/\/onevintagewholesale.com\/de\/produkt\/merk-kleding-mix\/\" \/>\n<meta property=\"og:site_name\" content=\"Onevintage Wholesale\" \/>\n<meta property=\"article:modified_time\" content=\"2026-02-02T03:44:35+00:00\" \/>\n<meta property=\"og:image\" content=\"https:\/\/onevintagewholesale.com\/wp-content\/uploads\/2025\/09\/IMG_7642.jpg\" \/>\n\t<meta property=\"og:image:width\" content=\"2000\" \/>\n\t<meta property=\"og:image:height\" content=\"2000\" \/>\n\t<meta property=\"og:image:type\" content=\"image\/jpeg\" \/>\n<meta name=\"twitter:card\" content=\"summary_large_image\" \/>\n<meta name=\"twitter:label1\" content=\"Gesch\u00e4tzte Lesezeit\" \/>\n\t<meta name=\"twitter:data1\" content=\"2\u00a0Minuten\" \/>\n<script type=\"application\/ld+json\" class=\"yoast-schema-graph\">{\"@context\":\"https:\/\/schema.org\",\"@graph\":[{\"@type\":\"WebPage\",\"@id\":\"https:\/\/onevintagewholesale.com\/product\/merk-kleding-mix\/\",\"url\":\"https:\/\/onevintagewholesale.com\/product\/merk-kleding-mix\/\",\"name\":\"Merkkleding mix vintage en 2de hands - Onevintage Wholesale\",\"isPartOf\":{\"@id\":\"https:\/\/onevintagewholesale.com\/#website\"},\"primaryImageOfPage\":{\"@id\":\"https:\/\/onevintagewholesale.com\/product\/merk-kleding-mix\/#primaryimage\"},\"image\":{\"@id\":\"https:\/\/onevintagewholesale.com\/product\/merk-kleding-mix\/#primaryimage\"},\"thumbnailUrl\":\"https:\/\/onevintagewholesale.com\/wp-content\/uploads\/2025\/09\/IMG_7642.jpg\",\"datePublished\":\"2025-09-22T09:02:33+00:00\",\"dateModified\":\"2026-02-02T03:44:35+00:00\",\"description\":\"50 stuks vintage en tweedehands merkkleding in \u00e9\u00e9n box. Mix van topmerken en diverse items van XS t\/m XL. Ideaal voor resellers en vintage stores.\",\"breadcrumb\":{\"@id\":\"https:\/\/onevintagewholesale.com\/product\/merk-kleding-mix\/#breadcrumb\"},\"inLanguage\":\"de\",\"potentialAction\":[{\"@type\":\"ReadAction\",\"target\":[\"https:\/\/onevintagewholesale.com\/product\/merk-kleding-mix\/\"]}]},{\"@type\":\"ImageObject\",\"inLanguage\":\"de\",\"@id\":\"https:\/\/onevintagewholesale.com\/product\/merk-kleding-mix\/#primaryimage\",\"url\":\"https:\/\/onevintagewholesale.com\/wp-content\/uploads\/2025\/09\/IMG_7642.jpg\",\"contentUrl\":\"https:\/\/onevintagewholesale.com\/wp-content\/uploads\/2025\/09\/IMG_7642.jpg\",\"width\":2000,\"height\":2000,\"caption\":\"Merkkleding mix\"},{\"@type\":\"BreadcrumbList\",\"@id\":\"https:\/\/onevintagewholesale.com\/product\/merk-kleding-mix\/#breadcrumb\",\"itemListElement\":[{\"@type\":\"ListItem\",\"position\":1,\"name\":\"Home\",\"item\":\"https:\/\/onevintagewholesale.com\/\"},{\"@type\":\"ListItem\",\"position\":2,\"name\":\"Bundels\",\"item\":\"https:\/\/onevintagewholesale.com\/bundels\/\"},{\"@type\":\"ListItem\",\"position\":3,\"name\":\"Merkkleding mix vintage en 2de hands\"}]},{\"@type\":\"WebSite\",\"@id\":\"https:\/\/onevintagewholesale.com\/#website\",\"url\":\"https:\/\/onevintagewholesale.com\/\",\"name\":\"Onevintage Wholesale\",\"description\":\"Een vintage en tweedehands kleding groothandel.\",\"potentialAction\":[{\"@type\":\"SearchAction\",\"target\":{\"@type\":\"EntryPoint\",\"urlTemplate\":\"https:\/\/onevintagewholesale.com\/?s={search_term_string}\"},\"query-input\":{\"@type\":\"PropertyValueSpecification\",\"valueRequired\":true,\"valueName\":\"search_term_string\"}}],\"inLanguage\":\"de\"}]}<\/script>\n<!-- \/ Yoast SEO plugin. -->","yoast_head_json":{"title":"Merkkleding mix vintage en 2de hands - Onevintage Wholesale","description":"50 stuks vintage en tweedehands merkkleding in \u00e9\u00e9n box. Mix van topmerken en diverse items van XS t\/m XL. Ideaal voor resellers en vintage stores.","robots":{"index":"index","follow":"follow","max-snippet":"max-snippet:-1","max-image-preview":"max-image-preview:large","max-video-preview":"max-video-preview:-1"},"canonical":"https:\/\/onevintagewholesale.com\/de\/produkt\/merk-kleding-mix\/","og_locale":"de_DE","og_type":"article","og_title":"Merkkleding mix vintage en 2de hands - Onevintage Wholesale","og_description":"50 stuks vintage en tweedehands merkkleding in \u00e9\u00e9n box. Mix van topmerken en diverse items van XS t\/m XL. Ideaal voor resellers en vintage stores.","og_url":"https:\/\/onevintagewholesale.com\/de\/produkt\/merk-kleding-mix\/","og_site_name":"Onevintage Wholesale","article_modified_time":"2026-02-02T03:44:35+00:00","og_image":[{"width":2000,"height":2000,"url":"https:\/\/onevintagewholesale.com\/wp-content\/uploads\/2025\/09\/IMG_7642.jpg","type":"image\/jpeg"}],"twitter_card":"summary_large_image","twitter_misc":{"Gesch\u00e4tzte Lesezeit":"2\u00a0Minuten"},"schema":{"@context":"https:\/\/schema.org","@graph":[{"@type":"WebPage","@id":"https:\/\/onevintagewholesale.com\/product\/merk-kleding-mix\/","url":"https:\/\/onevintagewholesale.com\/product\/merk-kleding-mix\/","name":"Merkkleding mix vintage en 2de hands - Onevintage Wholesale","isPartOf":{"@id":"https:\/\/onevintagewholesale.com\/#website"},"primaryImageOfPage":{"@id":"https:\/\/onevintagewholesale.com\/product\/merk-kleding-mix\/#primaryimage"},"image":{"@id":"https:\/\/onevintagewholesale.com\/product\/merk-kleding-mix\/#primaryimage"},"thumbnailUrl":"https:\/\/onevintagewholesale.com\/wp-content\/uploads\/2025\/09\/IMG_7642.jpg","datePublished":"2025-09-22T09:02:33+00:00","dateModified":"2026-02-02T03:44:35+00:00","description":"50 stuks vintage en tweedehands merkkleding in \u00e9\u00e9n box. Mix van topmerken en diverse items van XS t\/m XL. Ideaal voor resellers en vintage stores.","breadcrumb":{"@id":"https:\/\/onevintagewholesale.com\/product\/merk-kleding-mix\/#breadcrumb"},"inLanguage":"de","potentialAction":[{"@type":"ReadAction","target":["https:\/\/onevintagewholesale.com\/product\/merk-kleding-mix\/"]}]},{"@type":"ImageObject","inLanguage":"de","@id":"https:\/\/onevintagewholesale.com\/product\/merk-kleding-mix\/#primaryimage","url":"https:\/\/onevintagewholesale.com\/wp-content\/uploads\/2025\/09\/IMG_7642.jpg","contentUrl":"https:\/\/onevintagewholesale.com\/wp-content\/uploads\/2025\/09\/IMG_7642.jpg","width":2000,"height":2000,"caption":"Merkkleding mix"},{"@type":"BreadcrumbList","@id":"https:\/\/onevintagewholesale.com\/product\/merk-kleding-mix\/#breadcrumb","itemListElement":[{"@type":"ListItem","position":1,"name":"Home","item":"https:\/\/onevintagewholesale.com\/"},{"@type":"ListItem","position":2,"name":"Bundels","item":"https:\/\/onevintagewholesale.com\/bundels\/"},{"@type":"ListItem","position":3,"name":"Merkkleding mix vintage en 2de hands"}]},{"@type":"WebSite","@id":"https:\/\/onevintagewholesale.com\/#website","url":"https:\/\/onevintagewholesale.com\/","name":"Onevintage-Gro\u00dfhandel","description":"Ein Gro\u00dfh\u00e4ndler f\u00fcr Vintage- und Secondhand-Kleidung.","potentialAction":[{"@type":"SearchAction","target":{"@type":"EntryPoint","urlTemplate":"https:\/\/onevintagewholesale.com\/?s={search_term_string}"},"query-input":{"@type":"PropertyValueSpecification","valueRequired":true,"valueName":"search_term_string"}}],"inLanguage":"de"}]}},"jetpack_sharing_enabled":true,"_links":{"self":[{"href":"https:\/\/onevintagewholesale.com\/de\/wp-json\/wp\/v2\/product\/118","targetHints":{"allow":["GET"]}}],"collection":[{"href":"https:\/\/onevintagewholesale.com\/de\/wp-json\/wp\/v2\/product"}],"about":[{"href":"https:\/\/onevintagewholesale.com\/de\/wp-json\/wp\/v2\/types\/product"}],"replies":[{"embeddable":true,"href":"https:\/\/onevintagewholesale.com\/de\/wp-json\/wp\/v2\/comments?post=118"}],"wp:featuredmedia":[{"embeddable":true,"href":"https:\/\/onevintagewholesale.com\/de\/wp-json\/wp\/v2\/media\/494"}],"wp:attachment":[{"href":"https:\/\/onevintagewholesale.com\/de\/wp-json\/wp\/v2\/media?parent=118"}],"wp:term":[{"taxonomy":"product_brand","embeddable":true,"href":"https:\/\/onevintagewholesale.com\/de\/wp-json\/wp\/v2\/product_brand?post=118"},{"taxonomy":"product_cat","embeddable":true,"href":"https:\/\/onevintagewholesale.com\/de\/wp-json\/wp\/v2\/product_cat?post=118"},{"taxonomy":"product_tag","embeddable":true,"href":"https:\/\/onevintagewholesale.com\/de\/wp-json\/wp\/v2\/product_tag?post=118"}],"curies":[{"name":"wp","href":"https:\/\/api.w.org\/{rel}","templated":true}]}}