{"id":121,"date":"2025-09-22T09:03:23","date_gmt":"2025-09-22T09:03:23","guid":{"rendered":"https:\/\/onevintagewholesale.com\/?post_type=product&#038;p=121"},"modified":"2026-03-29T15:08:00","modified_gmt":"2026-03-29T15:08:00","slug":"levis-broeken-jeans","status":"publish","type":"product","link":"https:\/\/onevintagewholesale.com\/de\/produkt\/levis-broeken-jeans\/","title":{"rendered":"Levi's Vintage Jeans und Hosen"},"content":{"rendered":"<h3>Mix aus alten Levi's-Jeans<\/h3>\n<p>Die Hosen sind in verschiedenen Stilen, Farben und Gr\u00f6\u00dfen erh\u00e4ltlich. Ein B\u00fcndel von Vintage- und Second-Hand-Levi's-Hosen. Wir sorgen immer daf\u00fcr, dass Ihre Bestellung eine einzigartige Mischung ist und verschiedene Kleidungsst\u00fccke aus unserer Kollektion enth\u00e4lt.<\/p>\n<p>Die Gr\u00f6\u00dfen reichen haupts\u00e4chlich von 26 bis 38. Sie k\u00f6nnen jedoch auch einige gr\u00f6\u00dfere oder kleinere Artikel erhalten. Sie erhalten sowohl Damen- als auch Herrenbekleidung.<\/p>\n<p>Die Fotos sind nur eine Demonstration der Artikel, die Sie erhalten k\u00f6nnen, Sie werden \u00e4hnliche Artikel aus unserem Sortiment erhalten. Aus den Fotos k\u00f6nnen keine Rechte abgeleitet werden.<\/p>\n<p>Die Kleidungsst\u00fccke haben im Allgemeinen keine M\u00e4ngel (G\u00fcteklasse A). Aufgrund menschlicher Fehler bei der \u00dcberpr\u00fcfung und Sortierung der Kleidungsst\u00fccke in unserem Bekleidungslager kann es in diesem Paket zu einem kleinen Prozentsatz an Artikeln der G\u00fcteklasse B (Artikel mit M\u00e4ngeln) kommen.<\/p>","protected":false},"excerpt":{"rendered":"<p>Holen Sie sich Vintage Levi's Hosen und Jeans in verschiedenen Stilen, Farben und Gr\u00f6\u00dfen. Einzigartige Mischung aus gebrauchten Levi's f\u00fcr Frauen und M\u00e4nner!<\/p>\n<p>Entdecken Sie dieses exklusive B\u00fcndel von Vintage Levi's Hosen und Jeans in verschiedenen Stilen, Farben und Gr\u00f6\u00dfen.<\/p>\n<p>Jede Box enth\u00e4lt eine einzigartige Mischung aus gebrauchten Levi's f\u00fcr Damen und Herren. Sorgf\u00e4ltig ausgew\u00e4hlt aus unserer Kollektion<\/p>","protected":false},"featured_media":427,"comment_status":"open","ping_status":"closed","template":"","meta":{"inline_featured_image":false},"product_brand":[52],"product_cat":[47],"product_tag":[],"class_list":{"0":"post-121","1":"product","2":"type-product","3":"status-publish","4":"has-post-thumbnail","6":"product_brand-levis","7":"product_cat-bundels","9":"first","10":"instock","11":"shipping-taxable","12":"purchasable","13":"product-type-variable"},"yoast_head":"<!-- This site is optimized with the Yoast SEO plugin v26.9 - https:\/\/yoast.com\/product\/yoast-seo-wordpress\/ -->\n<title>Levi&#039;s vintage jeans en broeken - Onevintage Wholesale<\/title>\n<meta name=\"description\" content=\"Ontvang vintage Levi\u2019s broeken en jeans in diverse stijlen, kleuren en maten. Unieke mix van tweedehands Levi\u2019s voor dames en heren!\" \/>\n<meta name=\"robots\" content=\"index, follow, max-snippet:-1, max-image-preview:large, max-video-preview:-1\" \/>\n<link rel=\"canonical\" href=\"https:\/\/onevintagewholesale.com\/de\/produkt\/levis-broeken-jeans\/\" \/>\n<meta property=\"og:locale\" content=\"de_DE\" \/>\n<meta property=\"og:type\" content=\"article\" \/>\n<meta property=\"og:title\" content=\"Levi&#039;s vintage jeans en broeken - Onevintage Wholesale\" \/>\n<meta property=\"og:description\" content=\"Ontvang vintage Levi\u2019s broeken en jeans in diverse stijlen, kleuren en maten. Unieke mix van tweedehands Levi\u2019s voor dames en heren!\" \/>\n<meta property=\"og:url\" content=\"https:\/\/onevintagewholesale.com\/de\/produkt\/levis-broeken-jeans\/\" \/>\n<meta property=\"og:site_name\" content=\"Onevintage Wholesale\" \/>\n<meta property=\"article:modified_time\" content=\"2026-03-29T15:08:00+00:00\" \/>\n<meta property=\"og:image\" content=\"https:\/\/onevintagewholesale.com\/wp-content\/uploads\/2025\/11\/WhatsApp-Image-2025-11-03-at-16.36.46.jpg\" \/>\n\t<meta property=\"og:image:width\" content=\"2000\" \/>\n\t<meta property=\"og:image:height\" content=\"2000\" \/>\n\t<meta property=\"og:image:type\" content=\"image\/jpeg\" \/>\n<meta name=\"twitter:card\" content=\"summary_large_image\" \/>\n<meta name=\"twitter:label1\" content=\"Gesch\u00e4tzte Lesezeit\" \/>\n\t<meta name=\"twitter:data1\" content=\"1\u00a0Minute\" \/>\n<script type=\"application\/ld+json\" class=\"yoast-schema-graph\">{\"@context\":\"https:\/\/schema.org\",\"@graph\":[{\"@type\":\"WebPage\",\"@id\":\"https:\/\/onevintagewholesale.com\/product\/levis-broeken-jeans\/\",\"url\":\"https:\/\/onevintagewholesale.com\/product\/levis-broeken-jeans\/\",\"name\":\"Levi's vintage jeans en broeken - Onevintage Wholesale\",\"isPartOf\":{\"@id\":\"https:\/\/onevintagewholesale.com\/#website\"},\"primaryImageOfPage\":{\"@id\":\"https:\/\/onevintagewholesale.com\/product\/levis-broeken-jeans\/#primaryimage\"},\"image\":{\"@id\":\"https:\/\/onevintagewholesale.com\/product\/levis-broeken-jeans\/#primaryimage\"},\"thumbnailUrl\":\"https:\/\/onevintagewholesale.com\/wp-content\/uploads\/2025\/11\/WhatsApp-Image-2025-11-03-at-16.36.46.jpg\",\"datePublished\":\"2025-09-22T09:03:23+00:00\",\"dateModified\":\"2026-03-29T15:08:00+00:00\",\"description\":\"Ontvang vintage Levi\u2019s broeken en jeans in diverse stijlen, kleuren en maten. Unieke mix van tweedehands Levi\u2019s voor dames en heren!\",\"breadcrumb\":{\"@id\":\"https:\/\/onevintagewholesale.com\/product\/levis-broeken-jeans\/#breadcrumb\"},\"inLanguage\":\"de\",\"potentialAction\":[{\"@type\":\"ReadAction\",\"target\":[\"https:\/\/onevintagewholesale.com\/product\/levis-broeken-jeans\/\"]}]},{\"@type\":\"ImageObject\",\"inLanguage\":\"de\",\"@id\":\"https:\/\/onevintagewholesale.com\/product\/levis-broeken-jeans\/#primaryimage\",\"url\":\"https:\/\/onevintagewholesale.com\/wp-content\/uploads\/2025\/11\/WhatsApp-Image-2025-11-03-at-16.36.46.jpg\",\"contentUrl\":\"https:\/\/onevintagewholesale.com\/wp-content\/uploads\/2025\/11\/WhatsApp-Image-2025-11-03-at-16.36.46.jpg\",\"width\":2000,\"height\":2000,\"caption\":\"levis jeans\"},{\"@type\":\"BreadcrumbList\",\"@id\":\"https:\/\/onevintagewholesale.com\/product\/levis-broeken-jeans\/#breadcrumb\",\"itemListElement\":[{\"@type\":\"ListItem\",\"position\":1,\"name\":\"Home\",\"item\":\"https:\/\/onevintagewholesale.com\/\"},{\"@type\":\"ListItem\",\"position\":2,\"name\":\"Bundels\",\"item\":\"https:\/\/onevintagewholesale.com\/bundels\/\"},{\"@type\":\"ListItem\",\"position\":3,\"name\":\"Levi&#8217;s vintage jeans en broeken\"}]},{\"@type\":\"WebSite\",\"@id\":\"https:\/\/onevintagewholesale.com\/#website\",\"url\":\"https:\/\/onevintagewholesale.com\/\",\"name\":\"Onevintage Wholesale\",\"description\":\"Een vintage en tweedehands kleding groothandel.\",\"potentialAction\":[{\"@type\":\"SearchAction\",\"target\":{\"@type\":\"EntryPoint\",\"urlTemplate\":\"https:\/\/onevintagewholesale.com\/?s={search_term_string}\"},\"query-input\":{\"@type\":\"PropertyValueSpecification\",\"valueRequired\":true,\"valueName\":\"search_term_string\"}}],\"inLanguage\":\"de\"}]}<\/script>\n<!-- \/ Yoast SEO plugin. -->","yoast_head_json":{"title":"Levi's vintage jeans en broeken - Onevintage Wholesale","description":"Holen Sie sich Vintage Levi's Hosen und Jeans in verschiedenen Stilen, Farben und Gr\u00f6\u00dfen. Einzigartige Mischung aus gebrauchten Levi's f\u00fcr Frauen und M\u00e4nner!","robots":{"index":"index","follow":"follow","max-snippet":"max-snippet:-1","max-image-preview":"max-image-preview:large","max-video-preview":"max-video-preview:-1"},"canonical":"https:\/\/onevintagewholesale.com\/de\/produkt\/levis-broeken-jeans\/","og_locale":"de_DE","og_type":"article","og_title":"Levi's vintage jeans en broeken - Onevintage Wholesale","og_description":"Ontvang vintage Levi\u2019s broeken en jeans in diverse stijlen, kleuren en maten. Unieke mix van tweedehands Levi\u2019s voor dames en heren!","og_url":"https:\/\/onevintagewholesale.com\/de\/produkt\/levis-broeken-jeans\/","og_site_name":"Onevintage Wholesale","article_modified_time":"2026-03-29T15:08:00+00:00","og_image":[{"width":2000,"height":2000,"url":"https:\/\/onevintagewholesale.com\/wp-content\/uploads\/2025\/11\/WhatsApp-Image-2025-11-03-at-16.36.46.jpg","type":"image\/jpeg"}],"twitter_card":"summary_large_image","twitter_misc":{"Gesch\u00e4tzte Lesezeit":"1\u00a0Minute"},"schema":{"@context":"https:\/\/schema.org","@graph":[{"@type":"WebPage","@id":"https:\/\/onevintagewholesale.com\/product\/levis-broeken-jeans\/","url":"https:\/\/onevintagewholesale.com\/product\/levis-broeken-jeans\/","name":"Levi's vintage jeans en broeken - Onevintage Wholesale","isPartOf":{"@id":"https:\/\/onevintagewholesale.com\/#website"},"primaryImageOfPage":{"@id":"https:\/\/onevintagewholesale.com\/product\/levis-broeken-jeans\/#primaryimage"},"image":{"@id":"https:\/\/onevintagewholesale.com\/product\/levis-broeken-jeans\/#primaryimage"},"thumbnailUrl":"https:\/\/onevintagewholesale.com\/wp-content\/uploads\/2025\/11\/WhatsApp-Image-2025-11-03-at-16.36.46.jpg","datePublished":"2025-09-22T09:03:23+00:00","dateModified":"2026-03-29T15:08:00+00:00","description":"Holen Sie sich Vintage Levi's Hosen und Jeans in verschiedenen Stilen, Farben und Gr\u00f6\u00dfen. Einzigartige Mischung aus gebrauchten Levi's f\u00fcr Frauen und M\u00e4nner!","breadcrumb":{"@id":"https:\/\/onevintagewholesale.com\/product\/levis-broeken-jeans\/#breadcrumb"},"inLanguage":"de","potentialAction":[{"@type":"ReadAction","target":["https:\/\/onevintagewholesale.com\/product\/levis-broeken-jeans\/"]}]},{"@type":"ImageObject","inLanguage":"de","@id":"https:\/\/onevintagewholesale.com\/product\/levis-broeken-jeans\/#primaryimage","url":"https:\/\/onevintagewholesale.com\/wp-content\/uploads\/2025\/11\/WhatsApp-Image-2025-11-03-at-16.36.46.jpg","contentUrl":"https:\/\/onevintagewholesale.com\/wp-content\/uploads\/2025\/11\/WhatsApp-Image-2025-11-03-at-16.36.46.jpg","width":2000,"height":2000,"caption":"levis jeans"},{"@type":"BreadcrumbList","@id":"https:\/\/onevintagewholesale.com\/product\/levis-broeken-jeans\/#breadcrumb","itemListElement":[{"@type":"ListItem","position":1,"name":"Home","item":"https:\/\/onevintagewholesale.com\/"},{"@type":"ListItem","position":2,"name":"Bundels","item":"https:\/\/onevintagewholesale.com\/bundels\/"},{"@type":"ListItem","position":3,"name":"Levi&#8217;s vintage jeans en broeken"}]},{"@type":"WebSite","@id":"https:\/\/onevintagewholesale.com\/#website","url":"https:\/\/onevintagewholesale.com\/","name":"Onevintage-Gro\u00dfhandel","description":"Ein Gro\u00dfh\u00e4ndler f\u00fcr Vintage- und Secondhand-Kleidung.","potentialAction":[{"@type":"SearchAction","target":{"@type":"EntryPoint","urlTemplate":"https:\/\/onevintagewholesale.com\/?s={search_term_string}"},"query-input":{"@type":"PropertyValueSpecification","valueRequired":true,"valueName":"search_term_string"}}],"inLanguage":"de"}]}},"jetpack_sharing_enabled":true,"_links":{"self":[{"href":"https:\/\/onevintagewholesale.com\/de\/wp-json\/wp\/v2\/product\/121","targetHints":{"allow":["GET"]}}],"collection":[{"href":"https:\/\/onevintagewholesale.com\/de\/wp-json\/wp\/v2\/product"}],"about":[{"href":"https:\/\/onevintagewholesale.com\/de\/wp-json\/wp\/v2\/types\/product"}],"replies":[{"embeddable":true,"href":"https:\/\/onevintagewholesale.com\/de\/wp-json\/wp\/v2\/comments?post=121"}],"wp:featuredmedia":[{"embeddable":true,"href":"https:\/\/onevintagewholesale.com\/de\/wp-json\/wp\/v2\/media\/427"}],"wp:attachment":[{"href":"https:\/\/onevintagewholesale.com\/de\/wp-json\/wp\/v2\/media?parent=121"}],"wp:term":[{"taxonomy":"product_brand","embeddable":true,"href":"https:\/\/onevintagewholesale.com\/de\/wp-json\/wp\/v2\/product_brand?post=121"},{"taxonomy":"product_cat","embeddable":true,"href":"https:\/\/onevintagewholesale.com\/de\/wp-json\/wp\/v2\/product_cat?post=121"},{"taxonomy":"product_tag","embeddable":true,"href":"https:\/\/onevintagewholesale.com\/de\/wp-json\/wp\/v2\/product_tag?post=121"}],"curies":[{"name":"wp","href":"https:\/\/api.w.org\/{rel}","templated":true}]}}