{"id":123,"date":"2025-09-22T09:04:44","date_gmt":"2025-09-22T09:04:44","guid":{"rendered":"https:\/\/onevintagewholesale.com\/?post_type=product&#038;p=123"},"modified":"2025-12-12T14:58:30","modified_gmt":"2025-12-12T14:58:30","slug":"harley-davidson-mix","status":"publish","type":"product","link":"https:\/\/onevintagewholesale.com\/de\/produkt\/harley-davidson-mix\/","title":{"rendered":"Harley Davidson Bekleidungsmix"},"content":{"rendered":"<h3>Alte und gebrauchte Harley Davidson-Mischung<\/h3>\n<p>In diesem Paket finden Sie eine Auswahl an Harley Davidson Oberbekleidung. Wir sorgen immer daf\u00fcr, dass Ihre Bestellung eine einzigartige Mischung ist und verschiedene Kleidungsst\u00fccke aus unserer Kollektion enth\u00e4lt. Zum Beispiel T-Shirts, Hemden und Pullover.<\/p>\n<p>Die Gr\u00f6\u00dfen liegen haupts\u00e4chlich zwischen XS und XXL. Sie k\u00f6nnen jedoch auch einige gr\u00f6\u00dfere oder kleinere Artikel erhalten.<\/p>\n<p>Die Fotos sind nur eine Demonstration der Artikel, die Sie erhalten k\u00f6nnen, Sie werden \u00e4hnliche Artikel aus unserem Sortiment erhalten. Aus den Fotos k\u00f6nnen keine Rechte abgeleitet werden.<\/p>\n<p>Die Kleidungsst\u00fccke haben im Allgemeinen keine M\u00e4ngel (G\u00fcteklasse A). Aufgrund menschlicher Fehler bei der \u00dcberpr\u00fcfung und Sortierung der Kleidungsst\u00fccke in unserem Bekleidungslager kann es in diesem Paket zu einem kleinen Prozentsatz an Artikeln der G\u00fcteklasse B (Artikel mit M\u00e4ngeln) kommen.<\/p>","protected":false},"excerpt":{"rendered":"<p>Entdecken Sie unser exklusives Angebot an Harley Davidson Vintage- und Second-Hand-Oberbekleidung. Diese sorgf\u00e4ltig zusammengestellte Auswahl enth\u00e4lt eine einzigartige Mischung von Kleidungsst\u00fccken aus unserer Kollektion, darunter T-Shirts, Hemden und Pullover. Jede Bestellung ist anders, sodass Sie immer ein einzigartiges Set erhalten.<\/p>","protected":false},"featured_media":324,"comment_status":"open","ping_status":"closed","template":"","meta":{"inline_featured_image":false},"product_brand":[],"product_cat":[47],"product_tag":[],"class_list":{"0":"post-123","1":"product","2":"type-product","3":"status-publish","4":"has-post-thumbnail","6":"product_cat-bundels","8":"first","9":"instock","10":"shipping-taxable","11":"purchasable","12":"product-type-variable"},"yoast_head":"<!-- This site is optimized with the Yoast SEO plugin v26.9 - https:\/\/yoast.com\/product\/yoast-seo-wordpress\/ -->\n<title>Harley Davidson kleding mix - Onevintage Wholesale<\/title>\n<meta name=\"description\" content=\"Ontdek onze bundel met Harley Davidson vintage en tweedehands bovenkleding. Unieke mix van t-shirts, overhemden en truien, ideaal voor winkels en resellers.\" \/>\n<meta name=\"robots\" content=\"index, follow, max-snippet:-1, max-image-preview:large, max-video-preview:-1\" \/>\n<link rel=\"canonical\" href=\"https:\/\/onevintagewholesale.com\/de\/produkt\/harley-davidson-mix\/\" \/>\n<meta property=\"og:locale\" content=\"de_DE\" \/>\n<meta property=\"og:type\" content=\"article\" \/>\n<meta property=\"og:title\" content=\"Harley Davidson kleding mix - Onevintage Wholesale\" \/>\n<meta property=\"og:description\" content=\"Ontdek onze bundel met Harley Davidson vintage en tweedehands bovenkleding. Unieke mix van t-shirts, overhemden en truien, ideaal voor winkels en resellers.\" \/>\n<meta property=\"og:url\" content=\"https:\/\/onevintagewholesale.com\/de\/produkt\/harley-davidson-mix\/\" \/>\n<meta property=\"og:site_name\" content=\"Onevintage Wholesale\" \/>\n<meta property=\"article:modified_time\" content=\"2025-12-12T14:58:30+00:00\" \/>\n<meta name=\"twitter:card\" content=\"summary_large_image\" \/>\n<meta name=\"twitter:label1\" content=\"Gesch\u00e4tzte Lesezeit\" \/>\n\t<meta name=\"twitter:data1\" content=\"1\u00a0Minute\" \/>\n<script type=\"application\/ld+json\" class=\"yoast-schema-graph\">{\"@context\":\"https:\/\/schema.org\",\"@graph\":[{\"@type\":\"WebPage\",\"@id\":\"https:\/\/onevintagewholesale.com\/product\/harley-davidson-mix\/\",\"url\":\"https:\/\/onevintagewholesale.com\/product\/harley-davidson-mix\/\",\"name\":\"Harley Davidson kleding mix - Onevintage Wholesale\",\"isPartOf\":{\"@id\":\"https:\/\/onevintagewholesale.com\/#website\"},\"primaryImageOfPage\":{\"@id\":\"https:\/\/onevintagewholesale.com\/product\/harley-davidson-mix\/#primaryimage\"},\"image\":{\"@id\":\"https:\/\/onevintagewholesale.com\/product\/harley-davidson-mix\/#primaryimage\"},\"thumbnailUrl\":\"https:\/\/onevintagewholesale.com\/wp-content\/uploads\/2025\/09\/vintageharleydavidson.jpg\",\"datePublished\":\"2025-09-22T09:04:44+00:00\",\"dateModified\":\"2025-12-12T14:58:30+00:00\",\"description\":\"Ontdek onze bundel met Harley Davidson vintage en tweedehands bovenkleding. Unieke mix van t-shirts, overhemden en truien, ideaal voor winkels en resellers.\",\"breadcrumb\":{\"@id\":\"https:\/\/onevintagewholesale.com\/product\/harley-davidson-mix\/#breadcrumb\"},\"inLanguage\":\"de\",\"potentialAction\":[{\"@type\":\"ReadAction\",\"target\":[\"https:\/\/onevintagewholesale.com\/product\/harley-davidson-mix\/\"]}]},{\"@type\":\"ImageObject\",\"inLanguage\":\"de\",\"@id\":\"https:\/\/onevintagewholesale.com\/product\/harley-davidson-mix\/#primaryimage\",\"url\":\"https:\/\/onevintagewholesale.com\/wp-content\/uploads\/2025\/09\/vintageharleydavidson.jpg\",\"contentUrl\":\"https:\/\/onevintagewholesale.com\/wp-content\/uploads\/2025\/09\/vintageharleydavidson.jpg\",\"width\":1440,\"height\":1440,\"caption\":\"Harley Davidson kleding\"},{\"@type\":\"BreadcrumbList\",\"@id\":\"https:\/\/onevintagewholesale.com\/product\/harley-davidson-mix\/#breadcrumb\",\"itemListElement\":[{\"@type\":\"ListItem\",\"position\":1,\"name\":\"Home\",\"item\":\"https:\/\/onevintagewholesale.com\/\"},{\"@type\":\"ListItem\",\"position\":2,\"name\":\"Bundels\",\"item\":\"https:\/\/onevintagewholesale.com\/bundels\/\"},{\"@type\":\"ListItem\",\"position\":3,\"name\":\"Harley Davidson kleding mix\"}]},{\"@type\":\"WebSite\",\"@id\":\"https:\/\/onevintagewholesale.com\/#website\",\"url\":\"https:\/\/onevintagewholesale.com\/\",\"name\":\"Onevintage Wholesale\",\"description\":\"Een vintage en tweedehands kleding groothandel.\",\"potentialAction\":[{\"@type\":\"SearchAction\",\"target\":{\"@type\":\"EntryPoint\",\"urlTemplate\":\"https:\/\/onevintagewholesale.com\/?s={search_term_string}\"},\"query-input\":{\"@type\":\"PropertyValueSpecification\",\"valueRequired\":true,\"valueName\":\"search_term_string\"}}],\"inLanguage\":\"de\"}]}<\/script>\n<!-- \/ Yoast SEO plugin. -->","yoast_head_json":{"title":"Harley Davidson kleding mix - Onevintage Wholesale","description":"Ontdek onze bundel met Harley Davidson vintage en tweedehands bovenkleding. Unieke mix van t-shirts, overhemden en truien, ideaal voor winkels en resellers.","robots":{"index":"index","follow":"follow","max-snippet":"max-snippet:-1","max-image-preview":"max-image-preview:large","max-video-preview":"max-video-preview:-1"},"canonical":"https:\/\/onevintagewholesale.com\/de\/produkt\/harley-davidson-mix\/","og_locale":"de_DE","og_type":"article","og_title":"Harley Davidson kleding mix - Onevintage Wholesale","og_description":"Ontdek onze bundel met Harley Davidson vintage en tweedehands bovenkleding. Unieke mix van t-shirts, overhemden en truien, ideaal voor winkels en resellers.","og_url":"https:\/\/onevintagewholesale.com\/de\/produkt\/harley-davidson-mix\/","og_site_name":"Onevintage Wholesale","article_modified_time":"2025-12-12T14:58:30+00:00","twitter_card":"summary_large_image","twitter_misc":{"Gesch\u00e4tzte Lesezeit":"1\u00a0Minute"},"schema":{"@context":"https:\/\/schema.org","@graph":[{"@type":"WebPage","@id":"https:\/\/onevintagewholesale.com\/product\/harley-davidson-mix\/","url":"https:\/\/onevintagewholesale.com\/product\/harley-davidson-mix\/","name":"Harley Davidson kleding mix - Onevintage Wholesale","isPartOf":{"@id":"https:\/\/onevintagewholesale.com\/#website"},"primaryImageOfPage":{"@id":"https:\/\/onevintagewholesale.com\/product\/harley-davidson-mix\/#primaryimage"},"image":{"@id":"https:\/\/onevintagewholesale.com\/product\/harley-davidson-mix\/#primaryimage"},"thumbnailUrl":"https:\/\/onevintagewholesale.com\/wp-content\/uploads\/2025\/09\/vintageharleydavidson.jpg","datePublished":"2025-09-22T09:04:44+00:00","dateModified":"2025-12-12T14:58:30+00:00","description":"Ontdek onze bundel met Harley Davidson vintage en tweedehands bovenkleding. Unieke mix van t-shirts, overhemden en truien, ideaal voor winkels en resellers.","breadcrumb":{"@id":"https:\/\/onevintagewholesale.com\/product\/harley-davidson-mix\/#breadcrumb"},"inLanguage":"de","potentialAction":[{"@type":"ReadAction","target":["https:\/\/onevintagewholesale.com\/product\/harley-davidson-mix\/"]}]},{"@type":"ImageObject","inLanguage":"de","@id":"https:\/\/onevintagewholesale.com\/product\/harley-davidson-mix\/#primaryimage","url":"https:\/\/onevintagewholesale.com\/wp-content\/uploads\/2025\/09\/vintageharleydavidson.jpg","contentUrl":"https:\/\/onevintagewholesale.com\/wp-content\/uploads\/2025\/09\/vintageharleydavidson.jpg","width":1440,"height":1440,"caption":"Harley Davidson kleding"},{"@type":"BreadcrumbList","@id":"https:\/\/onevintagewholesale.com\/product\/harley-davidson-mix\/#breadcrumb","itemListElement":[{"@type":"ListItem","position":1,"name":"Home","item":"https:\/\/onevintagewholesale.com\/"},{"@type":"ListItem","position":2,"name":"Bundels","item":"https:\/\/onevintagewholesale.com\/bundels\/"},{"@type":"ListItem","position":3,"name":"Harley Davidson kleding mix"}]},{"@type":"WebSite","@id":"https:\/\/onevintagewholesale.com\/#website","url":"https:\/\/onevintagewholesale.com\/","name":"Onevintage-Gro\u00dfhandel","description":"Ein Gro\u00dfh\u00e4ndler f\u00fcr Vintage- und Secondhand-Kleidung.","potentialAction":[{"@type":"SearchAction","target":{"@type":"EntryPoint","urlTemplate":"https:\/\/onevintagewholesale.com\/?s={search_term_string}"},"query-input":{"@type":"PropertyValueSpecification","valueRequired":true,"valueName":"search_term_string"}}],"inLanguage":"de"}]}},"jetpack_sharing_enabled":true,"_links":{"self":[{"href":"https:\/\/onevintagewholesale.com\/de\/wp-json\/wp\/v2\/product\/123","targetHints":{"allow":["GET"]}}],"collection":[{"href":"https:\/\/onevintagewholesale.com\/de\/wp-json\/wp\/v2\/product"}],"about":[{"href":"https:\/\/onevintagewholesale.com\/de\/wp-json\/wp\/v2\/types\/product"}],"replies":[{"embeddable":true,"href":"https:\/\/onevintagewholesale.com\/de\/wp-json\/wp\/v2\/comments?post=123"}],"wp:featuredmedia":[{"embeddable":true,"href":"https:\/\/onevintagewholesale.com\/de\/wp-json\/wp\/v2\/media\/324"}],"wp:attachment":[{"href":"https:\/\/onevintagewholesale.com\/de\/wp-json\/wp\/v2\/media?parent=123"}],"wp:term":[{"taxonomy":"product_brand","embeddable":true,"href":"https:\/\/onevintagewholesale.com\/de\/wp-json\/wp\/v2\/product_brand?post=123"},{"taxonomy":"product_cat","embeddable":true,"href":"https:\/\/onevintagewholesale.com\/de\/wp-json\/wp\/v2\/product_cat?post=123"},{"taxonomy":"product_tag","embeddable":true,"href":"https:\/\/onevintagewholesale.com\/de\/wp-json\/wp\/v2\/product_tag?post=123"}],"curies":[{"name":"wp","href":"https:\/\/api.w.org\/{rel}","templated":true}]}}