{"id":127,"date":"2025-09-22T09:38:25","date_gmt":"2025-09-22T09:38:25","guid":{"rendered":"https:\/\/onevintagewholesale.com\/?post_type=product&#038;p=127"},"modified":"2026-02-20T18:33:16","modified_gmt":"2026-02-20T18:33:16","slug":"ralph-lauren-overhemden","status":"publish","type":"product","link":"https:\/\/onevintagewholesale.com\/de\/produkt\/ralph-lauren-overhemden\/","title":{"rendered":"Ralph Lauren Hemden"},"content":{"rendered":"<p><strong>Alte und gebrauchte Ralph Lauren-Hemden<\/strong><\/p>\n<p>In dem Paket finden Sie eine Auswahl an verschiedenen Ralph Lauren Hemden. Die Hemden gibt es in verschiedenen Stilen, Farben und Gr\u00f6\u00dfen. Wir werden immer daf\u00fcr sorgen, dass Ihre Bestellung eine einzigartige Mischung ist und verschiedene Kleidungsst\u00fccke aus unserer Kollektion enth\u00e4lt.<\/p>\n<p>Die Fotos sind nur eine Demonstration der Artikel, die Sie erhalten k\u00f6nnen, Sie werden \u00e4hnliche Artikel aus unserem Sortiment erhalten.<\/p>\n<p>Die Gr\u00f6\u00dfen liegen haupts\u00e4chlich zwischen XS und XXL, gelegentlich gibt es auch gr\u00f6\u00dfere oder kleinere Artikel.<\/p>\n<p>Die Kleidungsst\u00fccke sind Vintage und Secondhand. Die Artikel k\u00f6nnen daher Flecken enthalten. Wir empfehlen daher, die Artikel zu waschen, sobald Sie sie erhalten.<\/p>\n<p>Die Kleidungsst\u00fccke haben im Allgemeinen keine M\u00e4ngel (G\u00fcteklasse A). Bitte beachten Sie jedoch, dass bis zu 15% der Artikel der G\u00fcteklasse B angeh\u00f6ren k\u00f6nnen (Artikel mit M\u00e4ngeln). Zur G\u00fcteklasse B geh\u00f6ren Artikel mit kleinen L\u00f6chern oder Flecken, die nach dem Waschen nicht herausgegangen sind.<\/p>","protected":false},"excerpt":{"rendered":"<p>In dem Bundle finden Sie eine Auswahl verschiedener Ralph Lauren Hemden, ein Muss f\u00fcr jeden Wiederverk\u00e4ufer. F\u00fcllen Sie also Ihr Lager mit diesem Bundle von Ralph Lauren Hemden auf.<\/p>","protected":false},"featured_media":471,"comment_status":"open","ping_status":"closed","template":"","meta":{"inline_featured_image":false},"product_brand":[38],"product_cat":[47],"product_tag":[],"class_list":{"0":"post-127","1":"product","2":"type-product","3":"status-publish","4":"has-post-thumbnail","6":"product_brand-ralph-lauren","7":"product_cat-bundels","9":"first","10":"instock","11":"shipping-taxable","12":"purchasable","13":"product-type-variable"},"yoast_head":"<!-- This site is optimized with the Yoast SEO plugin v26.9 - https:\/\/yoast.com\/product\/yoast-seo-wordpress\/ -->\n<title>Ralph Lauren overhemden - Onevintage Wholesale<\/title>\n<meta name=\"description\" content=\"Ontvang vintage en tweedehands Ralph Lauren overhemden in diverse stijlen, kleuren en maten. Unieke mix, perfect voor resellers en liefhebbers!\" \/>\n<meta name=\"robots\" content=\"index, follow, max-snippet:-1, max-image-preview:large, max-video-preview:-1\" \/>\n<link rel=\"canonical\" href=\"https:\/\/onevintagewholesale.com\/de\/produkt\/ralph-lauren-overhemden\/\" \/>\n<meta property=\"og:locale\" content=\"de_DE\" \/>\n<meta property=\"og:type\" content=\"article\" \/>\n<meta property=\"og:title\" content=\"Ralph Lauren overhemden - Onevintage Wholesale\" \/>\n<meta property=\"og:description\" content=\"Ontvang vintage en tweedehands Ralph Lauren overhemden in diverse stijlen, kleuren en maten. Unieke mix, perfect voor resellers en liefhebbers!\" \/>\n<meta property=\"og:url\" content=\"https:\/\/onevintagewholesale.com\/de\/produkt\/ralph-lauren-overhemden\/\" \/>\n<meta property=\"og:site_name\" content=\"Onevintage Wholesale\" \/>\n<meta property=\"article:modified_time\" content=\"2026-02-20T18:33:16+00:00\" \/>\n<meta property=\"og:image\" content=\"https:\/\/onevintagewholesale.com\/wp-content\/uploads\/2025\/09\/IMG_6776.jpg\" \/>\n\t<meta property=\"og:image:width\" content=\"2000\" \/>\n\t<meta property=\"og:image:height\" content=\"2000\" \/>\n\t<meta property=\"og:image:type\" content=\"image\/jpeg\" \/>\n<meta name=\"twitter:card\" content=\"summary_large_image\" \/>\n<meta name=\"twitter:label1\" content=\"Gesch\u00e4tzte Lesezeit\" \/>\n\t<meta name=\"twitter:data1\" content=\"1\u00a0Minute\" \/>\n<script type=\"application\/ld+json\" class=\"yoast-schema-graph\">{\"@context\":\"https:\/\/schema.org\",\"@graph\":[{\"@type\":\"WebPage\",\"@id\":\"https:\/\/onevintagewholesale.com\/product\/ralph-lauren-overhemden\/\",\"url\":\"https:\/\/onevintagewholesale.com\/product\/ralph-lauren-overhemden\/\",\"name\":\"Ralph Lauren overhemden - Onevintage Wholesale\",\"isPartOf\":{\"@id\":\"https:\/\/onevintagewholesale.com\/#website\"},\"primaryImageOfPage\":{\"@id\":\"https:\/\/onevintagewholesale.com\/product\/ralph-lauren-overhemden\/#primaryimage\"},\"image\":{\"@id\":\"https:\/\/onevintagewholesale.com\/product\/ralph-lauren-overhemden\/#primaryimage\"},\"thumbnailUrl\":\"https:\/\/onevintagewholesale.com\/wp-content\/uploads\/2025\/09\/IMG_6776.jpg\",\"datePublished\":\"2025-09-22T09:38:25+00:00\",\"dateModified\":\"2026-02-20T18:33:16+00:00\",\"description\":\"Ontvang vintage en tweedehands Ralph Lauren overhemden in diverse stijlen, kleuren en maten. Unieke mix, perfect voor resellers en liefhebbers!\",\"breadcrumb\":{\"@id\":\"https:\/\/onevintagewholesale.com\/product\/ralph-lauren-overhemden\/#breadcrumb\"},\"inLanguage\":\"de\",\"potentialAction\":[{\"@type\":\"ReadAction\",\"target\":[\"https:\/\/onevintagewholesale.com\/product\/ralph-lauren-overhemden\/\"]}]},{\"@type\":\"ImageObject\",\"inLanguage\":\"de\",\"@id\":\"https:\/\/onevintagewholesale.com\/product\/ralph-lauren-overhemden\/#primaryimage\",\"url\":\"https:\/\/onevintagewholesale.com\/wp-content\/uploads\/2025\/09\/IMG_6776.jpg\",\"contentUrl\":\"https:\/\/onevintagewholesale.com\/wp-content\/uploads\/2025\/09\/IMG_6776.jpg\",\"width\":2000,\"height\":2000,\"caption\":\"Ralph Lauren overhemden\"},{\"@type\":\"BreadcrumbList\",\"@id\":\"https:\/\/onevintagewholesale.com\/product\/ralph-lauren-overhemden\/#breadcrumb\",\"itemListElement\":[{\"@type\":\"ListItem\",\"position\":1,\"name\":\"Home\",\"item\":\"https:\/\/onevintagewholesale.com\/\"},{\"@type\":\"ListItem\",\"position\":2,\"name\":\"Bundels\",\"item\":\"https:\/\/onevintagewholesale.com\/bundels\/\"},{\"@type\":\"ListItem\",\"position\":3,\"name\":\"Ralph Lauren overhemden\"}]},{\"@type\":\"WebSite\",\"@id\":\"https:\/\/onevintagewholesale.com\/#website\",\"url\":\"https:\/\/onevintagewholesale.com\/\",\"name\":\"Onevintage Wholesale\",\"description\":\"Een vintage en tweedehands kleding groothandel.\",\"potentialAction\":[{\"@type\":\"SearchAction\",\"target\":{\"@type\":\"EntryPoint\",\"urlTemplate\":\"https:\/\/onevintagewholesale.com\/?s={search_term_string}\"},\"query-input\":{\"@type\":\"PropertyValueSpecification\",\"valueRequired\":true,\"valueName\":\"search_term_string\"}}],\"inLanguage\":\"de\"}]}<\/script>\n<!-- \/ Yoast SEO plugin. -->","yoast_head_json":{"title":"Ralph Lauren overhemden - Onevintage Wholesale","description":"Ontvang vintage en tweedehands Ralph Lauren overhemden in diverse stijlen, kleuren en maten. Unieke mix, perfect voor resellers en liefhebbers!","robots":{"index":"index","follow":"follow","max-snippet":"max-snippet:-1","max-image-preview":"max-image-preview:large","max-video-preview":"max-video-preview:-1"},"canonical":"https:\/\/onevintagewholesale.com\/de\/produkt\/ralph-lauren-overhemden\/","og_locale":"de_DE","og_type":"article","og_title":"Ralph Lauren overhemden - Onevintage Wholesale","og_description":"Ontvang vintage en tweedehands Ralph Lauren overhemden in diverse stijlen, kleuren en maten. Unieke mix, perfect voor resellers en liefhebbers!","og_url":"https:\/\/onevintagewholesale.com\/de\/produkt\/ralph-lauren-overhemden\/","og_site_name":"Onevintage Wholesale","article_modified_time":"2026-02-20T18:33:16+00:00","og_image":[{"width":2000,"height":2000,"url":"https:\/\/onevintagewholesale.com\/wp-content\/uploads\/2025\/09\/IMG_6776.jpg","type":"image\/jpeg"}],"twitter_card":"summary_large_image","twitter_misc":{"Gesch\u00e4tzte Lesezeit":"1\u00a0Minute"},"schema":{"@context":"https:\/\/schema.org","@graph":[{"@type":"WebPage","@id":"https:\/\/onevintagewholesale.com\/product\/ralph-lauren-overhemden\/","url":"https:\/\/onevintagewholesale.com\/product\/ralph-lauren-overhemden\/","name":"Ralph Lauren overhemden - Onevintage Wholesale","isPartOf":{"@id":"https:\/\/onevintagewholesale.com\/#website"},"primaryImageOfPage":{"@id":"https:\/\/onevintagewholesale.com\/product\/ralph-lauren-overhemden\/#primaryimage"},"image":{"@id":"https:\/\/onevintagewholesale.com\/product\/ralph-lauren-overhemden\/#primaryimage"},"thumbnailUrl":"https:\/\/onevintagewholesale.com\/wp-content\/uploads\/2025\/09\/IMG_6776.jpg","datePublished":"2025-09-22T09:38:25+00:00","dateModified":"2026-02-20T18:33:16+00:00","description":"Ontvang vintage en tweedehands Ralph Lauren overhemden in diverse stijlen, kleuren en maten. Unieke mix, perfect voor resellers en liefhebbers!","breadcrumb":{"@id":"https:\/\/onevintagewholesale.com\/product\/ralph-lauren-overhemden\/#breadcrumb"},"inLanguage":"de","potentialAction":[{"@type":"ReadAction","target":["https:\/\/onevintagewholesale.com\/product\/ralph-lauren-overhemden\/"]}]},{"@type":"ImageObject","inLanguage":"de","@id":"https:\/\/onevintagewholesale.com\/product\/ralph-lauren-overhemden\/#primaryimage","url":"https:\/\/onevintagewholesale.com\/wp-content\/uploads\/2025\/09\/IMG_6776.jpg","contentUrl":"https:\/\/onevintagewholesale.com\/wp-content\/uploads\/2025\/09\/IMG_6776.jpg","width":2000,"height":2000,"caption":"Ralph Lauren overhemden"},{"@type":"BreadcrumbList","@id":"https:\/\/onevintagewholesale.com\/product\/ralph-lauren-overhemden\/#breadcrumb","itemListElement":[{"@type":"ListItem","position":1,"name":"Home","item":"https:\/\/onevintagewholesale.com\/"},{"@type":"ListItem","position":2,"name":"Bundels","item":"https:\/\/onevintagewholesale.com\/bundels\/"},{"@type":"ListItem","position":3,"name":"Ralph Lauren overhemden"}]},{"@type":"WebSite","@id":"https:\/\/onevintagewholesale.com\/#website","url":"https:\/\/onevintagewholesale.com\/","name":"Onevintage-Gro\u00dfhandel","description":"Ein Gro\u00dfh\u00e4ndler f\u00fcr Vintage- und Secondhand-Kleidung.","potentialAction":[{"@type":"SearchAction","target":{"@type":"EntryPoint","urlTemplate":"https:\/\/onevintagewholesale.com\/?s={search_term_string}"},"query-input":{"@type":"PropertyValueSpecification","valueRequired":true,"valueName":"search_term_string"}}],"inLanguage":"de"}]}},"jetpack_sharing_enabled":true,"_links":{"self":[{"href":"https:\/\/onevintagewholesale.com\/de\/wp-json\/wp\/v2\/product\/127","targetHints":{"allow":["GET"]}}],"collection":[{"href":"https:\/\/onevintagewholesale.com\/de\/wp-json\/wp\/v2\/product"}],"about":[{"href":"https:\/\/onevintagewholesale.com\/de\/wp-json\/wp\/v2\/types\/product"}],"replies":[{"embeddable":true,"href":"https:\/\/onevintagewholesale.com\/de\/wp-json\/wp\/v2\/comments?post=127"}],"wp:featuredmedia":[{"embeddable":true,"href":"https:\/\/onevintagewholesale.com\/de\/wp-json\/wp\/v2\/media\/471"}],"wp:attachment":[{"href":"https:\/\/onevintagewholesale.com\/de\/wp-json\/wp\/v2\/media?parent=127"}],"wp:term":[{"taxonomy":"product_brand","embeddable":true,"href":"https:\/\/onevintagewholesale.com\/de\/wp-json\/wp\/v2\/product_brand?post=127"},{"taxonomy":"product_cat","embeddable":true,"href":"https:\/\/onevintagewholesale.com\/de\/wp-json\/wp\/v2\/product_cat?post=127"},{"taxonomy":"product_tag","embeddable":true,"href":"https:\/\/onevintagewholesale.com\/de\/wp-json\/wp\/v2\/product_tag?post=127"}],"curies":[{"name":"wp","href":"https:\/\/api.w.org\/{rel}","templated":true}]}}