{"id":129,"date":"2025-09-22T09:39:03","date_gmt":"2025-09-22T09:39:03","guid":{"rendered":"https:\/\/onevintagewholesale.com\/?post_type=product&#038;p=129"},"modified":"2025-12-04T11:29:13","modified_gmt":"2025-12-04T11:29:13","slug":"ralph-lauren-overhemden-korte-mouw","status":"publish","type":"product","link":"https:\/\/onevintagewholesale.com\/de\/produkt\/ralph-lauren-overhemden-korte-mouw\/","title":{"rendered":"Ralph Lauren Hemden kurzarm"},"content":{"rendered":"<p><strong>Klassische und gebrauchte Ralph Lauren Hemden mit kurzen \u00c4rmeln<\/strong><\/p>\n<p>In dem Bundle finden Sie eine Auswahl an verschiedenen Ralph Lauren Kurzarmhemden. Die Hemden gibt es in verschiedenen Stilen, Farben und Gr\u00f6\u00dfen. Wir sorgen immer daf\u00fcr, dass Ihre Bestellung eine einzigartige Mischung ist und verschiedene Kleidungsst\u00fccke aus unserer Kollektion enth\u00e4lt.<\/p>\n<p>Die Gr\u00f6\u00dfen liegen haupts\u00e4chlich zwischen S und XXL. Sie k\u00f6nnen jedoch auch einige gr\u00f6\u00dfere oder kleinere Artikel erhalten.<\/p>\n<p>Die Fotos sind nur eine Demonstration der Artikel, die Sie erhalten k\u00f6nnen, Sie werden \u00e4hnliche Artikel aus unserem Sortiment erhalten. Aus den Fotos k\u00f6nnen keine Rechte abgeleitet werden.<\/p>\n<p>Die Kleidungsst\u00fccke haben im Allgemeinen keine M\u00e4ngel (G\u00fcteklasse A). Aufgrund menschlicher Fehler bei der \u00dcberpr\u00fcfung und Sortierung der Kleidungsst\u00fccke in unserem Bekleidungslager kann es in diesem Paket zu einem kleinen Prozentsatz an Artikeln der G\u00fcteklasse B (Artikel mit M\u00e4ngeln) kommen.<\/p>","protected":false},"excerpt":{"rendered":"<p>In dem Bundle finden Sie eine Auswahl verschiedener Ralph Lauren Hemden, ein Muss f\u00fcr jeden Wiederverk\u00e4ufer. F\u00fcllen Sie also Ihr Lager mit diesem Bundle von Ralph Lauren Hemden auf.<\/p>","protected":false},"featured_media":471,"comment_status":"open","ping_status":"closed","template":"","meta":{"inline_featured_image":false},"product_brand":[38],"product_cat":[47],"product_tag":[],"class_list":{"0":"post-129","1":"product","2":"type-product","3":"status-publish","4":"has-post-thumbnail","6":"product_brand-ralph-lauren","7":"product_cat-bundels","9":"first","10":"instock","11":"shipping-taxable","12":"purchasable","13":"product-type-variable"},"yoast_head":"<!-- This site is optimized with the Yoast SEO plugin v26.9 - https:\/\/yoast.com\/product\/yoast-seo-wordpress\/ -->\n<title>Ralph Lauren overhemden korte mouw - Onevintage Wholesale<\/title>\n<meta name=\"description\" content=\"Ontvang 25 vintage en tweedehands Ralph Lauren overhemden in diverse stijlen, kleuren en maten. Unieke mix, perfect voor resellers en liefhebbers!\" \/>\n<meta name=\"robots\" content=\"index, follow, max-snippet:-1, max-image-preview:large, max-video-preview:-1\" \/>\n<link rel=\"canonical\" href=\"https:\/\/onevintagewholesale.com\/de\/produkt\/ralph-lauren-overhemden-korte-mouw\/\" \/>\n<meta property=\"og:locale\" content=\"de_DE\" \/>\n<meta property=\"og:type\" content=\"article\" \/>\n<meta property=\"og:title\" content=\"Ralph Lauren overhemden korte mouw - Onevintage Wholesale\" \/>\n<meta property=\"og:description\" content=\"Ontvang 25 vintage en tweedehands Ralph Lauren overhemden in diverse stijlen, kleuren en maten. Unieke mix, perfect voor resellers en liefhebbers!\" \/>\n<meta property=\"og:url\" content=\"https:\/\/onevintagewholesale.com\/de\/produkt\/ralph-lauren-overhemden-korte-mouw\/\" \/>\n<meta property=\"og:site_name\" content=\"Onevintage Wholesale\" \/>\n<meta property=\"article:modified_time\" content=\"2025-12-04T11:29:13+00:00\" \/>\n<meta property=\"og:image\" content=\"https:\/\/onevintagewholesale.com\/wp-content\/uploads\/2025\/09\/IMG_6776.jpg\" \/>\n\t<meta property=\"og:image:width\" content=\"2000\" \/>\n\t<meta property=\"og:image:height\" content=\"2000\" \/>\n\t<meta property=\"og:image:type\" content=\"image\/jpeg\" \/>\n<meta name=\"twitter:card\" content=\"summary_large_image\" \/>\n<meta name=\"twitter:label1\" content=\"Gesch\u00e4tzte Lesezeit\" \/>\n\t<meta name=\"twitter:data1\" content=\"1\u00a0Minute\" \/>\n<script type=\"application\/ld+json\" class=\"yoast-schema-graph\">{\"@context\":\"https:\/\/schema.org\",\"@graph\":[{\"@type\":\"WebPage\",\"@id\":\"https:\/\/onevintagewholesale.com\/product\/ralph-lauren-overhemden-korte-mouw\/\",\"url\":\"https:\/\/onevintagewholesale.com\/product\/ralph-lauren-overhemden-korte-mouw\/\",\"name\":\"Ralph Lauren overhemden korte mouw - Onevintage Wholesale\",\"isPartOf\":{\"@id\":\"https:\/\/onevintagewholesale.com\/#website\"},\"primaryImageOfPage\":{\"@id\":\"https:\/\/onevintagewholesale.com\/product\/ralph-lauren-overhemden-korte-mouw\/#primaryimage\"},\"image\":{\"@id\":\"https:\/\/onevintagewholesale.com\/product\/ralph-lauren-overhemden-korte-mouw\/#primaryimage\"},\"thumbnailUrl\":\"https:\/\/onevintagewholesale.com\/wp-content\/uploads\/2025\/09\/IMG_6776.jpg\",\"datePublished\":\"2025-09-22T09:39:03+00:00\",\"dateModified\":\"2025-12-04T11:29:13+00:00\",\"description\":\"Ontvang 25 vintage en tweedehands Ralph Lauren overhemden in diverse stijlen, kleuren en maten. Unieke mix, perfect voor resellers en liefhebbers!\",\"breadcrumb\":{\"@id\":\"https:\/\/onevintagewholesale.com\/product\/ralph-lauren-overhemden-korte-mouw\/#breadcrumb\"},\"inLanguage\":\"de\",\"potentialAction\":[{\"@type\":\"ReadAction\",\"target\":[\"https:\/\/onevintagewholesale.com\/product\/ralph-lauren-overhemden-korte-mouw\/\"]}]},{\"@type\":\"ImageObject\",\"inLanguage\":\"de\",\"@id\":\"https:\/\/onevintagewholesale.com\/product\/ralph-lauren-overhemden-korte-mouw\/#primaryimage\",\"url\":\"https:\/\/onevintagewholesale.com\/wp-content\/uploads\/2025\/09\/IMG_6776.jpg\",\"contentUrl\":\"https:\/\/onevintagewholesale.com\/wp-content\/uploads\/2025\/09\/IMG_6776.jpg\",\"width\":2000,\"height\":2000,\"caption\":\"Ralph Lauren overhemden\"},{\"@type\":\"BreadcrumbList\",\"@id\":\"https:\/\/onevintagewholesale.com\/product\/ralph-lauren-overhemden-korte-mouw\/#breadcrumb\",\"itemListElement\":[{\"@type\":\"ListItem\",\"position\":1,\"name\":\"Home\",\"item\":\"https:\/\/onevintagewholesale.com\/\"},{\"@type\":\"ListItem\",\"position\":2,\"name\":\"Bundels\",\"item\":\"https:\/\/onevintagewholesale.com\/bundels\/\"},{\"@type\":\"ListItem\",\"position\":3,\"name\":\"Ralph Lauren overhemden korte mouw\"}]},{\"@type\":\"WebSite\",\"@id\":\"https:\/\/onevintagewholesale.com\/#website\",\"url\":\"https:\/\/onevintagewholesale.com\/\",\"name\":\"Onevintage Wholesale\",\"description\":\"Een vintage en tweedehands kleding groothandel.\",\"potentialAction\":[{\"@type\":\"SearchAction\",\"target\":{\"@type\":\"EntryPoint\",\"urlTemplate\":\"https:\/\/onevintagewholesale.com\/?s={search_term_string}\"},\"query-input\":{\"@type\":\"PropertyValueSpecification\",\"valueRequired\":true,\"valueName\":\"search_term_string\"}}],\"inLanguage\":\"de\"}]}<\/script>\n<!-- \/ Yoast SEO plugin. -->","yoast_head_json":{"title":"Ralph Lauren overhemden korte mouw - Onevintage Wholesale","description":"Ontvang 25 vintage en tweedehands Ralph Lauren overhemden in diverse stijlen, kleuren en maten. Unieke mix, perfect voor resellers en liefhebbers!","robots":{"index":"index","follow":"follow","max-snippet":"max-snippet:-1","max-image-preview":"max-image-preview:large","max-video-preview":"max-video-preview:-1"},"canonical":"https:\/\/onevintagewholesale.com\/de\/produkt\/ralph-lauren-overhemden-korte-mouw\/","og_locale":"de_DE","og_type":"article","og_title":"Ralph Lauren overhemden korte mouw - Onevintage Wholesale","og_description":"Ontvang 25 vintage en tweedehands Ralph Lauren overhemden in diverse stijlen, kleuren en maten. Unieke mix, perfect voor resellers en liefhebbers!","og_url":"https:\/\/onevintagewholesale.com\/de\/produkt\/ralph-lauren-overhemden-korte-mouw\/","og_site_name":"Onevintage Wholesale","article_modified_time":"2025-12-04T11:29:13+00:00","og_image":[{"width":2000,"height":2000,"url":"https:\/\/onevintagewholesale.com\/wp-content\/uploads\/2025\/09\/IMG_6776.jpg","type":"image\/jpeg"}],"twitter_card":"summary_large_image","twitter_misc":{"Gesch\u00e4tzte Lesezeit":"1\u00a0Minute"},"schema":{"@context":"https:\/\/schema.org","@graph":[{"@type":"WebPage","@id":"https:\/\/onevintagewholesale.com\/product\/ralph-lauren-overhemden-korte-mouw\/","url":"https:\/\/onevintagewholesale.com\/product\/ralph-lauren-overhemden-korte-mouw\/","name":"Ralph Lauren overhemden korte mouw - Onevintage Wholesale","isPartOf":{"@id":"https:\/\/onevintagewholesale.com\/#website"},"primaryImageOfPage":{"@id":"https:\/\/onevintagewholesale.com\/product\/ralph-lauren-overhemden-korte-mouw\/#primaryimage"},"image":{"@id":"https:\/\/onevintagewholesale.com\/product\/ralph-lauren-overhemden-korte-mouw\/#primaryimage"},"thumbnailUrl":"https:\/\/onevintagewholesale.com\/wp-content\/uploads\/2025\/09\/IMG_6776.jpg","datePublished":"2025-09-22T09:39:03+00:00","dateModified":"2025-12-04T11:29:13+00:00","description":"Ontvang 25 vintage en tweedehands Ralph Lauren overhemden in diverse stijlen, kleuren en maten. Unieke mix, perfect voor resellers en liefhebbers!","breadcrumb":{"@id":"https:\/\/onevintagewholesale.com\/product\/ralph-lauren-overhemden-korte-mouw\/#breadcrumb"},"inLanguage":"de","potentialAction":[{"@type":"ReadAction","target":["https:\/\/onevintagewholesale.com\/product\/ralph-lauren-overhemden-korte-mouw\/"]}]},{"@type":"ImageObject","inLanguage":"de","@id":"https:\/\/onevintagewholesale.com\/product\/ralph-lauren-overhemden-korte-mouw\/#primaryimage","url":"https:\/\/onevintagewholesale.com\/wp-content\/uploads\/2025\/09\/IMG_6776.jpg","contentUrl":"https:\/\/onevintagewholesale.com\/wp-content\/uploads\/2025\/09\/IMG_6776.jpg","width":2000,"height":2000,"caption":"Ralph Lauren overhemden"},{"@type":"BreadcrumbList","@id":"https:\/\/onevintagewholesale.com\/product\/ralph-lauren-overhemden-korte-mouw\/#breadcrumb","itemListElement":[{"@type":"ListItem","position":1,"name":"Home","item":"https:\/\/onevintagewholesale.com\/"},{"@type":"ListItem","position":2,"name":"Bundels","item":"https:\/\/onevintagewholesale.com\/bundels\/"},{"@type":"ListItem","position":3,"name":"Ralph Lauren overhemden korte mouw"}]},{"@type":"WebSite","@id":"https:\/\/onevintagewholesale.com\/#website","url":"https:\/\/onevintagewholesale.com\/","name":"Onevintage-Gro\u00dfhandel","description":"Ein Gro\u00dfh\u00e4ndler f\u00fcr Vintage- und Secondhand-Kleidung.","potentialAction":[{"@type":"SearchAction","target":{"@type":"EntryPoint","urlTemplate":"https:\/\/onevintagewholesale.com\/?s={search_term_string}"},"query-input":{"@type":"PropertyValueSpecification","valueRequired":true,"valueName":"search_term_string"}}],"inLanguage":"de"}]}},"jetpack_sharing_enabled":true,"_links":{"self":[{"href":"https:\/\/onevintagewholesale.com\/de\/wp-json\/wp\/v2\/product\/129","targetHints":{"allow":["GET"]}}],"collection":[{"href":"https:\/\/onevintagewholesale.com\/de\/wp-json\/wp\/v2\/product"}],"about":[{"href":"https:\/\/onevintagewholesale.com\/de\/wp-json\/wp\/v2\/types\/product"}],"replies":[{"embeddable":true,"href":"https:\/\/onevintagewholesale.com\/de\/wp-json\/wp\/v2\/comments?post=129"}],"wp:featuredmedia":[{"embeddable":true,"href":"https:\/\/onevintagewholesale.com\/de\/wp-json\/wp\/v2\/media\/471"}],"wp:attachment":[{"href":"https:\/\/onevintagewholesale.com\/de\/wp-json\/wp\/v2\/media?parent=129"}],"wp:term":[{"taxonomy":"product_brand","embeddable":true,"href":"https:\/\/onevintagewholesale.com\/de\/wp-json\/wp\/v2\/product_brand?post=129"},{"taxonomy":"product_cat","embeddable":true,"href":"https:\/\/onevintagewholesale.com\/de\/wp-json\/wp\/v2\/product_cat?post=129"},{"taxonomy":"product_tag","embeddable":true,"href":"https:\/\/onevintagewholesale.com\/de\/wp-json\/wp\/v2\/product_tag?post=129"}],"curies":[{"name":"wp","href":"https:\/\/api.w.org\/{rel}","templated":true}]}}