{"id":131,"date":"2025-09-22T09:40:20","date_gmt":"2025-09-22T09:40:20","guid":{"rendered":"https:\/\/onevintagewholesale.com\/?post_type=product&#038;p=131"},"modified":"2026-02-20T19:34:37","modified_gmt":"2026-02-20T19:34:37","slug":"merken-rugby-poloshirts","status":"publish","type":"product","link":"https:\/\/onevintagewholesale.com\/de\/produkt\/merken-rugby-poloshirts\/","title":{"rendered":"MARKEN VON RUGBY-POLOSHIRTS MIT LANGEN \u00c4RMELN"},"content":{"rendered":"<h3>Alte und gebrauchte Marken-Rugby-Poloshirts<\/h3>\n<p>Sie suchen einen Gro\u00dfh\u00e4ndler f\u00fcr Vintage-Kleidung, um Ihre Vintage- und Second-Hand-Kleidung zu beschaffen? Dann k\u00f6nnte dieses Paket perfekt f\u00fcr Sie sein. Dieses Paket enth\u00e4lt alte und gebrauchte lang\u00e4rmelige Rugby-Poloshirts.<\/p>\n<p>In diesem Paket finden Sie eine Auswahl an Rugby-Poloshirts verschiedener Marken. Die Polos gibt es in verschiedenen Stilen, Farben und Gr\u00f6\u00dfen. Wir sorgen immer daf\u00fcr, dass Ihre Bestellung eine einzigartige Mischung ist und verschiedene Kleidungsst\u00fccke aus unserer Kollektion enth\u00e4lt.<\/p>\n<p>Die Gr\u00f6\u00dfen reichen von S bis XXL, es kann sein, dass Sie einige gr\u00f6\u00dfere oder kleinere Artikel erhalten.<\/p>\n<p>Die Fotos sind nur eine Demonstration der Artikel, die Sie erhalten k\u00f6nnen, Sie werden \u00e4hnliche Artikel aus unserem Sortiment erhalten. Aus den Fotos k\u00f6nnen keine Rechte abgeleitet werden.<\/p>\n<p>Die Kleidungsst\u00fccke haben im Allgemeinen keine M\u00e4ngel (G\u00fcteklasse A). Aufgrund menschlicher Fehler bei der \u00dcberpr\u00fcfung und Sortierung der Kleidungsst\u00fccke in unserem Bekleidungslager kann es in diesem Paket zu einem kleinen Prozentsatz an Artikeln der G\u00fcteklasse B (Artikel mit M\u00e4ngeln) kommen.<\/p>","protected":false},"excerpt":{"rendered":"<p>In diesem Paket finden Sie eine Auswahl an lang\u00e4rmeligen Rugby-Poloshirts verschiedener Marken, ein Muss f\u00fcr jeden Wiederverk\u00e4ufer. F\u00fcllen Sie also Ihr Lager mit diesem Bundle von Ralph Lauren Shirts auf.<\/p>","protected":false},"featured_media":470,"comment_status":"open","ping_status":"closed","template":"","meta":{"inline_featured_image":false},"product_brand":[38,40],"product_cat":[47],"product_tag":[],"class_list":{"0":"post-131","1":"product","2":"type-product","3":"status-publish","4":"has-post-thumbnail","6":"product_brand-ralph-lauren","7":"product_brand-tommy-hilfiger","8":"product_cat-bundels","10":"first","11":"onbackorder","12":"shipping-taxable","13":"purchasable","14":"product-type-variable"},"yoast_head":"<!-- This site is optimized with the Yoast SEO plugin v26.9 - https:\/\/yoast.com\/product\/yoast-seo-wordpress\/ -->\n<title>MERKEN RUGBY POLOSHIRT&#039;S LANGE MOUW - Onevintage Wholesale<\/title>\n<meta name=\"description\" content=\"Ontvang vintage en tweedehands merken rugby poloshirts in diverse stijlen, kleuren en maten. Unieke mix, perfect voor resellers en liefhebbers!\" \/>\n<meta name=\"robots\" content=\"index, follow, max-snippet:-1, max-image-preview:large, max-video-preview:-1\" \/>\n<link rel=\"canonical\" href=\"https:\/\/onevintagewholesale.com\/de\/produkt\/merken-rugby-poloshirts\/\" \/>\n<meta property=\"og:locale\" content=\"de_DE\" \/>\n<meta property=\"og:type\" content=\"article\" \/>\n<meta property=\"og:title\" content=\"MERKEN RUGBY POLOSHIRT&#039;S LANGE MOUW - Onevintage Wholesale\" \/>\n<meta property=\"og:description\" content=\"Ontvang vintage en tweedehands merken rugby poloshirts in diverse stijlen, kleuren en maten. Unieke mix, perfect voor resellers en liefhebbers!\" \/>\n<meta property=\"og:url\" content=\"https:\/\/onevintagewholesale.com\/de\/produkt\/merken-rugby-poloshirts\/\" \/>\n<meta property=\"og:site_name\" content=\"Onevintage Wholesale\" \/>\n<meta property=\"article:modified_time\" content=\"2026-02-20T19:34:37+00:00\" \/>\n<meta property=\"og:image\" content=\"https:\/\/onevintagewholesale.com\/wp-content\/uploads\/2025\/09\/IMG_6719.jpg\" \/>\n\t<meta property=\"og:image:width\" content=\"2000\" \/>\n\t<meta property=\"og:image:height\" content=\"2000\" \/>\n\t<meta property=\"og:image:type\" content=\"image\/jpeg\" \/>\n<meta name=\"twitter:card\" content=\"summary_large_image\" \/>\n<meta name=\"twitter:label1\" content=\"Gesch\u00e4tzte Lesezeit\" \/>\n\t<meta name=\"twitter:data1\" content=\"2\u00a0Minuten\" \/>\n<script type=\"application\/ld+json\" class=\"yoast-schema-graph\">{\"@context\":\"https:\/\/schema.org\",\"@graph\":[{\"@type\":\"WebPage\",\"@id\":\"https:\/\/onevintagewholesale.com\/product\/merken-rugby-poloshirts\/\",\"url\":\"https:\/\/onevintagewholesale.com\/product\/merken-rugby-poloshirts\/\",\"name\":\"MERKEN RUGBY POLOSHIRT'S LANGE MOUW - Onevintage Wholesale\",\"isPartOf\":{\"@id\":\"https:\/\/onevintagewholesale.com\/#website\"},\"primaryImageOfPage\":{\"@id\":\"https:\/\/onevintagewholesale.com\/product\/merken-rugby-poloshirts\/#primaryimage\"},\"image\":{\"@id\":\"https:\/\/onevintagewholesale.com\/product\/merken-rugby-poloshirts\/#primaryimage\"},\"thumbnailUrl\":\"https:\/\/onevintagewholesale.com\/wp-content\/uploads\/2025\/09\/IMG_6719.jpg\",\"datePublished\":\"2025-09-22T09:40:20+00:00\",\"dateModified\":\"2026-02-20T19:34:37+00:00\",\"description\":\"Ontvang vintage en tweedehands merken rugby poloshirts in diverse stijlen, kleuren en maten. Unieke mix, perfect voor resellers en liefhebbers!\",\"breadcrumb\":{\"@id\":\"https:\/\/onevintagewholesale.com\/product\/merken-rugby-poloshirts\/#breadcrumb\"},\"inLanguage\":\"de\",\"potentialAction\":[{\"@type\":\"ReadAction\",\"target\":[\"https:\/\/onevintagewholesale.com\/product\/merken-rugby-poloshirts\/\"]}]},{\"@type\":\"ImageObject\",\"inLanguage\":\"de\",\"@id\":\"https:\/\/onevintagewholesale.com\/product\/merken-rugby-poloshirts\/#primaryimage\",\"url\":\"https:\/\/onevintagewholesale.com\/wp-content\/uploads\/2025\/09\/IMG_6719.jpg\",\"contentUrl\":\"https:\/\/onevintagewholesale.com\/wp-content\/uploads\/2025\/09\/IMG_6719.jpg\",\"width\":2000,\"height\":2000,\"caption\":\"Ralph Lauren polo longsleeve\"},{\"@type\":\"BreadcrumbList\",\"@id\":\"https:\/\/onevintagewholesale.com\/product\/merken-rugby-poloshirts\/#breadcrumb\",\"itemListElement\":[{\"@type\":\"ListItem\",\"position\":1,\"name\":\"Home\",\"item\":\"https:\/\/onevintagewholesale.com\/\"},{\"@type\":\"ListItem\",\"position\":2,\"name\":\"Bundels\",\"item\":\"https:\/\/onevintagewholesale.com\/bundels\/\"},{\"@type\":\"ListItem\",\"position\":3,\"name\":\"MERKEN RUGBY POLOSHIRT&#8217;S LANGE MOUW\"}]},{\"@type\":\"WebSite\",\"@id\":\"https:\/\/onevintagewholesale.com\/#website\",\"url\":\"https:\/\/onevintagewholesale.com\/\",\"name\":\"Onevintage Wholesale\",\"description\":\"Een vintage en tweedehands kleding groothandel.\",\"potentialAction\":[{\"@type\":\"SearchAction\",\"target\":{\"@type\":\"EntryPoint\",\"urlTemplate\":\"https:\/\/onevintagewholesale.com\/?s={search_term_string}\"},\"query-input\":{\"@type\":\"PropertyValueSpecification\",\"valueRequired\":true,\"valueName\":\"search_term_string\"}}],\"inLanguage\":\"de\"}]}<\/script>\n<!-- \/ Yoast SEO plugin. -->","yoast_head_json":{"title":"MERKEN RUGBY POLOSHIRT'S LANGE MOUW - Onevintage Wholesale","description":"Ontvang vintage en tweedehands merken rugby poloshirts in diverse stijlen, kleuren en maten. Unieke mix, perfect voor resellers en liefhebbers!","robots":{"index":"index","follow":"follow","max-snippet":"max-snippet:-1","max-image-preview":"max-image-preview:large","max-video-preview":"max-video-preview:-1"},"canonical":"https:\/\/onevintagewholesale.com\/de\/produkt\/merken-rugby-poloshirts\/","og_locale":"de_DE","og_type":"article","og_title":"MERKEN RUGBY POLOSHIRT'S LANGE MOUW - Onevintage Wholesale","og_description":"Ontvang vintage en tweedehands merken rugby poloshirts in diverse stijlen, kleuren en maten. Unieke mix, perfect voor resellers en liefhebbers!","og_url":"https:\/\/onevintagewholesale.com\/de\/produkt\/merken-rugby-poloshirts\/","og_site_name":"Onevintage Wholesale","article_modified_time":"2026-02-20T19:34:37+00:00","og_image":[{"width":2000,"height":2000,"url":"https:\/\/onevintagewholesale.com\/wp-content\/uploads\/2025\/09\/IMG_6719.jpg","type":"image\/jpeg"}],"twitter_card":"summary_large_image","twitter_misc":{"Gesch\u00e4tzte Lesezeit":"2\u00a0Minuten"},"schema":{"@context":"https:\/\/schema.org","@graph":[{"@type":"WebPage","@id":"https:\/\/onevintagewholesale.com\/product\/merken-rugby-poloshirts\/","url":"https:\/\/onevintagewholesale.com\/product\/merken-rugby-poloshirts\/","name":"MERKEN RUGBY POLOSHIRT'S LANGE MOUW - Onevintage Wholesale","isPartOf":{"@id":"https:\/\/onevintagewholesale.com\/#website"},"primaryImageOfPage":{"@id":"https:\/\/onevintagewholesale.com\/product\/merken-rugby-poloshirts\/#primaryimage"},"image":{"@id":"https:\/\/onevintagewholesale.com\/product\/merken-rugby-poloshirts\/#primaryimage"},"thumbnailUrl":"https:\/\/onevintagewholesale.com\/wp-content\/uploads\/2025\/09\/IMG_6719.jpg","datePublished":"2025-09-22T09:40:20+00:00","dateModified":"2026-02-20T19:34:37+00:00","description":"Ontvang vintage en tweedehands merken rugby poloshirts in diverse stijlen, kleuren en maten. Unieke mix, perfect voor resellers en liefhebbers!","breadcrumb":{"@id":"https:\/\/onevintagewholesale.com\/product\/merken-rugby-poloshirts\/#breadcrumb"},"inLanguage":"de","potentialAction":[{"@type":"ReadAction","target":["https:\/\/onevintagewholesale.com\/product\/merken-rugby-poloshirts\/"]}]},{"@type":"ImageObject","inLanguage":"de","@id":"https:\/\/onevintagewholesale.com\/product\/merken-rugby-poloshirts\/#primaryimage","url":"https:\/\/onevintagewholesale.com\/wp-content\/uploads\/2025\/09\/IMG_6719.jpg","contentUrl":"https:\/\/onevintagewholesale.com\/wp-content\/uploads\/2025\/09\/IMG_6719.jpg","width":2000,"height":2000,"caption":"Ralph Lauren polo longsleeve"},{"@type":"BreadcrumbList","@id":"https:\/\/onevintagewholesale.com\/product\/merken-rugby-poloshirts\/#breadcrumb","itemListElement":[{"@type":"ListItem","position":1,"name":"Home","item":"https:\/\/onevintagewholesale.com\/"},{"@type":"ListItem","position":2,"name":"Bundels","item":"https:\/\/onevintagewholesale.com\/bundels\/"},{"@type":"ListItem","position":3,"name":"MERKEN RUGBY POLOSHIRT&#8217;S LANGE MOUW"}]},{"@type":"WebSite","@id":"https:\/\/onevintagewholesale.com\/#website","url":"https:\/\/onevintagewholesale.com\/","name":"Onevintage-Gro\u00dfhandel","description":"Ein Gro\u00dfh\u00e4ndler f\u00fcr Vintage- und Secondhand-Kleidung.","potentialAction":[{"@type":"SearchAction","target":{"@type":"EntryPoint","urlTemplate":"https:\/\/onevintagewholesale.com\/?s={search_term_string}"},"query-input":{"@type":"PropertyValueSpecification","valueRequired":true,"valueName":"search_term_string"}}],"inLanguage":"de"}]}},"jetpack_sharing_enabled":true,"_links":{"self":[{"href":"https:\/\/onevintagewholesale.com\/de\/wp-json\/wp\/v2\/product\/131","targetHints":{"allow":["GET"]}}],"collection":[{"href":"https:\/\/onevintagewholesale.com\/de\/wp-json\/wp\/v2\/product"}],"about":[{"href":"https:\/\/onevintagewholesale.com\/de\/wp-json\/wp\/v2\/types\/product"}],"replies":[{"embeddable":true,"href":"https:\/\/onevintagewholesale.com\/de\/wp-json\/wp\/v2\/comments?post=131"}],"wp:featuredmedia":[{"embeddable":true,"href":"https:\/\/onevintagewholesale.com\/de\/wp-json\/wp\/v2\/media\/470"}],"wp:attachment":[{"href":"https:\/\/onevintagewholesale.com\/de\/wp-json\/wp\/v2\/media?parent=131"}],"wp:term":[{"taxonomy":"product_brand","embeddable":true,"href":"https:\/\/onevintagewholesale.com\/de\/wp-json\/wp\/v2\/product_brand?post=131"},{"taxonomy":"product_cat","embeddable":true,"href":"https:\/\/onevintagewholesale.com\/de\/wp-json\/wp\/v2\/product_cat?post=131"},{"taxonomy":"product_tag","embeddable":true,"href":"https:\/\/onevintagewholesale.com\/de\/wp-json\/wp\/v2\/product_tag?post=131"}],"curies":[{"name":"wp","href":"https:\/\/api.w.org\/{rel}","templated":true}]}}