{"id":133,"date":"2025-09-22T09:41:44","date_gmt":"2025-09-22T09:41:44","guid":{"rendered":"https:\/\/onevintagewholesale.com\/?post_type=product&#038;p=133"},"modified":"2026-02-20T18:53:16","modified_gmt":"2026-02-20T18:53:16","slug":"ralph-lauren-tommy-lacoste-polos","status":"publish","type":"product","link":"https:\/\/onevintagewholesale.com\/de\/produkt\/ralph-lauren-tommy-lacoste-polos\/","title":{"rendered":"Ralph Lauren, Lacoste, Tommy Polos (50 St\u00fcck)"},"content":{"rendered":"<h3>Alte und gebrauchte Ralph Lauren, Lacoste und Tommy Hilfiger Kurzarm-Polos 50 St\u00fcck<\/h3>\n<p>In dem Paket finden Sie eine Auswahl an verschiedenen Polos von Ralph Lauren, Lacoste und Tommy Hilfiger. Die Polos im Bundle gibt es in verschiedenen Stilen, Farben und Gr\u00f6\u00dfen. Wir sorgen immer daf\u00fcr, dass Ihre Bestellung eine einzigartige Mischung ist und verschiedene Kleidungsst\u00fccke aus unserer Kollektion enth\u00e4lt.<\/p>\n<p>Die Fotos sind nur eine Demonstration der Artikel, die Sie erhalten k\u00f6nnen, Sie werden \u00e4hnliche Artikel aus unserem Sortiment erhalten.<\/p>\n<p>Die Kleidungsst\u00fccke sind Vintage und Secondhand. Die Artikel k\u00f6nnen daher Flecken enthalten. Diese Flecken sind in der Regel immer leicht in der Waschmaschine zu entfernen. Wir empfehlen daher, die Artikel sofort nach Erhalt zu waschen.<\/p>\n<p>Die Kleidungsst\u00fccke haben im Allgemeinen keine M\u00e4ngel (G\u00fcteklasse A). Beachten Sie jedoch, dass 10% der Artikel der G\u00fcteklasse B angeh\u00f6ren k\u00f6nnen (Artikel mit M\u00e4ngeln). Zur G\u00fcteklasse B geh\u00f6ren Kleidungsst\u00fccke mit kleinen L\u00f6chern oder Flecken, die nach einer W\u00e4sche nicht mehr herausgehen.<\/p>","protected":false},"excerpt":{"rendered":"<p>B\u00fcndel von 50 Vintage- und Second-Hand-Poloshirts mit kurzen \u00c4rmeln von <span class=\"hover:entity-accent entity-underline inline cursor-pointer align-baseline\"><span class=\"whitespace-normal\">Ralph Lauren<\/span><\/span>, <span class=\"hover:entity-accent entity-underline inline cursor-pointer align-baseline\"><span class=\"whitespace-normal\">Lacoste<\/span><\/span> und <span class=\"hover:entity-accent entity-underline inline cursor-pointer align-baseline\"><span class=\"whitespace-normal\">Tommy Hilfiger<\/span><\/span>. Abwechslungsreiche Mischung aus Stilen, Farben und Gr\u00f6\u00dfen, haupts\u00e4chlich G\u00fcteklasse A und m\u00f6glicherweise 10% G\u00fcteklasse B.<\/p>","protected":false},"featured_media":134,"comment_status":"open","ping_status":"closed","template":"","meta":{"inline_featured_image":false},"product_brand":[39,38,40],"product_cat":[47],"product_tag":[],"class_list":{"0":"post-133","1":"product","2":"type-product","3":"status-publish","4":"has-post-thumbnail","6":"product_brand-lacoste","7":"product_brand-ralph-lauren","8":"product_brand-tommy-hilfiger","9":"product_cat-bundels","11":"first","12":"onbackorder","13":"shipping-taxable","14":"purchasable","15":"product-type-simple"},"yoast_head":"<!-- This site is optimized with the Yoast SEO plugin v26.9 - https:\/\/yoast.com\/product\/yoast-seo-wordpress\/ -->\n<title>Ralph Lauren, Lacoste, Tommy polo&#039;s (50 stuks) - Onevintage Wholesale<\/title>\n<meta name=\"description\" content=\"Bundel van 50 vintage en tweedehands polo\u2019s met korte mouwen van Ralph Lauren, Lacoste en Tommy Hilfiger. Unieke mix van stijlen, kleuren en maten.\" \/>\n<meta name=\"robots\" content=\"index, follow, max-snippet:-1, max-image-preview:large, max-video-preview:-1\" \/>\n<link rel=\"canonical\" href=\"https:\/\/onevintagewholesale.com\/de\/produkt\/ralph-lauren-tommy-lacoste-polos\/\" \/>\n<meta property=\"og:locale\" content=\"de_DE\" \/>\n<meta property=\"og:type\" content=\"article\" \/>\n<meta property=\"og:title\" content=\"Ralph Lauren, Lacoste, Tommy polo&#039;s (50 stuks) - Onevintage Wholesale\" \/>\n<meta property=\"og:description\" content=\"Bundel van 50 vintage en tweedehands polo\u2019s met korte mouwen van Ralph Lauren, Lacoste en Tommy Hilfiger. Unieke mix van stijlen, kleuren en maten.\" \/>\n<meta property=\"og:url\" content=\"https:\/\/onevintagewholesale.com\/de\/produkt\/ralph-lauren-tommy-lacoste-polos\/\" \/>\n<meta property=\"og:site_name\" content=\"Onevintage Wholesale\" \/>\n<meta property=\"article:modified_time\" content=\"2026-02-20T18:53:16+00:00\" \/>\n<meta property=\"og:image\" content=\"https:\/\/onevintagewholesale.com\/wp-content\/uploads\/2025\/09\/Vintage-en-2de-hands-Ralph-Lauren-polos-1.jpg\" \/>\n\t<meta property=\"og:image:width\" content=\"1600\" \/>\n\t<meta property=\"og:image:height\" content=\"1440\" \/>\n\t<meta property=\"og:image:type\" content=\"image\/jpeg\" \/>\n<meta name=\"twitter:card\" content=\"summary_large_image\" \/>\n<meta name=\"twitter:label1\" content=\"Gesch\u00e4tzte Lesezeit\" \/>\n\t<meta name=\"twitter:data1\" content=\"2\u00a0Minuten\" \/>\n<script type=\"application\/ld+json\" class=\"yoast-schema-graph\">{\"@context\":\"https:\/\/schema.org\",\"@graph\":[{\"@type\":\"WebPage\",\"@id\":\"https:\/\/onevintagewholesale.com\/product\/ralph-lauren-tommy-lacoste-polos\/\",\"url\":\"https:\/\/onevintagewholesale.com\/product\/ralph-lauren-tommy-lacoste-polos\/\",\"name\":\"Ralph Lauren, Lacoste, Tommy polo's (50 stuks) - Onevintage Wholesale\",\"isPartOf\":{\"@id\":\"https:\/\/onevintagewholesale.com\/#website\"},\"primaryImageOfPage\":{\"@id\":\"https:\/\/onevintagewholesale.com\/product\/ralph-lauren-tommy-lacoste-polos\/#primaryimage\"},\"image\":{\"@id\":\"https:\/\/onevintagewholesale.com\/product\/ralph-lauren-tommy-lacoste-polos\/#primaryimage\"},\"thumbnailUrl\":\"https:\/\/onevintagewholesale.com\/wp-content\/uploads\/2025\/09\/Vintage-en-2de-hands-Ralph-Lauren-polos-1.jpg\",\"datePublished\":\"2025-09-22T09:41:44+00:00\",\"dateModified\":\"2026-02-20T18:53:16+00:00\",\"description\":\"Bundel van 50 vintage en tweedehands polo\u2019s met korte mouwen van Ralph Lauren, Lacoste en Tommy Hilfiger. Unieke mix van stijlen, kleuren en maten.\",\"breadcrumb\":{\"@id\":\"https:\/\/onevintagewholesale.com\/product\/ralph-lauren-tommy-lacoste-polos\/#breadcrumb\"},\"inLanguage\":\"de\",\"potentialAction\":[{\"@type\":\"ReadAction\",\"target\":[\"https:\/\/onevintagewholesale.com\/product\/ralph-lauren-tommy-lacoste-polos\/\"]}]},{\"@type\":\"ImageObject\",\"inLanguage\":\"de\",\"@id\":\"https:\/\/onevintagewholesale.com\/product\/ralph-lauren-tommy-lacoste-polos\/#primaryimage\",\"url\":\"https:\/\/onevintagewholesale.com\/wp-content\/uploads\/2025\/09\/Vintage-en-2de-hands-Ralph-Lauren-polos-1.jpg\",\"contentUrl\":\"https:\/\/onevintagewholesale.com\/wp-content\/uploads\/2025\/09\/Vintage-en-2de-hands-Ralph-Lauren-polos-1.jpg\",\"width\":1600,\"height\":1440},{\"@type\":\"BreadcrumbList\",\"@id\":\"https:\/\/onevintagewholesale.com\/product\/ralph-lauren-tommy-lacoste-polos\/#breadcrumb\",\"itemListElement\":[{\"@type\":\"ListItem\",\"position\":1,\"name\":\"Home\",\"item\":\"https:\/\/onevintagewholesale.com\/\"},{\"@type\":\"ListItem\",\"position\":2,\"name\":\"Bundels\",\"item\":\"https:\/\/onevintagewholesale.com\/bundels\/\"},{\"@type\":\"ListItem\",\"position\":3,\"name\":\"Ralph Lauren, Lacoste, Tommy polo&#8217;s (50 stuks)\"}]},{\"@type\":\"WebSite\",\"@id\":\"https:\/\/onevintagewholesale.com\/#website\",\"url\":\"https:\/\/onevintagewholesale.com\/\",\"name\":\"Onevintage Wholesale\",\"description\":\"Een vintage en tweedehands kleding groothandel.\",\"potentialAction\":[{\"@type\":\"SearchAction\",\"target\":{\"@type\":\"EntryPoint\",\"urlTemplate\":\"https:\/\/onevintagewholesale.com\/?s={search_term_string}\"},\"query-input\":{\"@type\":\"PropertyValueSpecification\",\"valueRequired\":true,\"valueName\":\"search_term_string\"}}],\"inLanguage\":\"de\"}]}<\/script>\n<!-- \/ Yoast SEO plugin. -->","yoast_head_json":{"title":"Ralph Lauren, Lacoste, Tommy polo's (50 stuks) - Onevintage Wholesale","description":"Bundel van 50 vintage en tweedehands polo\u2019s met korte mouwen van Ralph Lauren, Lacoste en Tommy Hilfiger. Unieke mix van stijlen, kleuren en maten.","robots":{"index":"index","follow":"follow","max-snippet":"max-snippet:-1","max-image-preview":"max-image-preview:large","max-video-preview":"max-video-preview:-1"},"canonical":"https:\/\/onevintagewholesale.com\/de\/produkt\/ralph-lauren-tommy-lacoste-polos\/","og_locale":"de_DE","og_type":"article","og_title":"Ralph Lauren, Lacoste, Tommy polo's (50 stuks) - Onevintage Wholesale","og_description":"Bundel van 50 vintage en tweedehands polo\u2019s met korte mouwen van Ralph Lauren, Lacoste en Tommy Hilfiger. Unieke mix van stijlen, kleuren en maten.","og_url":"https:\/\/onevintagewholesale.com\/de\/produkt\/ralph-lauren-tommy-lacoste-polos\/","og_site_name":"Onevintage Wholesale","article_modified_time":"2026-02-20T18:53:16+00:00","og_image":[{"width":1600,"height":1440,"url":"https:\/\/onevintagewholesale.com\/wp-content\/uploads\/2025\/09\/Vintage-en-2de-hands-Ralph-Lauren-polos-1.jpg","type":"image\/jpeg"}],"twitter_card":"summary_large_image","twitter_misc":{"Gesch\u00e4tzte Lesezeit":"2\u00a0Minuten"},"schema":{"@context":"https:\/\/schema.org","@graph":[{"@type":"WebPage","@id":"https:\/\/onevintagewholesale.com\/product\/ralph-lauren-tommy-lacoste-polos\/","url":"https:\/\/onevintagewholesale.com\/product\/ralph-lauren-tommy-lacoste-polos\/","name":"Ralph Lauren, Lacoste, Tommy polo's (50 stuks) - Onevintage Wholesale","isPartOf":{"@id":"https:\/\/onevintagewholesale.com\/#website"},"primaryImageOfPage":{"@id":"https:\/\/onevintagewholesale.com\/product\/ralph-lauren-tommy-lacoste-polos\/#primaryimage"},"image":{"@id":"https:\/\/onevintagewholesale.com\/product\/ralph-lauren-tommy-lacoste-polos\/#primaryimage"},"thumbnailUrl":"https:\/\/onevintagewholesale.com\/wp-content\/uploads\/2025\/09\/Vintage-en-2de-hands-Ralph-Lauren-polos-1.jpg","datePublished":"2025-09-22T09:41:44+00:00","dateModified":"2026-02-20T18:53:16+00:00","description":"Bundel van 50 vintage en tweedehands polo\u2019s met korte mouwen van Ralph Lauren, Lacoste en Tommy Hilfiger. Unieke mix van stijlen, kleuren en maten.","breadcrumb":{"@id":"https:\/\/onevintagewholesale.com\/product\/ralph-lauren-tommy-lacoste-polos\/#breadcrumb"},"inLanguage":"de","potentialAction":[{"@type":"ReadAction","target":["https:\/\/onevintagewholesale.com\/product\/ralph-lauren-tommy-lacoste-polos\/"]}]},{"@type":"ImageObject","inLanguage":"de","@id":"https:\/\/onevintagewholesale.com\/product\/ralph-lauren-tommy-lacoste-polos\/#primaryimage","url":"https:\/\/onevintagewholesale.com\/wp-content\/uploads\/2025\/09\/Vintage-en-2de-hands-Ralph-Lauren-polos-1.jpg","contentUrl":"https:\/\/onevintagewholesale.com\/wp-content\/uploads\/2025\/09\/Vintage-en-2de-hands-Ralph-Lauren-polos-1.jpg","width":1600,"height":1440},{"@type":"BreadcrumbList","@id":"https:\/\/onevintagewholesale.com\/product\/ralph-lauren-tommy-lacoste-polos\/#breadcrumb","itemListElement":[{"@type":"ListItem","position":1,"name":"Home","item":"https:\/\/onevintagewholesale.com\/"},{"@type":"ListItem","position":2,"name":"Bundels","item":"https:\/\/onevintagewholesale.com\/bundels\/"},{"@type":"ListItem","position":3,"name":"Ralph Lauren, Lacoste, Tommy polo&#8217;s (50 stuks)"}]},{"@type":"WebSite","@id":"https:\/\/onevintagewholesale.com\/#website","url":"https:\/\/onevintagewholesale.com\/","name":"Onevintage-Gro\u00dfhandel","description":"Ein Gro\u00dfh\u00e4ndler f\u00fcr Vintage- und Secondhand-Kleidung.","potentialAction":[{"@type":"SearchAction","target":{"@type":"EntryPoint","urlTemplate":"https:\/\/onevintagewholesale.com\/?s={search_term_string}"},"query-input":{"@type":"PropertyValueSpecification","valueRequired":true,"valueName":"search_term_string"}}],"inLanguage":"de"}]}},"jetpack_sharing_enabled":true,"_links":{"self":[{"href":"https:\/\/onevintagewholesale.com\/de\/wp-json\/wp\/v2\/product\/133","targetHints":{"allow":["GET"]}}],"collection":[{"href":"https:\/\/onevintagewholesale.com\/de\/wp-json\/wp\/v2\/product"}],"about":[{"href":"https:\/\/onevintagewholesale.com\/de\/wp-json\/wp\/v2\/types\/product"}],"replies":[{"embeddable":true,"href":"https:\/\/onevintagewholesale.com\/de\/wp-json\/wp\/v2\/comments?post=133"}],"wp:featuredmedia":[{"embeddable":true,"href":"https:\/\/onevintagewholesale.com\/de\/wp-json\/wp\/v2\/media\/134"}],"wp:attachment":[{"href":"https:\/\/onevintagewholesale.com\/de\/wp-json\/wp\/v2\/media?parent=133"}],"wp:term":[{"taxonomy":"product_brand","embeddable":true,"href":"https:\/\/onevintagewholesale.com\/de\/wp-json\/wp\/v2\/product_brand?post=133"},{"taxonomy":"product_cat","embeddable":true,"href":"https:\/\/onevintagewholesale.com\/de\/wp-json\/wp\/v2\/product_cat?post=133"},{"taxonomy":"product_tag","embeddable":true,"href":"https:\/\/onevintagewholesale.com\/de\/wp-json\/wp\/v2\/product_tag?post=133"}],"curies":[{"name":"wp","href":"https:\/\/api.w.org\/{rel}","templated":true}]}}