{"id":139,"date":"2025-09-22T09:43:50","date_gmt":"2025-09-22T09:43:50","guid":{"rendered":"https:\/\/onevintagewholesale.com\/?post_type=product&#038;p=139"},"modified":"2026-03-24T21:19:34","modified_gmt":"2026-03-24T21:19:34","slug":"ralph-lauren-mix-grote-maten","status":"publish","type":"product","link":"https:\/\/onevintagewholesale.com\/de\/produkt\/ralph-lauren-mix-grote-maten\/","title":{"rendered":"Ralph Lauren-Mix mit gro\u00dfen Gr\u00f6\u00dfen"},"content":{"rendered":"<p>Mix aus Vintage- und Second-Hand-Kleidung von Ralph Lauren in gro\u00dfen Gr\u00f6\u00dfen.<\/p>\n<p>Diese Box enth\u00e4lt Kleidungsst\u00fccke von Ralph Lauren. Denken Sie an T-Shirts mit kurzen \u00c4rmeln, T-Shirts mit langen \u00c4rmeln, Polos mit kurzen \u00c4rmeln, Polos mit langen \u00c4rmeln, Hemden mit langen \u00c4rmeln, Waffeln, Strickwaren oder Pullover.<\/p>\n<p>Dieses Bundle ist ideal f\u00fcr Ihren Webshop oder Ihr Gesch\u00e4ft. Oder um Ihr Lager schnell wieder aufzuf\u00fcllen!<\/p>\n<p>Die Gr\u00f6\u00dfen liegen haupts\u00e4chlich zwischen XL und 4XL. Sie k\u00f6nnen aber auch einige gr\u00f6\u00dfere Gr\u00f6\u00dfen erhalten.<\/p>\n<p>Die Fotos sind nur eine Demonstration der Artikel, die Sie erhalten k\u00f6nnen, Sie werden \u00e4hnliche Artikel aus unserem Sortiment erhalten. Aus den Fotos k\u00f6nnen keine Rechte abgeleitet werden.<\/p>\n<p>Die Kleidungsst\u00fccke haben im Allgemeinen keine M\u00e4ngel (G\u00fcteklasse A). Aufgrund menschlicher Fehler bei der \u00dcberpr\u00fcfung und Sortierung der Kleidungsst\u00fccke in unserem Bekleidungslager kann es in diesem Paket zu einem kleinen Prozentsatz an Artikeln der G\u00fcteklasse B (Artikel mit M\u00e4ngeln) kommen.<\/p>","protected":false},"excerpt":{"rendered":"<p>Mix aus Vintage- und Second-Hand-Kleidung von Ralph Lauren in gro\u00dfen Gr\u00f6\u00dfen.<\/p>","protected":false},"featured_media":416,"comment_status":"open","ping_status":"closed","template":"","meta":{"inline_featured_image":false},"product_brand":[38],"product_cat":[47],"product_tag":[],"class_list":{"0":"post-139","1":"product","2":"type-product","3":"status-publish","4":"has-post-thumbnail","6":"product_brand-ralph-lauren","7":"product_cat-bundels","9":"first","10":"instock","11":"shipping-taxable","12":"purchasable","13":"product-type-variable"},"yoast_head":"<!-- This site is optimized with the Yoast SEO plugin v26.9 - https:\/\/yoast.com\/product\/yoast-seo-wordpress\/ -->\n<title>Ralph Lauren mix met grote maten - Onevintage Wholesale<\/title>\n<meta name=\"robots\" content=\"index, follow, max-snippet:-1, max-image-preview:large, max-video-preview:-1\" \/>\n<link rel=\"canonical\" href=\"https:\/\/onevintagewholesale.com\/de\/produkt\/ralph-lauren-mix-grote-maten\/\" \/>\n<meta property=\"og:locale\" content=\"de_DE\" \/>\n<meta property=\"og:type\" content=\"article\" \/>\n<meta property=\"og:title\" content=\"Ralph Lauren mix met grote maten - Onevintage Wholesale\" \/>\n<meta property=\"og:description\" content=\"Mix van vintage en tweedehands kleding van Ralph Lauren met grote maten.\" \/>\n<meta property=\"og:url\" content=\"https:\/\/onevintagewholesale.com\/de\/produkt\/ralph-lauren-mix-grote-maten\/\" \/>\n<meta property=\"og:site_name\" content=\"Onevintage Wholesale\" \/>\n<meta property=\"article:modified_time\" content=\"2026-03-24T21:19:34+00:00\" \/>\n<meta property=\"og:image\" content=\"https:\/\/onevintagewholesale.com\/wp-content\/uploads\/2025\/11\/IMG_7101-PhotoRoom.jpg\" \/>\n\t<meta property=\"og:image:width\" content=\"2000\" \/>\n\t<meta property=\"og:image:height\" content=\"2000\" \/>\n\t<meta property=\"og:image:type\" content=\"image\/jpeg\" \/>\n<meta name=\"twitter:card\" content=\"summary_large_image\" \/>\n<meta name=\"twitter:label1\" content=\"Gesch\u00e4tzte Lesezeit\" \/>\n\t<meta name=\"twitter:data1\" content=\"1\u00a0Minute\" \/>\n<script type=\"application\/ld+json\" class=\"yoast-schema-graph\">{\"@context\":\"https:\/\/schema.org\",\"@graph\":[{\"@type\":\"WebPage\",\"@id\":\"https:\/\/onevintagewholesale.com\/product\/ralph-lauren-mix-grote-maten\/\",\"url\":\"https:\/\/onevintagewholesale.com\/product\/ralph-lauren-mix-grote-maten\/\",\"name\":\"Ralph Lauren mix met grote maten - Onevintage Wholesale\",\"isPartOf\":{\"@id\":\"https:\/\/onevintagewholesale.com\/#website\"},\"primaryImageOfPage\":{\"@id\":\"https:\/\/onevintagewholesale.com\/product\/ralph-lauren-mix-grote-maten\/#primaryimage\"},\"image\":{\"@id\":\"https:\/\/onevintagewholesale.com\/product\/ralph-lauren-mix-grote-maten\/#primaryimage\"},\"thumbnailUrl\":\"https:\/\/onevintagewholesale.com\/wp-content\/uploads\/2025\/11\/IMG_7101-PhotoRoom.jpg\",\"datePublished\":\"2025-09-22T09:43:50+00:00\",\"dateModified\":\"2026-03-24T21:19:34+00:00\",\"breadcrumb\":{\"@id\":\"https:\/\/onevintagewholesale.com\/product\/ralph-lauren-mix-grote-maten\/#breadcrumb\"},\"inLanguage\":\"de\",\"potentialAction\":[{\"@type\":\"ReadAction\",\"target\":[\"https:\/\/onevintagewholesale.com\/product\/ralph-lauren-mix-grote-maten\/\"]}]},{\"@type\":\"ImageObject\",\"inLanguage\":\"de\",\"@id\":\"https:\/\/onevintagewholesale.com\/product\/ralph-lauren-mix-grote-maten\/#primaryimage\",\"url\":\"https:\/\/onevintagewholesale.com\/wp-content\/uploads\/2025\/11\/IMG_7101-PhotoRoom.jpg\",\"contentUrl\":\"https:\/\/onevintagewholesale.com\/wp-content\/uploads\/2025\/11\/IMG_7101-PhotoRoom.jpg\",\"width\":2000,\"height\":2000,\"caption\":\"Ralph Lauren seller box\"},{\"@type\":\"BreadcrumbList\",\"@id\":\"https:\/\/onevintagewholesale.com\/product\/ralph-lauren-mix-grote-maten\/#breadcrumb\",\"itemListElement\":[{\"@type\":\"ListItem\",\"position\":1,\"name\":\"Home\",\"item\":\"https:\/\/onevintagewholesale.com\/\"},{\"@type\":\"ListItem\",\"position\":2,\"name\":\"Bundels\",\"item\":\"https:\/\/onevintagewholesale.com\/bundels\/\"},{\"@type\":\"ListItem\",\"position\":3,\"name\":\"Ralph Lauren mix met grote maten\"}]},{\"@type\":\"WebSite\",\"@id\":\"https:\/\/onevintagewholesale.com\/#website\",\"url\":\"https:\/\/onevintagewholesale.com\/\",\"name\":\"Onevintage Wholesale\",\"description\":\"Een vintage en tweedehands kleding groothandel.\",\"potentialAction\":[{\"@type\":\"SearchAction\",\"target\":{\"@type\":\"EntryPoint\",\"urlTemplate\":\"https:\/\/onevintagewholesale.com\/?s={search_term_string}\"},\"query-input\":{\"@type\":\"PropertyValueSpecification\",\"valueRequired\":true,\"valueName\":\"search_term_string\"}}],\"inLanguage\":\"de\"}]}<\/script>\n<!-- \/ Yoast SEO plugin. -->","yoast_head_json":{"title":"Ralph Lauren mix met grote maten - Onevintage Wholesale","robots":{"index":"index","follow":"follow","max-snippet":"max-snippet:-1","max-image-preview":"max-image-preview:large","max-video-preview":"max-video-preview:-1"},"canonical":"https:\/\/onevintagewholesale.com\/de\/produkt\/ralph-lauren-mix-grote-maten\/","og_locale":"de_DE","og_type":"article","og_title":"Ralph Lauren mix met grote maten - Onevintage Wholesale","og_description":"Mix van vintage en tweedehands kleding van Ralph Lauren met grote maten.","og_url":"https:\/\/onevintagewholesale.com\/de\/produkt\/ralph-lauren-mix-grote-maten\/","og_site_name":"Onevintage Wholesale","article_modified_time":"2026-03-24T21:19:34+00:00","og_image":[{"width":2000,"height":2000,"url":"https:\/\/onevintagewholesale.com\/wp-content\/uploads\/2025\/11\/IMG_7101-PhotoRoom.jpg","type":"image\/jpeg"}],"twitter_card":"summary_large_image","twitter_misc":{"Gesch\u00e4tzte Lesezeit":"1\u00a0Minute"},"schema":{"@context":"https:\/\/schema.org","@graph":[{"@type":"WebPage","@id":"https:\/\/onevintagewholesale.com\/product\/ralph-lauren-mix-grote-maten\/","url":"https:\/\/onevintagewholesale.com\/product\/ralph-lauren-mix-grote-maten\/","name":"Ralph Lauren mix met grote maten - Onevintage Wholesale","isPartOf":{"@id":"https:\/\/onevintagewholesale.com\/#website"},"primaryImageOfPage":{"@id":"https:\/\/onevintagewholesale.com\/product\/ralph-lauren-mix-grote-maten\/#primaryimage"},"image":{"@id":"https:\/\/onevintagewholesale.com\/product\/ralph-lauren-mix-grote-maten\/#primaryimage"},"thumbnailUrl":"https:\/\/onevintagewholesale.com\/wp-content\/uploads\/2025\/11\/IMG_7101-PhotoRoom.jpg","datePublished":"2025-09-22T09:43:50+00:00","dateModified":"2026-03-24T21:19:34+00:00","breadcrumb":{"@id":"https:\/\/onevintagewholesale.com\/product\/ralph-lauren-mix-grote-maten\/#breadcrumb"},"inLanguage":"de","potentialAction":[{"@type":"ReadAction","target":["https:\/\/onevintagewholesale.com\/product\/ralph-lauren-mix-grote-maten\/"]}]},{"@type":"ImageObject","inLanguage":"de","@id":"https:\/\/onevintagewholesale.com\/product\/ralph-lauren-mix-grote-maten\/#primaryimage","url":"https:\/\/onevintagewholesale.com\/wp-content\/uploads\/2025\/11\/IMG_7101-PhotoRoom.jpg","contentUrl":"https:\/\/onevintagewholesale.com\/wp-content\/uploads\/2025\/11\/IMG_7101-PhotoRoom.jpg","width":2000,"height":2000,"caption":"Ralph Lauren seller box"},{"@type":"BreadcrumbList","@id":"https:\/\/onevintagewholesale.com\/product\/ralph-lauren-mix-grote-maten\/#breadcrumb","itemListElement":[{"@type":"ListItem","position":1,"name":"Home","item":"https:\/\/onevintagewholesale.com\/"},{"@type":"ListItem","position":2,"name":"Bundels","item":"https:\/\/onevintagewholesale.com\/bundels\/"},{"@type":"ListItem","position":3,"name":"Ralph Lauren mix met grote maten"}]},{"@type":"WebSite","@id":"https:\/\/onevintagewholesale.com\/#website","url":"https:\/\/onevintagewholesale.com\/","name":"Onevintage-Gro\u00dfhandel","description":"Ein Gro\u00dfh\u00e4ndler f\u00fcr Vintage- und Secondhand-Kleidung.","potentialAction":[{"@type":"SearchAction","target":{"@type":"EntryPoint","urlTemplate":"https:\/\/onevintagewholesale.com\/?s={search_term_string}"},"query-input":{"@type":"PropertyValueSpecification","valueRequired":true,"valueName":"search_term_string"}}],"inLanguage":"de"}]}},"jetpack_sharing_enabled":true,"_links":{"self":[{"href":"https:\/\/onevintagewholesale.com\/de\/wp-json\/wp\/v2\/product\/139","targetHints":{"allow":["GET"]}}],"collection":[{"href":"https:\/\/onevintagewholesale.com\/de\/wp-json\/wp\/v2\/product"}],"about":[{"href":"https:\/\/onevintagewholesale.com\/de\/wp-json\/wp\/v2\/types\/product"}],"replies":[{"embeddable":true,"href":"https:\/\/onevintagewholesale.com\/de\/wp-json\/wp\/v2\/comments?post=139"}],"wp:featuredmedia":[{"embeddable":true,"href":"https:\/\/onevintagewholesale.com\/de\/wp-json\/wp\/v2\/media\/416"}],"wp:attachment":[{"href":"https:\/\/onevintagewholesale.com\/de\/wp-json\/wp\/v2\/media?parent=139"}],"wp:term":[{"taxonomy":"product_brand","embeddable":true,"href":"https:\/\/onevintagewholesale.com\/de\/wp-json\/wp\/v2\/product_brand?post=139"},{"taxonomy":"product_cat","embeddable":true,"href":"https:\/\/onevintagewholesale.com\/de\/wp-json\/wp\/v2\/product_cat?post=139"},{"taxonomy":"product_tag","embeddable":true,"href":"https:\/\/onevintagewholesale.com\/de\/wp-json\/wp\/v2\/product_tag?post=139"}],"curies":[{"name":"wp","href":"https:\/\/api.w.org\/{rel}","templated":true}]}}