{"id":614,"date":"2026-02-20T18:59:42","date_gmt":"2026-02-20T18:59:42","guid":{"rendered":"https:\/\/onevintagewholesale.com\/?post_type=product&#038;p=614"},"modified":"2026-04-22T01:59:10","modified_gmt":"2026-04-22T01:59:10","slug":"pro-sports-football-shirts","status":"publish","type":"product","link":"https:\/\/onevintagewholesale.com\/de\/produkt\/pro-sports-football-shirts\/","title":{"rendered":"Alte und gebrauchte Fu\u00dfballtrikots"},"content":{"rendered":"<h3>Mix aus alten und gebrauchten Fu\u00dfballtrikots<\/h3>\n<p>Diese Box enth\u00e4lt einzigartige Vintage- und Secondhand-Kleidungsst\u00fccke von einer Mischung aus beliebten Marken. Vintage- und Secondhand-Fu\u00dfballtrikots.<\/p>\n<p>Dieses Paket enth\u00e4lt alte und gebrauchte Trikots von Profi-Fu\u00dfballmannschaften. Jede Box wird von Hand zusammengestellt. So erhalten Sie immer eine einzigartige Mischung aus verschiedenen Teams, Farben und Stilen aus unserer Kollektion.<\/p>\n<p>Die Gr\u00f6\u00dfen reichen haupts\u00e4chlich von XS bis XXL, aber es ist m\u00f6glich, dass es gelegentlich auch gr\u00f6\u00dfere oder kleinere Gr\u00f6\u00dfen dazwischen gibt.<\/p>\n<p>Bitte beachten Sie, dass die Bilder als Vorschau auf die Artikel dienen, die Sie erhalten k\u00f6nnen. Sie erhalten \u00e4hnliche Artikel aus unserem Bestand; aus den Bildern k\u00f6nnen keine Rechte abgeleitet werden.<\/p>\n<p>Die Trikots sind im Allgemeinen von hoher Qualit\u00e4t (G\u00fcteklasse A). Ber\u00fccksichtigen Sie einen kleinen Prozentsatz an Grad-B-Artikeln (leichte M\u00e4ngel). Die aufgrund menschlicher Fehler beim Sortieren und Pr\u00fcfen in unserem Bekleidungsgro\u00dfh\u00e4ndler auftreten k\u00f6nnen.<\/p>","protected":false},"excerpt":{"rendered":"<p>Dieses Paket enth\u00e4lt alte und gebrauchte Trikots aus dem Profifu\u00dfball. Jede Box ist einzigartig kuratiert mit verschiedenen Teams, Stilen und Gr\u00f6\u00dfen von XS bis XXL. Die Fotos dienen als Beispiele; Sie werden \u00e4hnliche Artikel erhalten. Die Qualit\u00e4t ist haupts\u00e4chlich Grade-A, mit einem kleinen Anteil an Grade-B. Perfekt f\u00fcr Wiederverk\u00e4ufer und Vintage-L\u00e4den.<\/p>","protected":false},"featured_media":622,"comment_status":"open","ping_status":"closed","template":"","meta":{"inline_featured_image":false},"product_brand":[51,50],"product_cat":[47],"product_tag":[],"class_list":{"0":"post-614","1":"product","2":"type-product","3":"status-publish","4":"has-post-thumbnail","6":"product_brand-adidas","7":"product_brand-nike","8":"product_cat-bundels","10":"first","11":"onbackorder","12":"shipping-taxable","13":"purchasable","14":"product-type-variable"},"yoast_head":"<!-- This site is optimized with the Yoast SEO plugin v27.3 - https:\/\/yoast.com\/product\/yoast-seo-wordpress\/ -->\n<title>Vintage en tweedehands Football shirts - Onevintage Wholesale<\/title>\n<meta name=\"description\" content=\"Ontvang een mix van vintage en tweedehands voetbal shirts. Unieke selectie in diverse maten en teams. Ideaal voor resellers en vintage winkels.\" \/>\n<meta name=\"robots\" content=\"index, follow, max-snippet:-1, max-image-preview:large, max-video-preview:-1\" \/>\n<link rel=\"canonical\" href=\"https:\/\/onevintagewholesale.com\/de\/produkt\/pro-sports-football-shirts\/\" \/>\n<meta property=\"og:locale\" content=\"de_DE\" \/>\n<meta property=\"og:type\" content=\"article\" \/>\n<meta property=\"og:title\" content=\"Vintage en tweedehands Football shirts - Onevintage Wholesale\" \/>\n<meta property=\"og:description\" content=\"Ontvang een mix van vintage en tweedehands voetbal shirts. Unieke selectie in diverse maten en teams. Ideaal voor resellers en vintage winkels.\" \/>\n<meta property=\"og:url\" content=\"https:\/\/onevintagewholesale.com\/de\/produkt\/pro-sports-football-shirts\/\" \/>\n<meta property=\"og:site_name\" content=\"Onevintage Wholesale\" \/>\n<meta property=\"article:modified_time\" content=\"2026-04-22T01:59:10+00:00\" \/>\n<meta property=\"og:image\" content=\"https:\/\/onevintagewholesale.com\/wp-content\/uploads\/2026\/02\/1000078779-1.png\" \/>\n\t<meta property=\"og:image:width\" content=\"1078\" \/>\n\t<meta property=\"og:image:height\" content=\"1078\" \/>\n\t<meta property=\"og:image:type\" content=\"image\/png\" \/>\n<meta name=\"twitter:card\" content=\"summary_large_image\" \/>\n<meta name=\"twitter:label1\" content=\"Gesch\u00e4tzte Lesezeit\" \/>\n\t<meta name=\"twitter:data1\" content=\"1\u00a0Minute\" \/>\n<script type=\"application\/ld+json\" class=\"yoast-schema-graph\">{\"@context\":\"https:\\\/\\\/schema.org\",\"@graph\":[{\"@type\":\"WebPage\",\"@id\":\"https:\\\/\\\/onevintagewholesale.com\\\/product\\\/pro-sports-football-shirts\\\/\",\"url\":\"https:\\\/\\\/onevintagewholesale.com\\\/product\\\/pro-sports-football-shirts\\\/\",\"name\":\"Vintage en tweedehands Football shirts - Onevintage Wholesale\",\"isPartOf\":{\"@id\":\"https:\\\/\\\/onevintagewholesale.com\\\/#website\"},\"primaryImageOfPage\":{\"@id\":\"https:\\\/\\\/onevintagewholesale.com\\\/product\\\/pro-sports-football-shirts\\\/#primaryimage\"},\"image\":{\"@id\":\"https:\\\/\\\/onevintagewholesale.com\\\/product\\\/pro-sports-football-shirts\\\/#primaryimage\"},\"thumbnailUrl\":\"https:\\\/\\\/onevintagewholesale.com\\\/wp-content\\\/uploads\\\/2026\\\/02\\\/1000078779-1.png\",\"datePublished\":\"2026-02-20T18:59:42+00:00\",\"dateModified\":\"2026-04-22T01:59:10+00:00\",\"description\":\"Ontvang een mix van vintage en tweedehands voetbal shirts. Unieke selectie in diverse maten en teams. Ideaal voor resellers en vintage winkels.\",\"breadcrumb\":{\"@id\":\"https:\\\/\\\/onevintagewholesale.com\\\/product\\\/pro-sports-football-shirts\\\/#breadcrumb\"},\"inLanguage\":\"de\",\"potentialAction\":[{\"@type\":\"ReadAction\",\"target\":[\"https:\\\/\\\/onevintagewholesale.com\\\/product\\\/pro-sports-football-shirts\\\/\"]}]},{\"@type\":\"ImageObject\",\"inLanguage\":\"de\",\"@id\":\"https:\\\/\\\/onevintagewholesale.com\\\/product\\\/pro-sports-football-shirts\\\/#primaryimage\",\"url\":\"https:\\\/\\\/onevintagewholesale.com\\\/wp-content\\\/uploads\\\/2026\\\/02\\\/1000078779-1.png\",\"contentUrl\":\"https:\\\/\\\/onevintagewholesale.com\\\/wp-content\\\/uploads\\\/2026\\\/02\\\/1000078779-1.png\",\"width\":1078,\"height\":1078},{\"@type\":\"BreadcrumbList\",\"@id\":\"https:\\\/\\\/onevintagewholesale.com\\\/product\\\/pro-sports-football-shirts\\\/#breadcrumb\",\"itemListElement\":[{\"@type\":\"ListItem\",\"position\":1,\"name\":\"Home\",\"item\":\"https:\\\/\\\/onevintagewholesale.com\\\/\"},{\"@type\":\"ListItem\",\"position\":2,\"name\":\"Bundels\",\"item\":\"https:\\\/\\\/onevintagewholesale.com\\\/bundels\\\/\"},{\"@type\":\"ListItem\",\"position\":3,\"name\":\"Vintage en tweedehands Football shirts\"}]},{\"@type\":\"WebSite\",\"@id\":\"https:\\\/\\\/onevintagewholesale.com\\\/#website\",\"url\":\"https:\\\/\\\/onevintagewholesale.com\\\/\",\"name\":\"Onevintage Wholesale\",\"description\":\"Een vintage en tweedehands kleding groothandel.\",\"potentialAction\":[{\"@type\":\"SearchAction\",\"target\":{\"@type\":\"EntryPoint\",\"urlTemplate\":\"https:\\\/\\\/onevintagewholesale.com\\\/?s={search_term_string}\"},\"query-input\":{\"@type\":\"PropertyValueSpecification\",\"valueRequired\":true,\"valueName\":\"search_term_string\"}}],\"inLanguage\":\"de\"}]}<\/script>\n<!-- \/ Yoast SEO plugin. -->","yoast_head_json":{"title":"Vintage en tweedehands Football shirts - Onevintage Wholesale","description":"Ontvang een mix van vintage en tweedehands voetbal shirts. Unieke selectie in diverse maten en teams. Ideaal voor resellers en vintage winkels.","robots":{"index":"index","follow":"follow","max-snippet":"max-snippet:-1","max-image-preview":"max-image-preview:large","max-video-preview":"max-video-preview:-1"},"canonical":"https:\/\/onevintagewholesale.com\/de\/produkt\/pro-sports-football-shirts\/","og_locale":"de_DE","og_type":"article","og_title":"Vintage en tweedehands Football shirts - Onevintage Wholesale","og_description":"Ontvang een mix van vintage en tweedehands voetbal shirts. Unieke selectie in diverse maten en teams. Ideaal voor resellers en vintage winkels.","og_url":"https:\/\/onevintagewholesale.com\/de\/produkt\/pro-sports-football-shirts\/","og_site_name":"Onevintage Wholesale","article_modified_time":"2026-04-22T01:59:10+00:00","og_image":[{"width":1078,"height":1078,"url":"https:\/\/onevintagewholesale.com\/wp-content\/uploads\/2026\/02\/1000078779-1.png","type":"image\/png"}],"twitter_card":"summary_large_image","twitter_misc":{"Gesch\u00e4tzte Lesezeit":"1\u00a0Minute"},"schema":{"@context":"https:\/\/schema.org","@graph":[{"@type":"WebPage","@id":"https:\/\/onevintagewholesale.com\/product\/pro-sports-football-shirts\/","url":"https:\/\/onevintagewholesale.com\/product\/pro-sports-football-shirts\/","name":"Vintage en tweedehands Football shirts - Onevintage Wholesale","isPartOf":{"@id":"https:\/\/onevintagewholesale.com\/#website"},"primaryImageOfPage":{"@id":"https:\/\/onevintagewholesale.com\/product\/pro-sports-football-shirts\/#primaryimage"},"image":{"@id":"https:\/\/onevintagewholesale.com\/product\/pro-sports-football-shirts\/#primaryimage"},"thumbnailUrl":"https:\/\/onevintagewholesale.com\/wp-content\/uploads\/2026\/02\/1000078779-1.png","datePublished":"2026-02-20T18:59:42+00:00","dateModified":"2026-04-22T01:59:10+00:00","description":"Ontvang een mix van vintage en tweedehands voetbal shirts. Unieke selectie in diverse maten en teams. Ideaal voor resellers en vintage winkels.","breadcrumb":{"@id":"https:\/\/onevintagewholesale.com\/product\/pro-sports-football-shirts\/#breadcrumb"},"inLanguage":"de","potentialAction":[{"@type":"ReadAction","target":["https:\/\/onevintagewholesale.com\/product\/pro-sports-football-shirts\/"]}]},{"@type":"ImageObject","inLanguage":"de","@id":"https:\/\/onevintagewholesale.com\/product\/pro-sports-football-shirts\/#primaryimage","url":"https:\/\/onevintagewholesale.com\/wp-content\/uploads\/2026\/02\/1000078779-1.png","contentUrl":"https:\/\/onevintagewholesale.com\/wp-content\/uploads\/2026\/02\/1000078779-1.png","width":1078,"height":1078},{"@type":"BreadcrumbList","@id":"https:\/\/onevintagewholesale.com\/product\/pro-sports-football-shirts\/#breadcrumb","itemListElement":[{"@type":"ListItem","position":1,"name":"Home","item":"https:\/\/onevintagewholesale.com\/"},{"@type":"ListItem","position":2,"name":"Bundels","item":"https:\/\/onevintagewholesale.com\/bundels\/"},{"@type":"ListItem","position":3,"name":"Vintage en tweedehands Football shirts"}]},{"@type":"WebSite","@id":"https:\/\/onevintagewholesale.com\/#website","url":"https:\/\/onevintagewholesale.com\/","name":"Onevintage-Gro\u00dfhandel","description":"Ein Gro\u00dfh\u00e4ndler f\u00fcr Vintage- und Secondhand-Kleidung.","potentialAction":[{"@type":"SearchAction","target":{"@type":"EntryPoint","urlTemplate":"https:\/\/onevintagewholesale.com\/?s={search_term_string}"},"query-input":{"@type":"PropertyValueSpecification","valueRequired":true,"valueName":"search_term_string"}}],"inLanguage":"de"}]}},"jetpack_sharing_enabled":true,"_links":{"self":[{"href":"https:\/\/onevintagewholesale.com\/de\/wp-json\/wp\/v2\/product\/614","targetHints":{"allow":["GET"]}}],"collection":[{"href":"https:\/\/onevintagewholesale.com\/de\/wp-json\/wp\/v2\/product"}],"about":[{"href":"https:\/\/onevintagewholesale.com\/de\/wp-json\/wp\/v2\/types\/product"}],"replies":[{"embeddable":true,"href":"https:\/\/onevintagewholesale.com\/de\/wp-json\/wp\/v2\/comments?post=614"}],"wp:featuredmedia":[{"embeddable":true,"href":"https:\/\/onevintagewholesale.com\/de\/wp-json\/wp\/v2\/media\/622"}],"wp:attachment":[{"href":"https:\/\/onevintagewholesale.com\/de\/wp-json\/wp\/v2\/media?parent=614"}],"wp:term":[{"taxonomy":"product_brand","embeddable":true,"href":"https:\/\/onevintagewholesale.com\/de\/wp-json\/wp\/v2\/product_brand?post=614"},{"taxonomy":"product_cat","embeddable":true,"href":"https:\/\/onevintagewholesale.com\/de\/wp-json\/wp\/v2\/product_cat?post=614"},{"taxonomy":"product_tag","embeddable":true,"href":"https:\/\/onevintagewholesale.com\/de\/wp-json\/wp\/v2\/product_tag?post=614"}],"curies":[{"name":"wp","href":"https:\/\/api.w.org\/{rel}","templated":true}]}}