{"id":96,"date":"2025-09-22T08:50:33","date_gmt":"2025-09-22T08:50:33","guid":{"rendered":"https:\/\/onevintagewholesale.com\/?post_type=product&#038;p=96"},"modified":"2026-02-02T21:00:51","modified_gmt":"2026-02-02T21:00:51","slug":"ralph-lauren-polos","status":"publish","type":"product","link":"https:\/\/onevintagewholesale.com\/de\/produkt\/ralph-lauren-polos\/","title":{"rendered":"Ralph Lauren Polos Vintage und Second Hand"},"content":{"rendered":"<h3>Ralph Lauren Polos mit kurzen<\/h3>\n<p>In dem Bundle finden Sie eine Auswahl verschiedener Ralph Lauren Polos. Die Polos im Bundle gibt es in verschiedenen Stilen und Farben. Wir sorgen immer daf\u00fcr, dass Ihre Bestellung eine einzigartige Mischung ist und verschiedene Kleidungsst\u00fccke aus unserer Kollektion enth\u00e4lt.<\/p>\n<p>Das B\u00fcndel enth\u00e4lt eine Vielzahl verschiedener Gr\u00f6\u00dfen.<\/p>\n<p>Die Fotos sind nur eine Demonstration der Artikel, die Sie erhalten k\u00f6nnen, Sie werden \u00e4hnliche Artikel aus unserem Sortiment erhalten.<\/p>\n<p>Die Kleidungsst\u00fccke sind Vintage und Secondhand. Die Artikel k\u00f6nnen daher Flecken enthalten. Diese Flecken sind in der Regel immer leicht in der Waschmaschine zu entfernen. Wir empfehlen daher, die Artikel sofort nach Erhalt zu waschen.<\/p>\n<p>Die Kleidungsst\u00fccke haben im Allgemeinen keine M\u00e4ngel (G\u00fcteklasse A). Beachten Sie jedoch, dass es 5-10% der Artikel Grade B Artikel (Artikel mit M\u00e4ngeln) geben kann. Zur G\u00fcteklasse B geh\u00f6ren Artikel mit kleinen L\u00f6chern oder Flecken, die nach dem Waschen nicht mehr herausgehen.<\/p>","protected":false},"excerpt":{"rendered":"<p>Entdecken Sie dieses B\u00fcndel von Vintage- und Secondhand-Ralph-Lauren-Kurzarmpolos. Jede Box enth\u00e4lt eine einzigartige Mischung aus Farben, Stilen und Gr\u00f6\u00dfen - ideal f\u00fcr Wiederverk\u00e4ufer, Vintage-L\u00e4den und Ralph Lauren-Fans. Die meisten Artikel sind Qualit\u00e4t A, ein kleiner Prozentsatz ist B-Qualit\u00e4t.<\/p>","protected":false},"featured_media":473,"comment_status":"open","ping_status":"closed","template":"","meta":{"inline_featured_image":false},"product_brand":[38],"product_cat":[47],"product_tag":[],"class_list":{"0":"post-96","1":"product","2":"type-product","3":"status-publish","4":"has-post-thumbnail","6":"product_brand-ralph-lauren","7":"product_cat-bundels","9":"first","10":"outofstock","11":"shipping-taxable","12":"purchasable","13":"product-type-variable"},"yoast_head":"<!-- This site is optimized with the Yoast SEO plugin v26.9 - https:\/\/yoast.com\/product\/yoast-seo-wordpress\/ -->\n<title>Ralph Lauren Polo&#039;s vintage en tweedehands - Onevintage Wholesale<\/title>\n<meta name=\"description\" content=\"Ontvang 25 vintage Ralph Lauren polo\u2019s met korte mouwen in diverse kleuren en stijlen. Perfecte mix voor resellers, winkels en liefhebbers!\" \/>\n<meta name=\"robots\" content=\"index, follow, max-snippet:-1, max-image-preview:large, max-video-preview:-1\" \/>\n<link rel=\"canonical\" href=\"https:\/\/onevintagewholesale.com\/de\/produkt\/ralph-lauren-polos\/\" \/>\n<meta property=\"og:locale\" content=\"de_DE\" \/>\n<meta property=\"og:type\" content=\"article\" \/>\n<meta property=\"og:title\" content=\"Ralph Lauren Polo&#039;s vintage en tweedehands - Onevintage Wholesale\" \/>\n<meta property=\"og:description\" content=\"Ontvang 25 vintage Ralph Lauren polo\u2019s met korte mouwen in diverse kleuren en stijlen. Perfecte mix voor resellers, winkels en liefhebbers!\" \/>\n<meta property=\"og:url\" content=\"https:\/\/onevintagewholesale.com\/de\/produkt\/ralph-lauren-polos\/\" \/>\n<meta property=\"og:site_name\" content=\"Onevintage Wholesale\" \/>\n<meta property=\"article:modified_time\" content=\"2026-02-02T21:00:51+00:00\" \/>\n<meta property=\"og:image\" content=\"https:\/\/onevintagewholesale.com\/wp-content\/uploads\/2025\/09\/IMG_6630.jpg\" \/>\n\t<meta property=\"og:image:width\" content=\"2000\" \/>\n\t<meta property=\"og:image:height\" content=\"2000\" \/>\n\t<meta property=\"og:image:type\" content=\"image\/jpeg\" \/>\n<meta name=\"twitter:card\" content=\"summary_large_image\" \/>\n<meta name=\"twitter:label1\" content=\"Gesch\u00e4tzte Lesezeit\" \/>\n\t<meta name=\"twitter:data1\" content=\"2\u00a0Minuten\" \/>\n<script type=\"application\/ld+json\" class=\"yoast-schema-graph\">{\"@context\":\"https:\/\/schema.org\",\"@graph\":[{\"@type\":\"WebPage\",\"@id\":\"https:\/\/onevintagewholesale.com\/product\/ralph-lauren-polos\/\",\"url\":\"https:\/\/onevintagewholesale.com\/product\/ralph-lauren-polos\/\",\"name\":\"Ralph Lauren Polo's vintage en tweedehands - Onevintage Wholesale\",\"isPartOf\":{\"@id\":\"https:\/\/onevintagewholesale.com\/#website\"},\"primaryImageOfPage\":{\"@id\":\"https:\/\/onevintagewholesale.com\/product\/ralph-lauren-polos\/#primaryimage\"},\"image\":{\"@id\":\"https:\/\/onevintagewholesale.com\/product\/ralph-lauren-polos\/#primaryimage\"},\"thumbnailUrl\":\"https:\/\/onevintagewholesale.com\/wp-content\/uploads\/2025\/09\/IMG_6630.jpg\",\"datePublished\":\"2025-09-22T08:50:33+00:00\",\"dateModified\":\"2026-02-02T21:00:51+00:00\",\"description\":\"Ontvang 25 vintage Ralph Lauren polo\u2019s met korte mouwen in diverse kleuren en stijlen. Perfecte mix voor resellers, winkels en liefhebbers!\",\"breadcrumb\":{\"@id\":\"https:\/\/onevintagewholesale.com\/product\/ralph-lauren-polos\/#breadcrumb\"},\"inLanguage\":\"de\",\"potentialAction\":[{\"@type\":\"ReadAction\",\"target\":[\"https:\/\/onevintagewholesale.com\/product\/ralph-lauren-polos\/\"]}]},{\"@type\":\"ImageObject\",\"inLanguage\":\"de\",\"@id\":\"https:\/\/onevintagewholesale.com\/product\/ralph-lauren-polos\/#primaryimage\",\"url\":\"https:\/\/onevintagewholesale.com\/wp-content\/uploads\/2025\/09\/IMG_6630.jpg\",\"contentUrl\":\"https:\/\/onevintagewholesale.com\/wp-content\/uploads\/2025\/09\/IMG_6630.jpg\",\"width\":2000,\"height\":2000,\"caption\":\"Ralph Lauren polo korte mouw\"},{\"@type\":\"BreadcrumbList\",\"@id\":\"https:\/\/onevintagewholesale.com\/product\/ralph-lauren-polos\/#breadcrumb\",\"itemListElement\":[{\"@type\":\"ListItem\",\"position\":1,\"name\":\"Home\",\"item\":\"https:\/\/onevintagewholesale.com\/\"},{\"@type\":\"ListItem\",\"position\":2,\"name\":\"Bundels\",\"item\":\"https:\/\/onevintagewholesale.com\/bundels\/\"},{\"@type\":\"ListItem\",\"position\":3,\"name\":\"Ralph Lauren Polo&#8217;s vintage en tweedehands\"}]},{\"@type\":\"WebSite\",\"@id\":\"https:\/\/onevintagewholesale.com\/#website\",\"url\":\"https:\/\/onevintagewholesale.com\/\",\"name\":\"Onevintage Wholesale\",\"description\":\"Een vintage en tweedehands kleding groothandel.\",\"potentialAction\":[{\"@type\":\"SearchAction\",\"target\":{\"@type\":\"EntryPoint\",\"urlTemplate\":\"https:\/\/onevintagewholesale.com\/?s={search_term_string}\"},\"query-input\":{\"@type\":\"PropertyValueSpecification\",\"valueRequired\":true,\"valueName\":\"search_term_string\"}}],\"inLanguage\":\"de\"}]}<\/script>\n<!-- \/ Yoast SEO plugin. -->","yoast_head_json":{"title":"Ralph Lauren Polo's vintage en tweedehands - Onevintage Wholesale","description":"Ontvang 25 vintage Ralph Lauren polo\u2019s met korte mouwen in diverse kleuren en stijlen. Perfecte mix voor resellers, winkels en liefhebbers!","robots":{"index":"index","follow":"follow","max-snippet":"max-snippet:-1","max-image-preview":"max-image-preview:large","max-video-preview":"max-video-preview:-1"},"canonical":"https:\/\/onevintagewholesale.com\/de\/produkt\/ralph-lauren-polos\/","og_locale":"de_DE","og_type":"article","og_title":"Ralph Lauren Polo's vintage en tweedehands - Onevintage Wholesale","og_description":"Ontvang 25 vintage Ralph Lauren polo\u2019s met korte mouwen in diverse kleuren en stijlen. Perfecte mix voor resellers, winkels en liefhebbers!","og_url":"https:\/\/onevintagewholesale.com\/de\/produkt\/ralph-lauren-polos\/","og_site_name":"Onevintage Wholesale","article_modified_time":"2026-02-02T21:00:51+00:00","og_image":[{"width":2000,"height":2000,"url":"https:\/\/onevintagewholesale.com\/wp-content\/uploads\/2025\/09\/IMG_6630.jpg","type":"image\/jpeg"}],"twitter_card":"summary_large_image","twitter_misc":{"Gesch\u00e4tzte Lesezeit":"2\u00a0Minuten"},"schema":{"@context":"https:\/\/schema.org","@graph":[{"@type":"WebPage","@id":"https:\/\/onevintagewholesale.com\/product\/ralph-lauren-polos\/","url":"https:\/\/onevintagewholesale.com\/product\/ralph-lauren-polos\/","name":"Ralph Lauren Polo's vintage en tweedehands - Onevintage Wholesale","isPartOf":{"@id":"https:\/\/onevintagewholesale.com\/#website"},"primaryImageOfPage":{"@id":"https:\/\/onevintagewholesale.com\/product\/ralph-lauren-polos\/#primaryimage"},"image":{"@id":"https:\/\/onevintagewholesale.com\/product\/ralph-lauren-polos\/#primaryimage"},"thumbnailUrl":"https:\/\/onevintagewholesale.com\/wp-content\/uploads\/2025\/09\/IMG_6630.jpg","datePublished":"2025-09-22T08:50:33+00:00","dateModified":"2026-02-02T21:00:51+00:00","description":"Ontvang 25 vintage Ralph Lauren polo\u2019s met korte mouwen in diverse kleuren en stijlen. Perfecte mix voor resellers, winkels en liefhebbers!","breadcrumb":{"@id":"https:\/\/onevintagewholesale.com\/product\/ralph-lauren-polos\/#breadcrumb"},"inLanguage":"de","potentialAction":[{"@type":"ReadAction","target":["https:\/\/onevintagewholesale.com\/product\/ralph-lauren-polos\/"]}]},{"@type":"ImageObject","inLanguage":"de","@id":"https:\/\/onevintagewholesale.com\/product\/ralph-lauren-polos\/#primaryimage","url":"https:\/\/onevintagewholesale.com\/wp-content\/uploads\/2025\/09\/IMG_6630.jpg","contentUrl":"https:\/\/onevintagewholesale.com\/wp-content\/uploads\/2025\/09\/IMG_6630.jpg","width":2000,"height":2000,"caption":"Ralph Lauren polo korte mouw"},{"@type":"BreadcrumbList","@id":"https:\/\/onevintagewholesale.com\/product\/ralph-lauren-polos\/#breadcrumb","itemListElement":[{"@type":"ListItem","position":1,"name":"Home","item":"https:\/\/onevintagewholesale.com\/"},{"@type":"ListItem","position":2,"name":"Bundels","item":"https:\/\/onevintagewholesale.com\/bundels\/"},{"@type":"ListItem","position":3,"name":"Ralph Lauren Polo&#8217;s vintage en tweedehands"}]},{"@type":"WebSite","@id":"https:\/\/onevintagewholesale.com\/#website","url":"https:\/\/onevintagewholesale.com\/","name":"Onevintage-Gro\u00dfhandel","description":"Ein Gro\u00dfh\u00e4ndler f\u00fcr Vintage- und Secondhand-Kleidung.","potentialAction":[{"@type":"SearchAction","target":{"@type":"EntryPoint","urlTemplate":"https:\/\/onevintagewholesale.com\/?s={search_term_string}"},"query-input":{"@type":"PropertyValueSpecification","valueRequired":true,"valueName":"search_term_string"}}],"inLanguage":"de"}]}},"jetpack_sharing_enabled":true,"_links":{"self":[{"href":"https:\/\/onevintagewholesale.com\/de\/wp-json\/wp\/v2\/product\/96","targetHints":{"allow":["GET"]}}],"collection":[{"href":"https:\/\/onevintagewholesale.com\/de\/wp-json\/wp\/v2\/product"}],"about":[{"href":"https:\/\/onevintagewholesale.com\/de\/wp-json\/wp\/v2\/types\/product"}],"replies":[{"embeddable":true,"href":"https:\/\/onevintagewholesale.com\/de\/wp-json\/wp\/v2\/comments?post=96"}],"wp:featuredmedia":[{"embeddable":true,"href":"https:\/\/onevintagewholesale.com\/de\/wp-json\/wp\/v2\/media\/473"}],"wp:attachment":[{"href":"https:\/\/onevintagewholesale.com\/de\/wp-json\/wp\/v2\/media?parent=96"}],"wp:term":[{"taxonomy":"product_brand","embeddable":true,"href":"https:\/\/onevintagewholesale.com\/de\/wp-json\/wp\/v2\/product_brand?post=96"},{"taxonomy":"product_cat","embeddable":true,"href":"https:\/\/onevintagewholesale.com\/de\/wp-json\/wp\/v2\/product_cat?post=96"},{"taxonomy":"product_tag","embeddable":true,"href":"https:\/\/onevintagewholesale.com\/de\/wp-json\/wp\/v2\/product_tag?post=96"}],"curies":[{"name":"wp","href":"https:\/\/api.w.org\/{rel}","templated":true}]}}